{"id":1595,"date":"2024-01-11T16:16:07","date_gmt":"2024-01-11T16:16:07","guid":{"rendered":"https:\/\/cactustour.com\/cactustour\/?page_id=1595"},"modified":"2025-09-29T11:36:22","modified_gmt":"2025-09-29T11:36:22","slug":"voyage-individuel","status":"publish","type":"page","link":"https:\/\/cactustour.com\/cactustour\/voyage-individuel\/","title":{"rendered":"Voyage Individuel"},"content":{"rendered":"\t\t<div data-elementor-type=\"wp-page\" data-elementor-id=\"1595\" class=\"elementor elementor-1595\" data-elementor-post-type=\"page\">\n\t\t\t\t<div data-dce-background-image-url=\"https:\/\/cactustour.com\/cactustour\/wp-content\/uploads\/2023\/12\/shutterstock_735719860-scaled.jpg\" class=\"elementor-element elementor-element-b282511 e-flex e-con-boxed e-con e-parent\" data-id=\"b282511\" data-element_type=\"container\" data-e-type=\"container\" data-settings=\"{&quot;background_background&quot;:&quot;classic&quot;}\">\n\t\t\t\t\t<div class=\"e-con-inner\">\n\t\t<div class=\"elementor-element elementor-element-97ab310 e-con-full e-flex e-con e-child\" data-id=\"97ab310\" data-element_type=\"container\" data-e-type=\"container\">\n\t\t\t\t<div class=\"elementor-element elementor-element-1b81f47 elementor-widget elementor-widget-heading\" data-id=\"1b81f47\" data-element_type=\"widget\" data-e-type=\"widget\" data-widget_type=\"heading.default\">\n\t\t\t\t<div class=\"elementor-widget-container\">\n\t\t\t\t\t<h2 class=\"elementor-heading-title elementor-size-default\">VOYAGE INDIVIDUEL\u200b<\/h2>\t\t\t\t<\/div>\n\t\t\t\t<\/div>\n\t\t\t\t<div class=\"elementor-element elementor-element-e09d36d elementor-widget-divider--view-line elementor-widget elementor-widget-divider\" data-id=\"e09d36d\" data-element_type=\"widget\" data-e-type=\"widget\" data-widget_type=\"divider.default\">\n\t\t\t\t<div class=\"elementor-widget-container\">\n\t\t\t\t\t\t\t<div class=\"elementor-divider\">\n\t\t\t<span class=\"elementor-divider-separator\">\n\t\t\t\t\t\t<\/span>\n\t\t<\/div>\n\t\t\t\t\t\t<\/div>\n\t\t\t\t<\/div>\n\t\t\t\t<div class=\"elementor-element elementor-element-e63e6e3 elementor-widget elementor-widget-text-editor\" data-id=\"e63e6e3\" data-element_type=\"widget\" data-e-type=\"widget\" data-widget_type=\"text-editor.default\">\n\t\t\t\t<div class=\"elementor-widget-container\">\n\t\t\t\t\t\t\t\t\t<p><strong class=\"subtitle\">Nos Conseillers Expert avec vous dans la cr\u00e9ation de votre voyage<\/strong><\/p>\t\t\t\t\t\t\t\t<\/div>\n\t\t\t\t<\/div>\n\t\t\t\t<\/div>\n\t\t\t\t\t<\/div>\n\t\t\t\t<\/div>\n\t\t<div class=\"elementor-element elementor-element-cc9ce49 e-flex e-con-boxed e-con e-parent\" data-id=\"cc9ce49\" data-element_type=\"container\" data-e-type=\"container\">\n\t\t\t\t\t<div class=\"e-con-inner\">\n\t\t<div class=\"elementor-element elementor-element-7b7093b e-flex e-con-boxed e-con e-child\" data-id=\"7b7093b\" data-element_type=\"container\" data-e-type=\"container\">\n\t\t\t\t\t<div class=\"e-con-inner\">\n\t\t\t\t<div class=\"elementor-element elementor-element-89b2f53 elementor-widget elementor-widget-text-editor\" data-id=\"89b2f53\" data-element_type=\"widget\" data-e-type=\"widget\" data-widget_type=\"text-editor.default\">\n\t\t\t\t<div class=\"elementor-widget-container\">\n\t\t\t\t\t\t\t\t\t<h2 class=\"typo3-heading-2\"><span style=\"color: darkorange;\">Faire vivre l\u00b4esprit du voyage<br \/><\/span><\/h2><p><big><span style=\"text-decoration: underline;\"><span style=\"color: darkgreen; text-decoration: underline;\"><strong>Cactus<\/strong><\/span><span style=\"color: darkgrey; text-decoration: underline;\"><strong>Tour<\/strong><\/span><\/span> combine vos r\u00eaves avec la r\u00e9alit\u00e9 en dessinant \u00e0 votre mesure vos circuits individuels \u00ab auto tour \u00bb et vos s\u00e9jours guid\u00e9s!<\/big><br \/><big>La philosophie du voyage pr\u00f4nant l\u00b4ind\u00e9pendance, la libert\u00e9, l\u00b4itin\u00e9rance, les parcours hors des sentiers battus et le go\u00fbt d\u2019exp\u00e9rimenter par soi-m\u00eame, a donn\u00e9 naissance aux voyages FIT : \u00abFree Independant Traveler\u00bb.<\/big><br \/>Cette\u00a0<strong>prestation personnalis\u00e9e<\/strong>\u00a0se construit \u00e0 l\u00b4\u00e9coute totale des attentes du client et r\u00e9pond au souhait principal de passer des\u00a0<strong>vacances\u00a0r\u00e9ussies,\u00a0seul, en couple, en famille ou en compagnie d\u00b4un petit groupe. Ils s\u00b4organisent toute l\u00b4ann\u00e9e, sans contrainte de temps et sont ouverts \u00e0 toutes les\u00a0originalit\u00e9s!<\/strong><\/p><p class=\"align-justify\">Pour ce faire, Cactus Tour propose\u00a0<strong>diff\u00e9rents s\u00e9jours \u00e0 la carte<\/strong>\u00a0dont le grand point commun est la\u00a0<strong>d\u00e9couverte<\/strong>. Notre\u00a0charte du voyageur durable\u00a0vous invite aussi \u00e0 participer lors de votre voyage, mais sachez que\u00a0<strong>chaque composante de votre parcours contribue au d\u00e9veloppement local<\/strong>\u00a0tout en offrant la d\u00e9couverte respectueuse de la nature, des sites et des Hommes et une s\u00e9lection de prestataires soucieux de l\u00b4environnement et des populations locale<\/p>\t\t\t\t\t\t\t\t<\/div>\n\t\t\t\t<\/div>\n\t\t\t\t\t<\/div>\n\t\t\t\t<\/div>\n\t\t\t\t\t<\/div>\n\t\t\t\t<\/div>\n\t\t<div class=\"elementor-element elementor-element-e87de85 e-flex e-con-boxed e-con e-parent\" data-id=\"e87de85\" data-element_type=\"container\" data-e-type=\"container\">\n\t\t\t\t\t<div class=\"e-con-inner\">\n\t\t<div class=\"elementor-element elementor-element-007b9b4 e-flex e-con-boxed e-con e-child\" data-id=\"007b9b4\" data-element_type=\"container\" data-e-type=\"container\">\n\t\t\t\t\t<div class=\"e-con-inner\">\n\t\t\t\t<div class=\"elementor-element elementor-element-9e34aee elementor-widget elementor-widget-text-editor\" data-id=\"9e34aee\" data-element_type=\"widget\" data-e-type=\"widget\" data-widget_type=\"text-editor.default\">\n\t\t\t\t<div class=\"elementor-widget-container\">\n\t\t\t\t\t\t\t\t\t<h2 class=\"typo3-heading-2\">Les circuits individuels \u00ab Auto tour \u00bb<\/h2>\n<big>L\u00b4Autotour est<strong>\u00a0l<\/strong><strong>a formule \u00ab aventure et libert\u00e9 \u00bb<\/strong><\/big>. Elle comprend : 1 v\u00e9hicule + 1 itin\u00e9raire personnalis\u00e9 + des nuits d\u2019h\u00f4tels ; l\u00b4accueil est en Fran\u00e7ais, des documents de voyage et des conseils, le suivi en direct de votre voyage par l\u2019\u00e9quipe. C\u2019est une Formule qui vous permet de\u00a0<strong>visiter le pays comme vous l\u00b4entendez<\/strong><strong>\u00a0!<\/strong>\u00a0Ainsi, ma\u00eetre de votre v\u00e9hicule privatis\u00e9, vous voyagez \u00e0 votre rythme, seul ou en petit groupe. Votre parcours est ponctu\u00e9 par vos points d\u00b4int\u00e9r\u00eat et d\u00b4agr\u00e9ables nuits l\u00e0 o\u00f9 vous l\u00b4avez d\u00e9cid\u00e9\n<p class=\"align-justify\"><strong>Votre conseiller communique continuellement avec vous<\/strong>\u00a0afin d\u00b4\u00e9laborer votre s\u00e9jour. Vous d\u00e9finissez ensemble votre trajet, le type de\u00a0transport\u00a0ad\u00e9quat ; nous vous offrons des conseils sur le choix de vos\u00a0activit\u00e9s\u00a0et des recommandations quant \u00e0 votre\u00a0logement\nLorsque vous validez votre\u00a0 s\u00e9jour \u00ab Auto tour \u00bb, nous effectuons toutes les r\u00e9servations et nous vous envoyons la confirmation. Nous vous remettons \u00e0 votre arriv\u00e9e\u00a0<strong>le carnet de route de votre itin\u00e9raire<\/strong>, qui est accompagn\u00e9 de\u00a0<strong>cartes d\u00e9taill\u00e9es<\/strong>\u00a0et\u00a0<strong>votre conseiller est en contact permanent et direct<\/strong>\u00a0pour assurer le bon d\u00e9roulement de votre s\u00e9jour. Nous pouvons aussi\u00a0<strong>ajouter des\u00a0options \u00e0 la carte<\/strong>\u00a0(chauffeur, transferts priv\u00e9s) et cr\u00e9er encore plus d\u00b4originalit\u00e9 et de surprise\u2026 \u00a0\u00a0\u00a0<span style=\"text-decoration: underline;\"><a href=\"mailto: info@cactustour.com\"><strong> <span style=\"color: darkorange; text-decoration: underline;\">Consultez-nous\u00a0!<\/span><\/strong><\/a><\/span><\/p>\t\t\t\t\t\t\t\t<\/div>\n\t\t\t\t<\/div>\n\t\t\t\t\t<\/div>\n\t\t\t\t<\/div>\n\t\t\t\t\t<\/div>\n\t\t\t\t<\/div>\n\t\t<div class=\"elementor-element elementor-element-e5e4a23 e-flex e-con-boxed e-con e-parent\" data-id=\"e5e4a23\" data-element_type=\"container\" data-e-type=\"container\">\n\t\t\t\t\t<div class=\"e-con-inner\">\n\t\t<div class=\"elementor-element elementor-element-e59118c e-flex e-con-boxed e-con e-child\" data-id=\"e59118c\" data-element_type=\"container\" data-e-type=\"container\">\n\t\t\t\t\t<div class=\"e-con-inner\">\n\t\t\t\t<div class=\"elementor-element elementor-element-98276f3 elementor-widget elementor-widget-text-editor\" data-id=\"98276f3\" data-element_type=\"widget\" data-e-type=\"widget\" data-widget_type=\"text-editor.default\">\n\t\t\t\t<div class=\"elementor-widget-container\">\n\t\t\t\t\t\t\t\t\t<h2 class=\"typo3-heading-2\">La prestation FIT que nous vous proposons inclut :<\/h2>\nL\u00b4\u00e9coute de vos besoins et nos recommandations\nLa d\u00e9finition de votre itin\u00e9raire personnalis\u00e9 et document\u00e9\nLa r\u00e9servation d\u00b4h\u00e9bergements \u00e0 votre image\nL\u00b4accompagnement d\u00b4urgence tout au long de votre s\u00e9jour\nLa possibilit\u00e9 d\u00b4inclure \u00e0 la carte des activit\u00e9s, des repas, des transferts et locations de divers v\u00e9hicules (4\u00d74, minibus, moto\u2026).\nUn choix de prestataires aux actions durables\n<p class=\"align-justify\">En\u00a0nous contactant\u00a0vous \u00eates entre les mains d\u2019un\u00a0<strong>agent privil\u00e9gi\u00e9<\/strong>. Toute l\u00b4\u00e9quipe <span style=\"color: darkgreen;\"><strong>Cactus<\/strong><\/span> <span style=\"color: darkgrey;\"><strong>Tour<\/strong><\/span> est alors\u00a0<strong>\u00e0 votre disposition pour concr\u00e9tiser vos id\u00e9es<\/strong><\/p>\t\t\t\t\t\t\t\t<\/div>\n\t\t\t\t<\/div>\n\t\t\t\t\t<\/div>\n\t\t\t\t<\/div>\n\t\t\t\t\t<\/div>\n\t\t\t\t<\/div>\n\t\t<div class=\"elementor-element elementor-element-8d8d232 e-flex e-con-boxed e-con e-parent\" data-id=\"8d8d232\" data-element_type=\"container\" data-e-type=\"container\">\n\t\t\t\t\t<div class=\"e-con-inner\">\n\t\t<div class=\"elementor-element elementor-element-f9b134b e-flex e-con-boxed e-con e-child\" data-id=\"f9b134b\" data-element_type=\"container\" data-e-type=\"container\">\n\t\t\t\t\t<div class=\"e-con-inner\">\n\t\t\t\t<div class=\"elementor-element elementor-element-9c3ecbd elementor-widget elementor-widget-text-editor\" data-id=\"9c3ecbd\" data-element_type=\"widget\" data-e-type=\"widget\" data-widget_type=\"text-editor.default\">\n\t\t\t\t<div class=\"elementor-widget-container\">\n\t\t\t\t\t\t\t\t\t<h2 class=\"typo3-heading-2\">Les s\u00e9jours guid\u00e9s<\/h2>\nNous offrons deux types de s\u00e9jours accompagn\u00e9s par un guide\n<p class=\"align-justify\"><big><strong>La formule \u00ab connaissances et libert\u00e9 \u00bb<\/strong>\u00a0<\/big>vous propose de suivre le parcours de\u00a0<strong>vos envies<\/strong>, sans avoir \u00e0 vous pr\u00e9occuper de la logistique, et d\u00b4accro\u00eetre vos connaissances. Nous d\u00e9finissons donc ensemble votre\u00a0<strong>itin\u00e9raire\u00a0<\/strong>et mettons \u00e0 votre disposition un <strong>chauffeur\u00a0<\/strong>et un\u00a0<strong>guide bilingue<\/strong>. Votre <strong>voyage personnalis\u00e9<\/strong> vous m\u00e8ne sur les chemins des d\u00e9couvertes dont vous r\u00eavez : observation des animaux les plus discrets des jungles et for\u00eats, \u00e9tude des bijoux de la flore costaricaine, immersion dans la culture locale, rencontre avec l&#8217;architecture coloniale et les vestiges pr\u00e9colombiens\u2026 Les explications, conseils et astuces de votre expert polyglotte vous permettront de vivre une exp\u00e9rience unique, enrichissante et relaxante, et ce que vous soyez seul ou en petit groupe&#8230;\u00a0\u00a0<span style=\"text-decoration: underline;\"><a href=\"mailto: info@cactustour.com\"><strong> <span style=\"color: darkgreen; text-decoration: underline;\">Consultez-nous\u00a0!<\/span><\/strong><\/a><\/span><\/p>\n<p class=\"align-justify\"><big><strong>La formule \u00ab d\u00e9couverte et convivialit\u00e9 \u00bb<\/strong><\/big>\u00a0est commun\u00e9ment appel\u00e9 GIR. C\u00b4est un s\u00e9jour rassemblant\u00a0<strong>2 \u00e0 14 particuliers<\/strong>, qui initialement ne se connaissent pas. Le concept vise \u00e0 voyager de mani\u00e8re plus rassurante (car accompagn\u00e9), tout en\u00a0<strong>multipliant les rencontres et les d\u00e9couvertes<\/strong>. Le parcours, les\u00a0<strong>nuit\u00e9es\u00a0<\/strong>et les \u2021activit\u00e9s\u2021 sont d\u00e9finies par avance. Vous sillonnez le pays \u00e0 l\u00b4aide d\u00b4un\u00a0<strong>minibus<\/strong>, de\u00a0<strong>transferts\u00a0<\/strong><strong>privatis\u00e9s\u00a0<\/strong>et d\u00b4un\u00a0<strong>guide\u00a0<\/strong><strong>bilingue<\/strong>. Cette offre est organis\u00e9e annuellement, \u00e0 des dates fixes et en partenariat avec votre agence de voyage ou tour op\u00e9rateur local. Ces s\u00e9jours guid\u00e9s, d\u00b4<strong>une dur\u00e9e de 8 ou 10 jours<\/strong>, sont vari\u00e9s et peuvent \u00eatre agr\u00e9ment\u00e9s, en fin du parcours, d\u2019un circuit individuel \u00ab Auto tour \u00bb, d\u00b4une formule \u00ab connaissance et libert\u00e9 \u00bb ou d\u00b4une extension baln\u00e9aire avec transferts organis\u00e9s.\u00a0<span style=\"text-decoration: underline;\"><a href=\"mailto: info@cactustour.com\"><strong> <span style=\"color: darkorange; text-decoration: underline;\">Renseignez-vous\u00a0!<\/span><\/strong><\/a><\/span><\/p>\t\t\t\t\t\t\t\t<\/div>\n\t\t\t\t<\/div>\n\t\t\t\t\t<\/div>\n\t\t\t\t<\/div>\n\t\t\t\t\t<\/div>\n\t\t\t\t<\/div>\n\t\t<div class=\"elementor-element elementor-element-a209e26 e-flex e-con-boxed e-con e-parent\" data-id=\"a209e26\" data-element_type=\"container\" data-e-type=\"container\">\n\t\t\t\t\t<div class=\"e-con-inner\">\n\t\t<div class=\"elementor-element elementor-element-a63db41 e-flex e-con-boxed e-con e-child\" data-id=\"a63db41\" data-element_type=\"container\" data-e-type=\"container\">\n\t\t\t\t\t<div class=\"e-con-inner\">\n\t\t\t\t<div class=\"elementor-element elementor-element-35c9466 elementor-widget elementor-widget-text-editor\" data-id=\"35c9466\" data-element_type=\"widget\" data-e-type=\"widget\" data-widget_type=\"text-editor.default\">\n\t\t\t\t<div class=\"elementor-widget-container\">\n\t\t\t\t\t\t\t\t\t<h2 class=\"typo3-heading-2\">Partez \u00e0 la D\u00e9couverte de l\u2019Am\u00e9rique Centrale<\/h2><p class=\"align-justify\">En\u00a0nous contactant\u00a0vous \u00eates entre les mains d\u2019un\u00a0<strong>agent privil\u00e9gi\u00e9<\/strong>. Toute l\u00b4\u00e9quipe Cactus Tour est alors\u00a0<strong>\u00e0 votre disposition pour concr\u00e9tiser vos id\u00e9es<\/strong><\/p>\t\t\t\t\t\t\t\t<\/div>\n\t\t\t\t<\/div>\n\t\t\t\t\t<\/div>\n\t\t\t\t<\/div>\n\t\t\t\t\t<\/div>\n\t\t\t\t<\/div>\n\t\t<div class=\"elementor-element elementor-element-20849a9 e-flex e-con-boxed e-con e-parent\" data-id=\"20849a9\" data-element_type=\"container\" data-e-type=\"container\">\n\t\t\t\t\t<div class=\"e-con-inner\">\n\t\t\t\t<div class=\"elementor-element elementor-element-a15bd1b elementor-widget elementor-widget-gallery\" data-id=\"a15bd1b\" data-element_type=\"widget\" data-e-type=\"widget\" data-settings=\"{&quot;gallery_layout&quot;:&quot;masonry&quot;,&quot;columns&quot;:3,&quot;gap&quot;:{&quot;unit&quot;:&quot;px&quot;,&quot;size&quot;:3,&quot;sizes&quot;:[]},&quot;lazyload&quot;:&quot;yes&quot;,&quot;columns_tablet&quot;:2,&quot;columns_mobile&quot;:1,&quot;gap_tablet&quot;:{&quot;unit&quot;:&quot;px&quot;,&quot;size&quot;:10,&quot;sizes&quot;:[]},&quot;gap_mobile&quot;:{&quot;unit&quot;:&quot;px&quot;,&quot;size&quot;:10,&quot;sizes&quot;:[]},&quot;link_to&quot;:&quot;file&quot;,&quot;overlay_background&quot;:&quot;yes&quot;,&quot;content_hover_animation&quot;:&quot;fade-in&quot;}\" data-widget_type=\"gallery.default\">\n\t\t\t\t<div class=\"elementor-widget-container\">\n\t\t\t\t\t\t\t<div class=\"elementor-gallery__container\">\n\t\t\t\t\t\t\t<a class=\"e-gallery-item elementor-gallery-item elementor-animated-content\" href=\"https:\/\/cactustour.com\/cactustour\/wp-content\/uploads\/2024\/02\/fete-natioale-enfant-people-73.jpg\" data-elementor-open-lightbox=\"yes\" data-elementor-lightbox-slideshow=\"a15bd1b\" data-elementor-lightbox-title=\"KONICA MINOLTA DIGITAL CAMERA\" data-e-action-hash=\"#elementor-action%3Aaction%3Dlightbox%26settings%3DeyJpZCI6MTkzMiwidXJsIjoiaHR0cHM6XC9cL2NhY3R1c3RvdXIuY29tXC9jYWN0dXN0b3VyXC93cC1jb250ZW50XC91cGxvYWRzXC8yMDI0XC8wMlwvZmV0ZS1uYXRpb2FsZS1lbmZhbnQtcGVvcGxlLTczLmpwZyIsInNsaWRlc2hvdyI6ImExNWJkMWIifQ%3D%3D\">\n\t\t\t\t\t<div class=\"e-gallery-image elementor-gallery-item__image\" data-thumbnail=\"https:\/\/cactustour.com\/cactustour\/wp-content\/uploads\/2024\/02\/fete-natioale-enfant-people-73.jpg\" data-width=\"640\" data-height=\"480\" aria-label=\"\" role=\"img\" ><\/div>\n\t\t\t\t\t\t\t\t\t\t\t<div class=\"elementor-gallery-item__overlay\"><\/div>\n\t\t\t\t\t\t\t\t\t\t\t\t\t\t<\/a>\n\t\t\t\t\t\t\t<a class=\"e-gallery-item elementor-gallery-item elementor-animated-content\" href=\"https:\/\/cactustour.com\/cactustour\/wp-content\/uploads\/2024\/02\/Arbre-jaune-5.jpg\" data-elementor-open-lightbox=\"yes\" data-elementor-lightbox-slideshow=\"a15bd1b\" data-elementor-lightbox-title=\"Arbre jaune 5\" data-e-action-hash=\"#elementor-action%3Aaction%3Dlightbox%26settings%3DeyJpZCI6MTg5NywidXJsIjoiaHR0cHM6XC9cL2NhY3R1c3RvdXIuY29tXC9jYWN0dXN0b3VyXC93cC1jb250ZW50XC91cGxvYWRzXC8yMDI0XC8wMlwvQXJicmUtamF1bmUtNS5qcGciLCJzbGlkZXNob3ciOiJhMTViZDFiIn0%3D\">\n\t\t\t\t\t<div class=\"e-gallery-image elementor-gallery-item__image\" data-thumbnail=\"https:\/\/cactustour.com\/cactustour\/wp-content\/uploads\/2024\/02\/Arbre-jaune-5.jpg\" data-width=\"640\" data-height=\"480\" aria-label=\"\" role=\"img\" ><\/div>\n\t\t\t\t\t\t\t\t\t\t\t<div class=\"elementor-gallery-item__overlay\"><\/div>\n\t\t\t\t\t\t\t\t\t\t\t\t\t\t<\/a>\n\t\t\t\t\t\t\t<a class=\"e-gallery-item elementor-gallery-item elementor-animated-content\" href=\"https:\/\/cactustour.com\/cactustour\/wp-content\/uploads\/2024\/02\/volcan_arenal-4.jpg\" data-elementor-open-lightbox=\"yes\" data-elementor-lightbox-slideshow=\"a15bd1b\" data-elementor-lightbox-title=\"OLYMPUS DIGITAL CAMERA\" data-e-action-hash=\"#elementor-action%3Aaction%3Dlightbox%26settings%3DeyJpZCI6MTg4MiwidXJsIjoiaHR0cHM6XC9cL2NhY3R1c3RvdXIuY29tXC9jYWN0dXN0b3VyXC93cC1jb250ZW50XC91cGxvYWRzXC8yMDI0XC8wMlwvdm9sY2FuX2FyZW5hbC00LmpwZyIsInNsaWRlc2hvdyI6ImExNWJkMWIifQ%3D%3D\">\n\t\t\t\t\t<div class=\"e-gallery-image elementor-gallery-item__image\" data-thumbnail=\"https:\/\/cactustour.com\/cactustour\/wp-content\/uploads\/2024\/02\/volcan_arenal-4.jpg\" data-width=\"640\" data-height=\"480\" aria-label=\"\" role=\"img\" ><\/div>\n\t\t\t\t\t\t\t\t\t\t\t<div class=\"elementor-gallery-item__overlay\"><\/div>\n\t\t\t\t\t\t\t\t\t\t\t\t\t\t<\/a>\n\t\t\t\t\t\t\t<a class=\"e-gallery-item elementor-gallery-item elementor-animated-content\" href=\"https:\/\/cactustour.com\/cactustour\/wp-content\/uploads\/2024\/06\/1-Playa-San-Blas1-Grand.jpg\" data-elementor-open-lightbox=\"yes\" data-elementor-lightbox-slideshow=\"a15bd1b\" data-elementor-lightbox-title=\"1 Playa San Blas1 (Grand)\" data-e-action-hash=\"#elementor-action%3Aaction%3Dlightbox%26settings%3DeyJpZCI6MjU3OSwidXJsIjoiaHR0cHM6XC9cL2NhY3R1c3RvdXIuY29tXC9jYWN0dXN0b3VyXC93cC1jb250ZW50XC91cGxvYWRzXC8yMDI0XC8wNlwvMS1QbGF5YS1TYW4tQmxhczEtR3JhbmQuanBnIiwic2xpZGVzaG93IjoiYTE1YmQxYiJ9\">\n\t\t\t\t\t<div class=\"e-gallery-image elementor-gallery-item__image\" data-thumbnail=\"https:\/\/cactustour.com\/cactustour\/wp-content\/uploads\/2024\/06\/1-Playa-San-Blas1-Grand.jpg\" data-width=\"1626\" data-height=\"1080\" aria-label=\"\" role=\"img\" ><\/div>\n\t\t\t\t\t\t\t\t\t\t\t<div class=\"elementor-gallery-item__overlay\"><\/div>\n\t\t\t\t\t\t\t\t\t\t\t\t\t\t<\/a>\n\t\t\t\t\t\t\t<a class=\"e-gallery-item elementor-gallery-item elementor-animated-content\" href=\"https:\/\/cactustour.com\/cactustour\/wp-content\/uploads\/2024\/06\/paresseux-10-Large.jpg\" data-elementor-open-lightbox=\"yes\" data-elementor-lightbox-slideshow=\"a15bd1b\" data-elementor-lightbox-title=\"paresseux (10) (Large)\" data-e-action-hash=\"#elementor-action%3Aaction%3Dlightbox%26settings%3DeyJpZCI6MjU4MCwidXJsIjoiaHR0cHM6XC9cL2NhY3R1c3RvdXIuY29tXC9jYWN0dXN0b3VyXC93cC1jb250ZW50XC91cGxvYWRzXC8yMDI0XC8wNlwvcGFyZXNzZXV4LTEwLUxhcmdlLmpwZyIsInNsaWRlc2hvdyI6ImExNWJkMWIifQ%3D%3D\">\n\t\t\t\t\t<div class=\"e-gallery-image elementor-gallery-item__image\" data-thumbnail=\"https:\/\/cactustour.com\/cactustour\/wp-content\/uploads\/2024\/06\/paresseux-10-Large.jpg\" data-width=\"1440\" data-height=\"1080\" aria-label=\"\" role=\"img\" ><\/div>\n\t\t\t\t\t\t\t\t\t\t\t<div class=\"elementor-gallery-item__overlay\"><\/div>\n\t\t\t\t\t\t\t\t\t\t\t\t\t\t<\/a>\n\t\t\t\t\t\t\t<a class=\"e-gallery-item elementor-gallery-item elementor-animated-content\" href=\"https:\/\/cactustour.com\/cactustour\/wp-content\/uploads\/2024\/06\/La-Recoleccion-Leon-9-Grand.jpg\" data-elementor-open-lightbox=\"yes\" data-elementor-lightbox-slideshow=\"a15bd1b\" data-elementor-lightbox-title=\"La Recolecci\u00f3n Leon (9) (Grand)\" data-e-action-hash=\"#elementor-action%3Aaction%3Dlightbox%26settings%3DeyJpZCI6MjUwNCwidXJsIjoiaHR0cHM6XC9cL2NhY3R1c3RvdXIuY29tXC9jYWN0dXN0b3VyXC93cC1jb250ZW50XC91cGxvYWRzXC8yMDI0XC8wNlwvTGEtUmVjb2xlY2Npb24tTGVvbi05LUdyYW5kLmpwZyIsInNsaWRlc2hvdyI6ImExNWJkMWIifQ%3D%3D\">\n\t\t\t\t\t<div class=\"e-gallery-image elementor-gallery-item__image\" data-thumbnail=\"https:\/\/cactustour.com\/cactustour\/wp-content\/uploads\/2024\/06\/La-Recoleccion-Leon-9-Grand.jpg\" data-width=\"1440\" data-height=\"1080\" aria-label=\"\" role=\"img\" ><\/div>\n\t\t\t\t\t\t\t\t\t\t\t<div class=\"elementor-gallery-item__overlay\"><\/div>\n\t\t\t\t\t\t\t\t\t\t\t\t\t\t<\/a>\n\t\t\t\t\t<\/div>\n\t\t\t\t\t<\/div>\n\t\t\t\t<\/div>\n\t\t\t\t\t<\/div>\n\t\t\t\t<\/div>\n\t\t\t\t<\/div>\n\t\t","protected":false},"excerpt":{"rendered":"<p>VOYAGE INDIVIDUEL\u200b Nos Conseillers Expert avec vous dans la cr\u00e9ation de votre voyage Faire vivre l\u00b4esprit du voyage CactusTour combine vos r\u00eaves avec la r\u00e9alit\u00e9 en dessinant \u00e0 votre mesure vos circuits individuels \u00ab auto tour \u00bb et vos s\u00e9jours guid\u00e9s!La philosophie du voyage pr\u00f4nant l\u00b4ind\u00e9pendance, la libert\u00e9, l\u00b4itin\u00e9rance, les parcours hors des sentiers battus [&hellip;]<\/p>\n","protected":false},"author":1,"featured_media":0,"parent":0,"menu_order":0,"comment_status":"closed","ping_status":"closed","template":"","meta":{"site-sidebar-layout":"no-sidebar","site-content-layout":"page-builder","ast-site-content-layout":"full-width-container","site-content-style":"default","site-sidebar-style":"default","ast-global-header-display":"","ast-banner-title-visibility":"","ast-main-header-display":"","ast-hfb-above-header-display":"","ast-hfb-below-header-display":"","ast-hfb-mobile-header-display":"","site-post-title":"disabled","ast-breadcrumbs-content":"","ast-featured-img":"disabled","footer-sml-layout":"","ast-disable-related-posts":"","theme-transparent-header-meta":"","adv-header-id-meta":"","stick-header-meta":"","header-above-stick-meta":"","header-main-stick-meta":"","header-below-stick-meta":"","astra-migrate-meta-layouts":"set","ast-page-background-enabled":"default","ast-page-background-meta":{"desktop":{"background-color":"","background-image":"","background-repeat":"repeat","background-position":"center center","background-size":"auto","background-attachment":"scroll","background-type":"","background-media":"","overlay-type":"","overlay-color":"","overlay-opacity":"","overlay-gradient":""},"tablet":{"background-color":"","background-image":"","background-repeat":"repeat","background-position":"center center","background-size":"auto","background-attachment":"scroll","background-type":"","background-media":"","overlay-type":"","overlay-color":"","overlay-opacity":"","overlay-gradient":""},"mobile":{"background-color":"","background-image":"","background-repeat":"repeat","background-position":"center center","background-size":"auto","background-attachment":"scroll","background-type":"","background-media":"","overlay-type":"","overlay-color":"","overlay-opacity":"","overlay-gradient":""}},"ast-content-background-meta":{"desktop":{"background-color":"var(--ast-global-color-5)","background-image":"","background-repeat":"repeat","background-position":"center center","background-size":"auto","background-attachment":"scroll","background-type":"","background-media":"","overlay-type":"","overlay-color":"","overlay-opacity":"","overlay-gradient":""},"tablet":{"background-color":"var(--ast-global-color-5)","background-image":"","background-repeat":"repeat","background-position":"center center","background-size":"auto","background-attachment":"scroll","background-type":"","background-media":"","overlay-type":"","overlay-color":"","overlay-opacity":"","overlay-gradient":""},"mobile":{"background-color":"var(--ast-global-color-5)","background-image":"","background-repeat":"repeat","background-position":"center center","background-size":"auto","background-attachment":"scroll","background-type":"","background-media":"","overlay-type":"","overlay-color":"","overlay-opacity":"","overlay-gradient":""}},"footnotes":""},"folder":[67],"class_list":["post-1595","page","type-page","status-publish","hentry"],"_links":{"self":[{"href":"https:\/\/cactustour.com\/cactustour\/wp-json\/wp\/v2\/pages\/1595","targetHints":{"allow":["GET"]}}],"collection":[{"href":"https:\/\/cactustour.com\/cactustour\/wp-json\/wp\/v2\/pages"}],"about":[{"href":"https:\/\/cactustour.com\/cactustour\/wp-json\/wp\/v2\/types\/page"}],"author":[{"embeddable":true,"href":"https:\/\/cactustour.com\/cactustour\/wp-json\/wp\/v2\/users\/1"}],"replies":[{"embeddable":true,"href":"https:\/\/cactustour.com\/cactustour\/wp-json\/wp\/v2\/comments?post=1595"}],"version-history":[{"count":17,"href":"https:\/\/cactustour.com\/cactustour\/wp-json\/wp\/v2\/pages\/1595\/revisions"}],"predecessor-version":[{"id":3968,"href":"https:\/\/cactustour.com\/cactustour\/wp-json\/wp\/v2\/pages\/1595\/revisions\/3968"}],"wp:attachment":[{"href":"https:\/\/cactustour.com\/cactustour\/wp-json\/wp\/v2\/media?parent=1595"}],"wp:term":[{"taxonomy":"folder","embeddable":true,"href":"https:\/\/cactustour.com\/cactustour\/wp-json\/wp\/v2\/folder?post=1595"}],"curies":[{"name":"wp","href":"https:\/\/api.w.org\/{rel}","templated":true}]}}