{"id":1602,"date":"2024-01-11T16:23:37","date_gmt":"2024-01-11T16:23:37","guid":{"rendered":"https:\/\/cactustour.com\/cactustour\/?page_id=1602"},"modified":"2024-01-11T16:37:56","modified_gmt":"2024-01-11T16:37:56","slug":"voyage-groupe","status":"publish","type":"page","link":"https:\/\/cactustour.com\/cactustour\/voyage-groupe\/","title":{"rendered":"Voyage Groupe"},"content":{"rendered":"\t\t<div data-elementor-type=\"wp-page\" data-elementor-id=\"1602\" class=\"elementor elementor-1602\" data-elementor-post-type=\"page\">\n\t\t\t\t<div data-dce-background-image-url=\"https:\/\/cactustour.com\/cactustour\/wp-content\/uploads\/2023\/12\/shutterstock_735719860-scaled.jpg\" class=\"elementor-element elementor-element-a748c6d e-flex e-con-boxed e-con e-parent\" data-id=\"a748c6d\" data-element_type=\"container\" data-e-type=\"container\" data-settings=\"{&quot;background_background&quot;:&quot;classic&quot;}\">\n\t\t\t\t\t<div class=\"e-con-inner\">\n\t\t<div class=\"elementor-element elementor-element-74c1555 e-con-full e-flex e-con e-child\" data-id=\"74c1555\" data-element_type=\"container\" data-e-type=\"container\">\n\t\t\t\t<div class=\"elementor-element elementor-element-efcb207 elementor-widget elementor-widget-heading\" data-id=\"efcb207\" data-element_type=\"widget\" data-e-type=\"widget\" data-widget_type=\"heading.default\">\n\t\t\t\t<div class=\"elementor-widget-container\">\n\t\t\t\t\t<h2 class=\"elementor-heading-title elementor-size-default\">VOYAGE GROUPE<\/h2>\t\t\t\t<\/div>\n\t\t\t\t<\/div>\n\t\t\t\t<div class=\"elementor-element elementor-element-4040e1b elementor-widget-divider--view-line elementor-widget elementor-widget-divider\" data-id=\"4040e1b\" data-element_type=\"widget\" data-e-type=\"widget\" data-widget_type=\"divider.default\">\n\t\t\t\t<div class=\"elementor-widget-container\">\n\t\t\t\t\t\t\t<div class=\"elementor-divider\">\n\t\t\t<span class=\"elementor-divider-separator\">\n\t\t\t\t\t\t<\/span>\n\t\t<\/div>\n\t\t\t\t\t\t<\/div>\n\t\t\t\t<\/div>\n\t\t\t\t<div class=\"elementor-element elementor-element-40de8fd elementor-widget elementor-widget-text-editor\" data-id=\"40de8fd\" data-element_type=\"widget\" data-e-type=\"widget\" data-widget_type=\"text-editor.default\">\n\t\t\t\t<div class=\"elementor-widget-container\">\n\t\t\t\t\t\t\t\t\t<h3 class=\"typo3-heading-2\"><span style=\"color: #ffffff;\">Voyager en groupe, c\u00b4est plus que sympa!<\/span><\/h3>\t\t\t\t\t\t\t\t<\/div>\n\t\t\t\t<\/div>\n\t\t\t\t<\/div>\n\t\t\t\t\t<\/div>\n\t\t\t\t<\/div>\n\t\t<div class=\"elementor-element elementor-element-2ddb1a3 e-flex e-con-boxed e-con e-parent\" data-id=\"2ddb1a3\" data-element_type=\"container\" data-e-type=\"container\">\n\t\t\t\t\t<div class=\"e-con-inner\">\n\t\t<div class=\"elementor-element elementor-element-24927ef e-flex e-con-boxed e-con e-child\" data-id=\"24927ef\" data-element_type=\"container\" data-e-type=\"container\">\n\t\t\t\t\t<div class=\"e-con-inner\">\n\t\t\t\t<div class=\"elementor-element elementor-element-ac37b14 elementor-widget elementor-widget-text-editor\" data-id=\"ac37b14\" data-element_type=\"widget\" data-e-type=\"widget\" data-widget_type=\"text-editor.default\">\n\t\t\t\t<div class=\"elementor-widget-container\">\n\t\t\t\t\t\t\t\t\t<h2 class=\"typo3-heading-2\">Voyager en groupe pour prot\u00e9ger la plan\u00e8te et soutenir la population locale !<\/h2><p class=\"align-justify\"><big>Le saviez-vous ?<br \/><\/big><\/p><p class=\"align-justify\">Voyager en groupe est\u00a0<strong>plus \u00e9cologique<\/strong>\u00a0que voyager seul ! Oui, utiliser un moyen de transport commun permet de\u00a0<strong>r\u00e9duire les \u00e9missions de carbone par personne<\/strong>\u00a0! De plus, notre flotte de bus est adapt\u00e9e aux normes environnementales: pour \u00eatre autoris\u00e9s au d\u00e9part, les bus doivent respecter le taux de gaz polluants d\u00e9finit par la l\u00e9gislation. Par ailleurs, lors de vos trajets \u00e0 bord de nos bus modernes et de toutes tailles, vous aurez la possibilit\u00e9 de participer \u00e0 \u2021notre jeu\u2021 \u00ab connaissance du Costa Rica \u00bb. Les gagnants se verront\u00a0<strong>subventionn\u00e9s par Cactus Tour pour une donation aux institutions locales.<\/strong><\/p>\t\t\t\t\t\t\t\t<\/div>\n\t\t\t\t<\/div>\n\t\t\t\t\t<\/div>\n\t\t\t\t<\/div>\n\t\t\t\t\t<\/div>\n\t\t\t\t<\/div>\n\t\t<div class=\"elementor-element elementor-element-3e26598 e-flex e-con-boxed e-con e-parent\" data-id=\"3e26598\" data-element_type=\"container\" data-e-type=\"container\">\n\t\t\t\t\t<div class=\"e-con-inner\">\n\t\t<div class=\"elementor-element elementor-element-f48ec89 e-flex e-con-boxed e-con e-child\" data-id=\"f48ec89\" data-element_type=\"container\" data-e-type=\"container\">\n\t\t\t\t\t<div class=\"e-con-inner\">\n\t\t\t\t<div class=\"elementor-element elementor-element-ccf1240 elementor-widget elementor-widget-text-editor\" data-id=\"ccf1240\" data-element_type=\"widget\" data-e-type=\"widget\" data-widget_type=\"text-editor.default\">\n\t\t\t\t<div class=\"elementor-widget-container\">\n\t\t\t\t\t\t\t\t\t<h2 class=\"typo3-heading-2\">Voyagez en groupe pour d\u00e9couvrir<\/h2><p class=\"align-justify\">Depuis la\u00a0Meseta Centrale,\u00a0San Jos\u00e9, nous vous proposons une\u00a0<strong>ouverture sur le monde latino<\/strong>, une approche instructive des\u00a0crat\u00e8res actifs\u00a0et le farniente sur des\u00a0plages\u00a0idylliques.\u00a0<strong>Choisir un circuit d\u00e9couverte c\u00b4est opter pour la diversit\u00e9<\/strong>. Ces parcours vous m\u00e8neront \u00e0 travers plaines et montagnes, jusqu\u00b4aux\u00a0Cara\u00efbes\u00a0sud, en passant par les coul\u00e9es explosives du volcan Arenal ; et de la for\u00eat immacul\u00e9e de la p\u00e9ninsule d\u2019Osa (Parc National Corcovado) au littoral baln\u00e9aire du\u00a0Pacifique Nord\u00a0(Tamarindo, Conchal, Papagayo\u2026) en passant par les r\u00e9gions rurales de Sarapiqui, Turrialba ou Guanacaste.\u00a0Nous contacter<\/p>\t\t\t\t\t\t\t\t<\/div>\n\t\t\t\t<\/div>\n\t\t\t\t\t<\/div>\n\t\t\t\t<\/div>\n\t\t\t\t\t<\/div>\n\t\t\t\t<\/div>\n\t\t<div class=\"elementor-element elementor-element-615c7ef e-flex e-con-boxed e-con e-parent\" data-id=\"615c7ef\" data-element_type=\"container\" data-e-type=\"container\">\n\t\t\t\t\t<div class=\"e-con-inner\">\n\t\t<div class=\"elementor-element elementor-element-9af03c9 e-flex e-con-boxed e-con e-child\" data-id=\"9af03c9\" data-element_type=\"container\" data-e-type=\"container\">\n\t\t\t\t\t<div class=\"e-con-inner\">\n\t\t\t\t<div class=\"elementor-element elementor-element-930d72d elementor-widget elementor-widget-text-editor\" data-id=\"930d72d\" data-element_type=\"widget\" data-e-type=\"widget\" data-widget_type=\"text-editor.default\">\n\t\t\t\t<div class=\"elementor-widget-container\">\n\t\t\t\t\t\t\t\t\t<h2 class=\"typo3-heading-2\">Voyagez en groupe autour d\u00b4un th\u00e8me<\/h2><p>La richesse du Costa Rica permet un large choix de\u00a0<strong>s\u00e9jours th\u00e9matique<\/strong>s. Fanatiques de\u00a0trekking, de\u00a0plong\u00e9e, de\u00a0tourisme rural et communautaire, d\u2019ornithologie, d\u2019aventures extr\u00eames, d\u2019\u2021orchid\u00e9es\u2021\u2026 nous mettons \u00e0 votre disposition une \u00e9quipe professionnelle et passionn\u00e9e pr\u00eate \u00e0 concevoir et organiser votre voyage selon vos besoins, vos envies, vos pr\u00e9f\u00e9rences\u00a0Nous contacter<\/p>\t\t\t\t\t\t\t\t<\/div>\n\t\t\t\t<\/div>\n\t\t\t\t\t<\/div>\n\t\t\t\t<\/div>\n\t\t\t\t\t<\/div>\n\t\t\t\t<\/div>\n\t\t<div class=\"elementor-element elementor-element-6233308 e-flex e-con-boxed e-con e-parent\" data-id=\"6233308\" data-element_type=\"container\" data-e-type=\"container\">\n\t\t\t\t\t<div class=\"e-con-inner\">\n\t\t<div class=\"elementor-element elementor-element-0bc6e90 e-flex e-con-boxed e-con e-child\" data-id=\"0bc6e90\" data-element_type=\"container\" data-e-type=\"container\">\n\t\t\t\t\t<div class=\"e-con-inner\">\n\t\t\t\t<div class=\"elementor-element elementor-element-a8c0b78 elementor-widget elementor-widget-text-editor\" data-id=\"a8c0b78\" data-element_type=\"widget\" data-e-type=\"widget\" data-widget_type=\"text-editor.default\">\n\t\t\t\t<div class=\"elementor-widget-container\">\n\t\t\t\t\t\t\t\t\t<h2 class=\"typo3-heading-2\">Voyagez en groupe accompagn\u00e9<\/h2><p>D\u00e8s leur arriv\u00e9e dans le pays, nos groupes sont accompagn\u00e9s par un guide bilingue qui sera le vecteur d\u2019un approfondissement de vos connaissances de la nature, de la culture et de l\u2019importance de la conservation de notre environnement. Il sera l\u00e0 aussi pour cr\u00e9er une relation de proximit\u00e9 avec la population locale, la vie quotidienne des costariciens, et g\u00e9rer pour vous la logistique inh\u00e9rente \u00e0 des vacances r\u00e9ussies. Nous contacter<\/p>\t\t\t\t\t\t\t\t<\/div>\n\t\t\t\t<\/div>\n\t\t\t\t\t<\/div>\n\t\t\t\t<\/div>\n\t\t\t\t\t<\/div>\n\t\t\t\t<\/div>\n\t\t<div class=\"elementor-element elementor-element-9185c40 e-flex e-con-boxed e-con e-parent\" data-id=\"9185c40\" data-element_type=\"container\" data-e-type=\"container\">\n\t\t\t\t\t<div class=\"e-con-inner\">\n\t\t<div class=\"elementor-element elementor-element-48e0dfe e-flex e-con-boxed e-con e-child\" data-id=\"48e0dfe\" data-element_type=\"container\" data-e-type=\"container\">\n\t\t\t\t\t<div class=\"e-con-inner\">\n\t\t\t\t<div class=\"elementor-element elementor-element-409bdb3 elementor-widget elementor-widget-text-editor\" data-id=\"409bdb3\" data-element_type=\"widget\" data-e-type=\"widget\" data-widget_type=\"text-editor.default\">\n\t\t\t\t<div class=\"elementor-widget-container\">\n\t\t\t\t\t\t\t\t\t<h2 class=\"typo3-heading-2\">Voyagez en groupe dans le confort<\/h2><p class=\"align-justify\">La vari\u00e9t\u00e9 et la qualit\u00e9 des\u00a0h\u00e9bergements\u00a0vous enchanteront :\u00a0<strong>h\u00f4tels, resort, de charme, logement chez l\u00b4habitant et options insolites vous attendent\u00a0<\/strong>!<\/p><p class=\"align-justify\">De plus, le\u00a0<strong>bon r\u00e9seau routier national<\/strong>\u00a0vous permettra de sillonner le Costa Rica sans d\u00e9sagr\u00e9ment ! Egalement, nos<strong>\u00a0bus sont bien \u00e9quip\u00e9s<\/strong>\u00a0avec l\u00b4air conditionn\u00e9 (r\u00e9glage individuel), des si\u00e8ges inclinables, un syst\u00e8me audio avec micro. Et, les plus grands sont munis d\u00b4une TV avec lecteur de VHS et de DVD.<\/p><p class=\"align-justify\">Nous attachons<strong>\u00a0une attention toute particuli\u00e8re au choix des restaurants et menus<\/strong>\u00a0pour une d\u00e9couverte de la\u00a0gastronomie locale\u00a0dans les meilleurs conditions.<\/p><p class=\"align-justify\"><strong>Le contenu du circuit et ses th\u00e8mes seront toujours pens\u00e9s dans l\u2019esprit du groupe.<\/strong>\u00a0Et pour les groupes constitu\u00e9s de gens qui ne se connaissent pas, nous rechercherons ensemble les meilleures options!<\/p>\t\t\t\t\t\t\t\t<\/div>\n\t\t\t\t<\/div>\n\t\t\t\t\t<\/div>\n\t\t\t\t<\/div>\n\t\t\t\t\t<\/div>\n\t\t\t\t<\/div>\n\t\t<div class=\"elementor-element elementor-element-2cc58f0 e-flex e-con-boxed e-con e-parent\" data-id=\"2cc58f0\" data-element_type=\"container\" data-e-type=\"container\">\n\t\t\t\t\t<div class=\"e-con-inner\">\n\t\t<div class=\"elementor-element elementor-element-fd497bd e-flex e-con-boxed e-con e-child\" data-id=\"fd497bd\" data-element_type=\"container\" data-e-type=\"container\">\n\t\t\t\t\t<div class=\"e-con-inner\">\n\t\t\t\t<div class=\"elementor-element elementor-element-b8e26cd elementor-widget elementor-widget-text-editor\" data-id=\"b8e26cd\" data-element_type=\"widget\" data-e-type=\"widget\" data-widget_type=\"text-editor.default\">\n\t\t\t\t<div class=\"elementor-widget-container\">\n\t\t\t\t\t\t\t\t\t<h2 class=\"typo3-heading-2\">La prestation groupe que nous vous proposons inclut :<\/h2><p>d\u00e9finition d\u00b4un parcours original<br \/>Une \u00e9quipe \u00e0 l\u2019\u00e9coute pour la cr\u00e9ation de votre voyage<br \/>accueil des participants<br \/>transferts de l\u2019a\u00e9roport \/ h\u00f4tels \/ site<br \/>guide bilingue en accompagnement permanent<br \/>des prestataires respectueux de l\u00b4environnement et des Hommes<\/p>\t\t\t\t\t\t\t\t<\/div>\n\t\t\t\t<\/div>\n\t\t\t\t\t<\/div>\n\t\t\t\t<\/div>\n\t\t\t\t\t<\/div>\n\t\t\t\t<\/div>\n\t\t\t\t<\/div>\n\t\t","protected":false},"excerpt":{"rendered":"<p>VOYAGE GROUPE Voyager en groupe, c\u00b4est plus que sympa! Voyager en groupe pour prot\u00e9ger la plan\u00e8te et soutenir la population locale ! Le saviez-vous ? Voyager en groupe est\u00a0plus \u00e9cologique\u00a0que voyager seul ! Oui, utiliser un moyen de transport commun permet de\u00a0r\u00e9duire les \u00e9missions de carbone par personne\u00a0! De plus, notre flotte de bus est [&hellip;]<\/p>\n","protected":false},"author":1,"featured_media":0,"parent":0,"menu_order":0,"comment_status":"closed","ping_status":"closed","template":"","meta":{"site-sidebar-layout":"no-sidebar","site-content-layout":"page-builder","ast-site-content-layout":"full-width-container","site-content-style":"default","site-sidebar-style":"default","ast-global-header-display":"","ast-banner-title-visibility":"","ast-main-header-display":"","ast-hfb-above-header-display":"","ast-hfb-below-header-display":"","ast-hfb-mobile-header-display":"","site-post-title":"disabled","ast-breadcrumbs-content":"","ast-featured-img":"disabled","footer-sml-layout":"","ast-disable-related-posts":"","theme-transparent-header-meta":"","adv-header-id-meta":"","stick-header-meta":"","header-above-stick-meta":"","header-main-stick-meta":"","header-below-stick-meta":"","astra-migrate-meta-layouts":"set","ast-page-background-enabled":"default","ast-page-background-meta":{"desktop":{"background-color":"","background-image":"","background-repeat":"repeat","background-position":"center center","background-size":"auto","background-attachment":"scroll","background-type":"","background-media":"","overlay-type":"","overlay-color":"","overlay-opacity":"","overlay-gradient":""},"tablet":{"background-color":"","background-image":"","background-repeat":"repeat","background-position":"center center","background-size":"auto","background-attachment":"scroll","background-type":"","background-media":"","overlay-type":"","overlay-color":"","overlay-opacity":"","overlay-gradient":""},"mobile":{"background-color":"","background-image":"","background-repeat":"repeat","background-position":"center center","background-size":"auto","background-attachment":"scroll","background-type":"","background-media":"","overlay-type":"","overlay-color":"","overlay-opacity":"","overlay-gradient":""}},"ast-content-background-meta":{"desktop":{"background-color":"var(--ast-global-color-5)","background-image":"","background-repeat":"repeat","background-position":"center center","background-size":"auto","background-attachment":"scroll","background-type":"","background-media":"","overlay-type":"","overlay-color":"","overlay-opacity":"","overlay-gradient":""},"tablet":{"background-color":"var(--ast-global-color-5)","background-image":"","background-repeat":"repeat","background-position":"center center","background-size":"auto","background-attachment":"scroll","background-type":"","background-media":"","overlay-type":"","overlay-color":"","overlay-opacity":"","overlay-gradient":""},"mobile":{"background-color":"var(--ast-global-color-5)","background-image":"","background-repeat":"repeat","background-position":"center center","background-size":"auto","background-attachment":"scroll","background-type":"","background-media":"","overlay-type":"","overlay-color":"","overlay-opacity":"","overlay-gradient":""}},"footnotes":""},"folder":[67],"class_list":["post-1602","page","type-page","status-publish","hentry"],"_links":{"self":[{"href":"https:\/\/cactustour.com\/cactustour\/wp-json\/wp\/v2\/pages\/1602","targetHints":{"allow":["GET"]}}],"collection":[{"href":"https:\/\/cactustour.com\/cactustour\/wp-json\/wp\/v2\/pages"}],"about":[{"href":"https:\/\/cactustour.com\/cactustour\/wp-json\/wp\/v2\/types\/page"}],"author":[{"embeddable":true,"href":"https:\/\/cactustour.com\/cactustour\/wp-json\/wp\/v2\/users\/1"}],"replies":[{"embeddable":true,"href":"https:\/\/cactustour.com\/cactustour\/wp-json\/wp\/v2\/comments?post=1602"}],"version-history":[{"count":5,"href":"https:\/\/cactustour.com\/cactustour\/wp-json\/wp\/v2\/pages\/1602\/revisions"}],"predecessor-version":[{"id":1607,"href":"https:\/\/cactustour.com\/cactustour\/wp-json\/wp\/v2\/pages\/1602\/revisions\/1607"}],"wp:attachment":[{"href":"https:\/\/cactustour.com\/cactustour\/wp-json\/wp\/v2\/media?parent=1602"}],"wp:term":[{"taxonomy":"folder","embeddable":true,"href":"https:\/\/cactustour.com\/cactustour\/wp-json\/wp\/v2\/folder?post=1602"}],"curies":[{"name":"wp","href":"https:\/\/api.w.org\/{rel}","templated":true}]}}