{"id":2713,"date":"2024-07-09T02:06:48","date_gmt":"2024-07-09T02:06:48","guid":{"rendered":"https:\/\/cactustour.com\/cactustour\/?page_id=2713"},"modified":"2024-09-03T09:18:42","modified_gmt":"2024-09-03T09:18:42","slug":"latin-xplore","status":"publish","type":"page","link":"https:\/\/cactustour.com\/cactustour\/latin-xplore\/","title":{"rendered":"Latin Xplore"},"content":{"rendered":"\t\t<div data-elementor-type=\"wp-page\" data-elementor-id=\"2713\" class=\"elementor elementor-2713\" data-elementor-post-type=\"page\">\n\t\t\t\t<div class=\"elementor-element elementor-element-704a738 e-flex e-con-boxed e-con e-parent\" data-id=\"704a738\" data-element_type=\"container\" data-e-type=\"container\">\n\t\t\t\t\t<div class=\"e-con-inner\">\n\t\t\t\t<div class=\"elementor-element elementor-element-02d9eac elementor-widget elementor-widget-heading\" data-id=\"02d9eac\" data-element_type=\"widget\" data-e-type=\"widget\" data-widget_type=\"heading.default\">\n\t\t\t\t<div class=\"elementor-widget-container\">\n\t\t\t\t\t<h2 class=\"elementor-heading-title elementor-size-default\">\u00c0 propos de LatinXplore<\/h2>\t\t\t\t<\/div>\n\t\t\t\t<\/div>\n\t\t\t\t\t<\/div>\n\t\t\t\t<\/div>\n\t\t<div class=\"elementor-element elementor-element-321ce8b e-flex e-con-boxed e-con e-parent\" data-id=\"321ce8b\" data-element_type=\"container\" data-e-type=\"container\">\n\t\t\t\t\t<div class=\"e-con-inner\">\n\t\t<div class=\"elementor-element elementor-element-be6d163 e-con-full e-flex e-con e-child\" data-id=\"be6d163\" data-element_type=\"container\" data-e-type=\"container\">\n\t\t\t\t<div class=\"elementor-element elementor-element-a0d6944 elementor-widget elementor-widget-text-editor\" data-id=\"a0d6944\" data-element_type=\"widget\" data-e-type=\"widget\" data-widget_type=\"text-editor.default\">\n\t\t\t\t<div class=\"elementor-widget-container\">\n\t\t\t\t\t\t\t\t\t<p><a href=\"https:\/\/www.latinxplore.com\/\">Latin Xplore<\/a> est la soci\u00e9t\u00e9 s\u0153ur de Go West Tours, une entreprise fond\u00e9e par Stephan Forget en 1992, et d\u00e9sormais l&#8217;un des acteurs majeurs en Europe sur le march\u00e9 du tourisme entrant aux \u00c9tats-Unis et au Canada.<\/p><p>Tr\u00e8s attach\u00e9 \u00e0 l&#8217;Am\u00e9rique latine \u00e9galement, Stephan Forget, un voyageur exp\u00e9riment\u00e9 tant sur le plan personnel que professionnel, s&#8217;est associ\u00e9 \u00e0 Ga\u00eblle Montcharmont, experte de l&#8217;Am\u00e9rique latine depuis plus de 15 ans et amie de longue date. Emmanuelle Legoff, directrice g\u00e9n\u00e9rale de Go West Tours, a rejoint l&#8217;\u00e9quipe de direction.<\/p><p>Au fil du temps, ils ont rencontr\u00e9 Christophe Marybrasse et Fabienne Malamout, fondateurs de Cactus Tour en 1993. Leur collaboration a donn\u00e9 naissance \u00e0 un nouveau partenariat et ensemble, au Costa Rica, ils ont d\u00e9cid\u00e9 d&#8217;aller de l&#8217;avant.<\/p><p>Latin Xplore DMC Latin America est n\u00e9 avec la d\u00e9termination de s&#8217;imposer comme un acteur cl\u00e9 du voyage B2B dans les pays d&#8217;Am\u00e9rique latine, avec le m\u00eame s\u00e9rieux et la m\u00eame expertise qu&#8217;en Am\u00e9rique du Nord, des jungles du Costa Rica aux confins de la Patagonie.<\/p><p>\u00a0<\/p><h5>VISITEZ NOTRE SITE : <a href=\"https:\/\/www.latinxplore.com\/\">https:\/\/www.latinxplore.com\/<\/a><\/h5>\t\t\t\t\t\t\t\t<\/div>\n\t\t\t\t<\/div>\n\t\t\t\t<\/div>\n\t\t<div class=\"elementor-element elementor-element-f822e2e e-con-full e-flex e-con e-child\" data-id=\"f822e2e\" data-element_type=\"container\" data-e-type=\"container\">\n\t\t\t\t<div class=\"elementor-element elementor-element-de7162e dce_masking-none elementor-widget elementor-widget-image\" data-id=\"de7162e\" data-element_type=\"widget\" data-e-type=\"widget\" data-widget_type=\"image.default\">\n\t\t\t\t<div class=\"elementor-widget-container\">\n\t\t\t\t\t\t\t\t\t\t\t\t\t\t\t<img fetchpriority=\"high\" decoding=\"async\" width=\"789\" height=\"1024\" src=\"https:\/\/cactustour.com\/cactustour\/wp-content\/uploads\/2024\/07\/latin-xplore-peru-789x1024.jpg\" class=\"attachment-large size-large wp-image-2719\" alt=\"\" srcset=\"https:\/\/cactustour.com\/cactustour\/wp-content\/uploads\/2024\/07\/latin-xplore-peru-789x1024.jpg 789w, https:\/\/cactustour.com\/cactustour\/wp-content\/uploads\/2024\/07\/latin-xplore-peru-231x300.jpg 231w, https:\/\/cactustour.com\/cactustour\/wp-content\/uploads\/2024\/07\/latin-xplore-peru-768x997.jpg 768w, https:\/\/cactustour.com\/cactustour\/wp-content\/uploads\/2024\/07\/latin-xplore-peru-1183x1536.jpg 1183w, https:\/\/cactustour.com\/cactustour\/wp-content\/uploads\/2024\/07\/latin-xplore-peru.jpg 1200w\" sizes=\"(max-width: 789px) 100vw, 789px\" \/>\t\t\t\t\t\t\t\t\t\t\t\t\t\t\t<\/div>\n\t\t\t\t<\/div>\n\t\t\t\t<\/div>\n\t\t\t\t\t<\/div>\n\t\t\t\t<\/div>\n\t\t<div class=\"elementor-element elementor-element-f6cd6b9 e-flex e-con-boxed e-con e-parent\" data-id=\"f6cd6b9\" data-element_type=\"container\" data-e-type=\"container\">\n\t\t\t\t\t<div class=\"e-con-inner\">\n\t\t<div class=\"elementor-element elementor-element-ec2cb6e e-con-full e-flex e-con e-child\" data-id=\"ec2cb6e\" data-element_type=\"container\" data-e-type=\"container\">\n\t\t\t\t<div class=\"elementor-element elementor-element-b649150 dce_masking-none elementor-widget elementor-widget-image\" data-id=\"b649150\" data-element_type=\"widget\" data-e-type=\"widget\" data-widget_type=\"image.default\">\n\t\t\t\t<div class=\"elementor-widget-container\">\n\t\t\t\t\t\t\t\t\t\t\t\t\t\t\t<img decoding=\"async\" width=\"1024\" height=\"1024\" src=\"https:\/\/cactustour.com\/cactustour\/wp-content\/uploads\/2024\/07\/latin-xplore-volcan-arenal-1024x1024.jpg\" class=\"attachment-large size-large wp-image-2720\" alt=\"\" srcset=\"https:\/\/cactustour.com\/cactustour\/wp-content\/uploads\/2024\/07\/latin-xplore-volcan-arenal-1024x1024.jpg 1024w, https:\/\/cactustour.com\/cactustour\/wp-content\/uploads\/2024\/07\/latin-xplore-volcan-arenal-300x300.jpg 300w, https:\/\/cactustour.com\/cactustour\/wp-content\/uploads\/2024\/07\/latin-xplore-volcan-arenal-150x150.jpg 150w, https:\/\/cactustour.com\/cactustour\/wp-content\/uploads\/2024\/07\/latin-xplore-volcan-arenal-768x768.jpg 768w, https:\/\/cactustour.com\/cactustour\/wp-content\/uploads\/2024\/07\/latin-xplore-volcan-arenal.jpg 1200w\" sizes=\"(max-width: 1024px) 100vw, 1024px\" \/>\t\t\t\t\t\t\t\t\t\t\t\t\t\t\t<\/div>\n\t\t\t\t<\/div>\n\t\t\t\t<\/div>\n\t\t<div class=\"elementor-element elementor-element-457f83b e-con-full e-flex e-con e-child\" data-id=\"457f83b\" data-element_type=\"container\" data-e-type=\"container\">\n\t\t\t\t<div class=\"elementor-element elementor-element-8984180 elementor-widget elementor-widget-heading\" data-id=\"8984180\" data-element_type=\"widget\" data-e-type=\"widget\" data-widget_type=\"heading.default\">\n\t\t\t\t<div class=\"elementor-widget-container\">\n\t\t\t\t\t<h2 class=\"elementor-heading-title elementor-size-default\">Nos Destinations<\/h2>\t\t\t\t<\/div>\n\t\t\t\t<\/div>\n\t\t\t\t<div class=\"elementor-element elementor-element-72bd32d elementor-widget elementor-widget-text-editor\" data-id=\"72bd32d\" data-element_type=\"widget\" data-e-type=\"widget\" data-widget_type=\"text-editor.default\">\n\t\t\t\t<div class=\"elementor-widget-container\">\n\t\t\t\t\t\t\t\t\t<ul><li class=\"x-el x-el-h4 c1-1 c1-2 c1-1o c1-1p c1-4h c1-4i c1-4j c1-27 c1-28 c1-1h c1-5i c1-4l c1-1y c1-4n c1-4o c1-4p c1-4q\" role=\"heading\" aria-level=\"4\" data-ux=\"ContentHeading\" data-aid=\"ABOUT_HEADLINE_RENDERED1\" data-typography=\"HeadingAlpha\" data-font-scaled=\"true\">Argentine<\/li><li class=\"x-el x-el-h4 c1-1 c1-2 c1-1o c1-1p c1-4h c1-4i c1-4j c1-27 c1-28 c1-1h c1-5i c1-4l c1-1y c1-4n c1-4o c1-4p c1-4q\" role=\"heading\" aria-level=\"4\" data-ux=\"ContentHeading\" data-aid=\"ABOUT_HEADLINE_RENDERED1\" data-typography=\"HeadingAlpha\" data-font-scaled=\"true\">Bolivie<\/li><li class=\"x-el x-el-h4 c1-1 c1-2 c1-1o c1-1p c1-4h c1-4i c1-4j c1-27 c1-28 c1-1h c1-5i c1-4l c1-1y c1-4n c1-4o c1-4p c1-4q\" role=\"heading\" aria-level=\"4\" data-ux=\"ContentHeading\" data-aid=\"ABOUT_HEADLINE_RENDERED1\" data-typography=\"HeadingAlpha\" data-font-scaled=\"true\">Chili<\/li><li class=\"x-el x-el-h4 c1-1 c1-2 c1-1o c1-1p c1-4h c1-4i c1-4j c1-27 c1-28 c1-1h c1-5i c1-4l c1-1y c1-4n c1-4o c1-4p c1-4q\" role=\"heading\" aria-level=\"4\" data-ux=\"ContentHeading\" data-aid=\"ABOUT_HEADLINE_RENDERED1\" data-typography=\"HeadingAlpha\" data-font-scaled=\"true\">Colombie<\/li><li class=\"x-el x-el-h4 c1-1 c1-2 c1-1o c1-1p c1-4h c1-4i c1-4j c1-27 c1-28 c1-1h c1-5i c1-4l c1-1y c1-4n c1-4o c1-4p c1-4q\" role=\"heading\" aria-level=\"4\" data-ux=\"ContentHeading\" data-aid=\"ABOUT_HEADLINE_RENDERED1\" data-typography=\"HeadingAlpha\" data-font-scaled=\"true\">Costa Rica<\/li><li class=\"x-el x-el-h4 c1-1 c1-2 c1-1o c1-1p c1-4h c1-4i c1-4j c1-27 c1-28 c1-1h c1-5i c1-4l c1-1y c1-4n c1-4o c1-4p c1-4q\" role=\"heading\" aria-level=\"4\" data-ux=\"ContentHeading\" data-aid=\"ABOUT_HEADLINE_RENDERED1\" data-typography=\"HeadingAlpha\" data-font-scaled=\"true\">\u00c9quateur<\/li><li class=\"x-el x-el-h4 c1-1 c1-2 c1-1o c1-1p c1-4h c1-4i c1-4j c1-27 c1-28 c1-1h c1-5i c1-4l c1-1y c1-4n c1-4o c1-4p c1-4q\" role=\"heading\" aria-level=\"4\" data-ux=\"ContentHeading\" data-aid=\"ABOUT_HEADLINE_RENDERED1\" data-typography=\"HeadingAlpha\" data-font-scaled=\"true\">Nicaragua<\/li><li class=\"x-el x-el-h4 c1-1 c1-2 c1-1o c1-1p c1-4h c1-4i c1-4j c1-27 c1-28 c1-1h c1-5i c1-4l c1-1y c1-4n c1-4o c1-4p c1-4q\" role=\"heading\" aria-level=\"4\" data-ux=\"ContentHeading\" data-aid=\"ABOUT_HEADLINE_RENDERED1\" data-typography=\"HeadingAlpha\" data-font-scaled=\"true\">Panama<\/li><li class=\"x-el x-el-h4 c1-1 c1-2 c1-1o c1-1p c1-4h c1-4i c1-4j c1-27 c1-28 c1-1h c1-5i c1-4l c1-1y c1-4n c1-4o c1-4p c1-4q\" role=\"heading\" aria-level=\"4\" data-ux=\"ContentHeading\" data-aid=\"ABOUT_HEADLINE_RENDERED1\" data-typography=\"HeadingAlpha\" data-font-scaled=\"true\">P\u00e9rou<\/li><\/ul>\t\t\t\t\t\t\t\t<\/div>\n\t\t\t\t<\/div>\n\t\t\t\t<\/div>\n\t\t\t\t\t<\/div>\n\t\t\t\t<\/div>\n\t\t<div class=\"elementor-element elementor-element-73e0dcf e-flex e-con-boxed e-con e-parent\" data-id=\"73e0dcf\" data-element_type=\"container\" data-e-type=\"container\">\n\t\t\t\t\t<div class=\"e-con-inner\">\n\t\t<div class=\"elementor-element elementor-element-9e41444 e-con-full e-flex e-con e-child\" data-id=\"9e41444\" data-element_type=\"container\" data-e-type=\"container\">\n\t\t\t\t<div class=\"elementor-element elementor-element-b4dffae elementor-widget elementor-widget-heading\" data-id=\"b4dffae\" data-element_type=\"widget\" data-e-type=\"widget\" data-widget_type=\"heading.default\">\n\t\t\t\t<div class=\"elementor-widget-container\">\n\t\t\t\t\t<h2 class=\"elementor-heading-title elementor-size-default\">Nos Valeurs<\/h2>\t\t\t\t<\/div>\n\t\t\t\t<\/div>\n\t\t\t\t<div class=\"elementor-element elementor-element-65fc123 elementor-widget elementor-widget-text-editor\" data-id=\"65fc123\" data-element_type=\"widget\" data-e-type=\"widget\" data-widget_type=\"text-editor.default\">\n\t\t\t\t<div class=\"elementor-widget-container\">\n\t\t\t\t\t\t\t\t\t<p><strong class=\"x-el x-el-span c1-7o c1-1m c1-b c1-7p c1-5m c1-7q c1-7r\">Xperience(s)\u00a0<\/strong><\/p><p>Notre \u00e9quipe de sp\u00e9cialistes exp\u00e9riment\u00e9s garantit des solutions et des n\u00e9gociations optimales. Nous proposons les meilleures exp\u00e9riences locales adapt\u00e9es \u00e0 vos sp\u00e9cifications et aux besoins de vos clients.<\/p><p><strong class=\"x-el x-el-span c1-7o c1-1m c1-b c1-7p c1-5m c1-7q c1-7r\">Xpertise\u00a0<\/strong><\/p><p>Nous comprenons les exigences et les attentes des clients europ\u00e9ens, qu&#8217;ils soient francophones, anglophones, hispanophones, lusophones, italophones, germanophones, etc.<\/p><p><strong class=\"x-el x-el-span c1-7o c1-1m c1-b c1-7p c1-5m c1-7q c1-7r\">Xcellence<\/strong><\/p><p>Nous nous effor\u00e7ons constamment d&#8217;exceller dans nos relations avec nos clients, partenaires, fournisseurs et coll\u00e8gues, dans notre r\u00e9activit\u00e9 et notre performance. Nous nous engageons \u00e0 travailler sur une base d&#8217;\u00e9galit\u00e9 et croyons en des valeurs de loyaut\u00e9 et de soutien mutuel.<\/p><p><strong class=\"x-el x-el-span c1-7o c1-1m c1-b c1-7p c1-5m c1-7q c1-7r\">Xploration\u00a0<\/strong><\/p><p>Notre \u00e9quipe offre l&#8217;essentiel de la meilleure mani\u00e8re possible, sachant comment stimuler les contacts gr\u00e2ce \u00e0 sa connaissance approfondie du terrain et \u00e0 nos bureaux locaux. Les demandes sp\u00e9cifiques n\u00e9cessitent de d\u00e9passer les normes et de rafra\u00eechir les voyages classiques pour attirer de nouveaux segments de client\u00e8le.<\/p>\t\t\t\t\t\t\t\t<\/div>\n\t\t\t\t<\/div>\n\t\t\t\t<\/div>\n\t\t<div class=\"elementor-element elementor-element-c919dab e-con-full e-flex e-con e-child\" data-id=\"c919dab\" data-element_type=\"container\" data-e-type=\"container\">\n\t\t\t\t<div class=\"elementor-element elementor-element-0c29b7c dce_masking-none elementor-widget elementor-widget-image\" data-id=\"0c29b7c\" data-element_type=\"widget\" data-e-type=\"widget\" data-widget_type=\"image.default\">\n\t\t\t\t<div class=\"elementor-widget-container\">\n\t\t\t\t\t\t\t\t\t\t\t\t\t\t\t<img decoding=\"async\" width=\"1024\" height=\"1024\" src=\"https:\/\/cactustour.com\/cactustour\/wp-content\/uploads\/2024\/07\/latin-xplore-panama-1024x1024.jpg\" class=\"attachment-large size-large wp-image-2721\" alt=\"\" srcset=\"https:\/\/cactustour.com\/cactustour\/wp-content\/uploads\/2024\/07\/latin-xplore-panama-1024x1024.jpg 1024w, https:\/\/cactustour.com\/cactustour\/wp-content\/uploads\/2024\/07\/latin-xplore-panama-300x300.jpg 300w, https:\/\/cactustour.com\/cactustour\/wp-content\/uploads\/2024\/07\/latin-xplore-panama-150x150.jpg 150w, https:\/\/cactustour.com\/cactustour\/wp-content\/uploads\/2024\/07\/latin-xplore-panama-768x768.jpg 768w, https:\/\/cactustour.com\/cactustour\/wp-content\/uploads\/2024\/07\/latin-xplore-panama.jpg 1200w\" sizes=\"(max-width: 1024px) 100vw, 1024px\" \/>\t\t\t\t\t\t\t\t\t\t\t\t\t\t\t<\/div>\n\t\t\t\t<\/div>\n\t\t\t\t<\/div>\n\t\t\t\t\t<\/div>\n\t\t\t\t<\/div>\n\t\t\t\t<\/div>\n\t\t","protected":false},"excerpt":{"rendered":"<p>\u00c0 propos de LatinXplore Latin Xplore est la soci\u00e9t\u00e9 s\u0153ur de Go West Tours, une entreprise fond\u00e9e par Stephan Forget en 1992, et d\u00e9sormais l&#8217;un des acteurs majeurs en Europe sur le march\u00e9 du tourisme entrant aux \u00c9tats-Unis et au Canada. Tr\u00e8s attach\u00e9 \u00e0 l&#8217;Am\u00e9rique latine \u00e9galement, Stephan Forget, un voyageur exp\u00e9riment\u00e9 tant sur le [&hellip;]<\/p>\n","protected":false},"author":1,"featured_media":0,"parent":0,"menu_order":0,"comment_status":"closed","ping_status":"closed","template":"","meta":{"site-sidebar-layout":"no-sidebar","site-content-layout":"page-builder","ast-site-content-layout":"full-width-container","site-content-style":"default","site-sidebar-style":"default","ast-global-header-display":"","ast-banner-title-visibility":"","ast-main-header-display":"","ast-hfb-above-header-display":"","ast-hfb-below-header-display":"","ast-hfb-mobile-header-display":"","site-post-title":"disabled","ast-breadcrumbs-content":"","ast-featured-img":"disabled","footer-sml-layout":"","ast-disable-related-posts":"","theme-transparent-header-meta":"","adv-header-id-meta":"","stick-header-meta":"","header-above-stick-meta":"","header-main-stick-meta":"","header-below-stick-meta":"","astra-migrate-meta-layouts":"set","ast-page-background-enabled":"default","ast-page-background-meta":{"desktop":{"background-color":"","background-image":"","background-repeat":"repeat","background-position":"center center","background-size":"auto","background-attachment":"scroll","background-type":"","background-media":"","overlay-type":"","overlay-color":"","overlay-opacity":"","overlay-gradient":""},"tablet":{"background-color":"","background-image":"","background-repeat":"repeat","background-position":"center center","background-size":"auto","background-attachment":"scroll","background-type":"","background-media":"","overlay-type":"","overlay-color":"","overlay-opacity":"","overlay-gradient":""},"mobile":{"background-color":"","background-image":"","background-repeat":"repeat","background-position":"center center","background-size":"auto","background-attachment":"scroll","background-type":"","background-media":"","overlay-type":"","overlay-color":"","overlay-opacity":"","overlay-gradient":""}},"ast-content-background-meta":{"desktop":{"background-color":"var(--ast-global-color-5)","background-image":"","background-repeat":"repeat","background-position":"center center","background-size":"auto","background-attachment":"scroll","background-type":"","background-media":"","overlay-type":"","overlay-color":"","overlay-opacity":"","overlay-gradient":""},"tablet":{"background-color":"var(--ast-global-color-5)","background-image":"","background-repeat":"repeat","background-position":"center center","background-size":"auto","background-attachment":"scroll","background-type":"","background-media":"","overlay-type":"","overlay-color":"","overlay-opacity":"","overlay-gradient":""},"mobile":{"background-color":"var(--ast-global-color-5)","background-image":"","background-repeat":"repeat","background-position":"center center","background-size":"auto","background-attachment":"scroll","background-type":"","background-media":"","overlay-type":"","overlay-color":"","overlay-opacity":"","overlay-gradient":""}},"footnotes":""},"folder":[67],"class_list":["post-2713","page","type-page","status-publish","hentry"],"_links":{"self":[{"href":"https:\/\/cactustour.com\/cactustour\/wp-json\/wp\/v2\/pages\/2713","targetHints":{"allow":["GET"]}}],"collection":[{"href":"https:\/\/cactustour.com\/cactustour\/wp-json\/wp\/v2\/pages"}],"about":[{"href":"https:\/\/cactustour.com\/cactustour\/wp-json\/wp\/v2\/types\/page"}],"author":[{"embeddable":true,"href":"https:\/\/cactustour.com\/cactustour\/wp-json\/wp\/v2\/users\/1"}],"replies":[{"embeddable":true,"href":"https:\/\/cactustour.com\/cactustour\/wp-json\/wp\/v2\/comments?post=2713"}],"version-history":[{"count":19,"href":"https:\/\/cactustour.com\/cactustour\/wp-json\/wp\/v2\/pages\/2713\/revisions"}],"predecessor-version":[{"id":3435,"href":"https:\/\/cactustour.com\/cactustour\/wp-json\/wp\/v2\/pages\/2713\/revisions\/3435"}],"wp:attachment":[{"href":"https:\/\/cactustour.com\/cactustour\/wp-json\/wp\/v2\/media?parent=2713"}],"wp:term":[{"taxonomy":"folder","embeddable":true,"href":"https:\/\/cactustour.com\/cactustour\/wp-json\/wp\/v2\/folder?post=2713"}],"curies":[{"name":"wp","href":"https:\/\/api.w.org\/{rel}","templated":true}]}}