{"id":2903,"date":"2024-07-12T19:21:26","date_gmt":"2024-07-12T19:21:26","guid":{"rendered":"https:\/\/cactustour.com\/cactustour\/?page_id=2903"},"modified":"2024-07-17T15:46:57","modified_gmt":"2024-07-17T15:46:57","slug":"viaje-individual","status":"publish","type":"page","link":"https:\/\/cactustour.com\/cactustour\/es\/viaje-individual\/","title":{"rendered":"Voyage Individuel ES"},"content":{"rendered":"\t\t<div data-elementor-type=\"wp-page\" data-elementor-id=\"2903\" class=\"elementor elementor-2903\" data-elementor-post-type=\"page\">\n\t\t\t\t<div data-dce-background-image-url=\"https:\/\/cactustour.com\/cactustour\/wp-content\/uploads\/2023\/12\/shutterstock_735719860-scaled.jpg\" class=\"elementor-element elementor-element-b282511 e-flex e-con-boxed e-con e-parent\" data-id=\"b282511\" data-element_type=\"container\" data-e-type=\"container\" data-settings=\"{&quot;background_background&quot;:&quot;classic&quot;}\">\n\t\t\t\t\t<div class=\"e-con-inner\">\n\t\t<div class=\"elementor-element elementor-element-97ab310 e-con-full e-flex e-con e-child\" data-id=\"97ab310\" data-element_type=\"container\" data-e-type=\"container\">\n\t\t\t\t<div class=\"elementor-element elementor-element-1b81f47 elementor-widget elementor-widget-heading\" data-id=\"1b81f47\" data-element_type=\"widget\" data-e-type=\"widget\" data-widget_type=\"heading.default\">\n\t\t\t\t<div class=\"elementor-widget-container\">\n\t\t\t\t\t<h2 class=\"elementor-heading-title elementor-size-default\">VIAJE INDIVIDUAL<\/h2>\t\t\t\t<\/div>\n\t\t\t\t<\/div>\n\t\t\t\t<div class=\"elementor-element elementor-element-e09d36d elementor-widget-divider--view-line elementor-widget elementor-widget-divider\" data-id=\"e09d36d\" data-element_type=\"widget\" data-e-type=\"widget\" data-widget_type=\"divider.default\">\n\t\t\t\t<div class=\"elementor-widget-container\">\n\t\t\t\t\t\t\t<div class=\"elementor-divider\">\n\t\t\t<span class=\"elementor-divider-separator\">\n\t\t\t\t\t\t<\/span>\n\t\t<\/div>\n\t\t\t\t\t\t<\/div>\n\t\t\t\t<\/div>\n\t\t\t\t<div class=\"elementor-element elementor-element-e63e6e3 elementor-widget elementor-widget-text-editor\" data-id=\"e63e6e3\" data-element_type=\"widget\" data-e-type=\"widget\" data-widget_type=\"text-editor.default\">\n\t\t\t\t<div class=\"elementor-widget-container\">\n\t\t\t\t\t\t\t\t\t<p><strong>Nuestros Asesores Expertos est\u00e1n con usted en la creaci\u00f3n de su viaje.<\/strong><\/p>\t\t\t\t\t\t\t\t<\/div>\n\t\t\t\t<\/div>\n\t\t\t\t<\/div>\n\t\t\t\t\t<\/div>\n\t\t\t\t<\/div>\n\t\t<div class=\"elementor-element elementor-element-cc9ce49 e-flex e-con-boxed e-con e-parent\" data-id=\"cc9ce49\" data-element_type=\"container\" data-e-type=\"container\">\n\t\t\t\t\t<div class=\"e-con-inner\">\n\t\t<div class=\"elementor-element elementor-element-7b7093b e-flex e-con-boxed e-con e-child\" data-id=\"7b7093b\" data-element_type=\"container\" data-e-type=\"container\">\n\t\t\t\t\t<div class=\"e-con-inner\">\n\t\t\t\t<div class=\"elementor-element elementor-element-89b2f53 elementor-widget elementor-widget-text-editor\" data-id=\"89b2f53\" data-element_type=\"widget\" data-e-type=\"widget\" data-widget_type=\"text-editor.default\">\n\t\t\t\t<div class=\"elementor-widget-container\">\n\t\t\t\t\t\t\t\t\t<h2 class=\"typo3-heading-2\">Hacer que el esp\u00edritu del viaje cobre vida para que emprenda su viaje a su medida.<\/h2><div class=\"flex-shrink-0 flex flex-col relative items-end\"><div><div class=\"pt-0.5 juice:pt-0\"><div class=\"gizmo-bot-avatar flex h-6 w-6 items-center justify-center overflow-hidden rounded-full juice:h-8 juice:w-8\"><div class=\"relative p-1 rounded-sm flex items-center justify-center bg-token-main-surface-primary text-token-text-primary h-8 w-8\"><span style=\"font-size: 16px;\">Cactus Tour combina sus sue\u00f1os con la realidad, dise\u00f1ando a su medida sus circuitos individuales &#8220;auto tour&#8221; y sus estancias guiadas. La filosof\u00eda de viaje que promueve la independencia, la libertad, la itinerancia, los recorridos fuera de los caminos trillados y el gusto por experimentar por uno mismo ha dado origen a los viajes FIT: &#8220;Free Independent Traveler&#8221;.<\/span><\/div><\/div><\/div><\/div><\/div><div class=\"group\/conversation-turn relative flex w-full min-w-0 flex-col agent-turn\"><div class=\"flex-col gap-1 md:gap-3\"><div class=\"flex flex-grow flex-col max-w-full\"><div class=\"min-h-[20px] text-message flex flex-col items-start whitespace-pre-wrap break-words [.text-message+&amp;]:mt-5 juice:w-full juice:items-end overflow-x-auto gap-2\" dir=\"auto\" data-message-author-role=\"assistant\" data-message-id=\"9dceccf9-b613-4b24-ad19-1dab4f40e9b9\"><div class=\"flex w-full flex-col gap-1 juice:empty:hidden juice:first:pt-[3px]\"><div class=\"markdown prose w-full break-words dark:prose-invert dark\"><p>Este servicio personalizado se construye escuchando completamente las expectativas del cliente y responde al deseo principal de pasar unas vacaciones exitosas, ya sea solo, en pareja, en familia o con un peque\u00f1o grupo. Se organizan durante todo el a\u00f1o, sin restricciones de tiempo y est\u00e1n abiertos a todas las originalidades.<\/p><p>Para ello, Cactus Tour ofrece diferentes estancias a la carta cuyo punto com\u00fan es el descubrimiento. Nuestra carta del viajero sostenible tambi\u00e9n le invita a participar durante su viaje, pero sepa que cada componente de su recorrido contribuye al desarrollo local, ofreciendo un descubrimiento respetuoso de la naturaleza, los sitios y las personas, y una selecci\u00f3n de proveedores comprometidos con el medio ambiente y las poblaciones locales.<\/p><\/div><\/div><\/div><\/div><\/div><\/div>\t\t\t\t\t\t\t\t<\/div>\n\t\t\t\t<\/div>\n\t\t\t\t\t<\/div>\n\t\t\t\t<\/div>\n\t\t\t\t\t<\/div>\n\t\t\t\t<\/div>\n\t\t<div class=\"elementor-element elementor-element-e87de85 e-flex e-con-boxed e-con e-parent\" data-id=\"e87de85\" data-element_type=\"container\" data-e-type=\"container\">\n\t\t\t\t\t<div class=\"e-con-inner\">\n\t\t<div class=\"elementor-element elementor-element-007b9b4 e-flex e-con-boxed e-con e-child\" data-id=\"007b9b4\" data-element_type=\"container\" data-e-type=\"container\">\n\t\t\t\t\t<div class=\"e-con-inner\">\n\t\t\t\t<div class=\"elementor-element elementor-element-9e34aee elementor-widget elementor-widget-text-editor\" data-id=\"9e34aee\" data-element_type=\"widget\" data-e-type=\"widget\" data-widget_type=\"text-editor.default\">\n\t\t\t\t<div class=\"elementor-widget-container\">\n\t\t\t\t\t\t\t\t\t<h2 class=\"typo3-heading-2\">Los Circuitos Individuales \u00ab Auto tour \u00bb<\/h2><p>L&#8217;autotour est la formule de &#8220;aventure et libert\u00e9&#8221;. Elle comprend : un v\u00e9hicule, un itin\u00e9raire personnalis\u00e9, des nuits d\u2019h\u00f4tels ; l\u00b4accueil en fran\u00e7ais, des documents de voyage et des conseils, le suivi en direct de votre voyage par l\u2019\u00e9quipe. Cette formule vous permet de visiter le pays \u00e0 votre fa\u00e7on ! Vous \u00eates ma\u00eetre de votre v\u00e9hicule privatis\u00e9, vous voyagez \u00e0 votre rythme, seul ou en petit groupe. Votre parcours est ponctu\u00e9 par vos points d&#8217;int\u00e9r\u00eat et vous passez des nuits agr\u00e9ables l\u00e0 o\u00f9 vous le d\u00e9cidez.<\/p><p>Votre conseiller reste en contact continu avec vous pour \u00e9laborer votre s\u00e9jour. Ensemble, vous d\u00e9finissez votre trajet et le type de transport appropri\u00e9 ; nous vous conseillons sur le choix des activit\u00e9s et vous donnons des recommandations pour votre h\u00e9bergement. Lorsque vous validez votre s\u00e9jour &#8220;autotour&#8221;, nous effectuons toutes les r\u00e9servations et vous envoyons les confirmations. \u00c0 votre arriv\u00e9e, nous vous remettons un carnet de route d\u00e9taillant votre itin\u00e9raire, accompagn\u00e9 de cartes pr\u00e9cises. Votre conseiller reste en contact permanent pour assurer le bon d\u00e9roulement de votre voyage. Nous pouvons \u00e9galement ajouter des options \u00e0 la carte (comme un chauffeur ou des transferts priv\u00e9s) pour encore plus d&#8217;originalit\u00e9 et de surprises. N&#8217;h\u00e9sitez pas \u00e0 nous consulter !<\/p><p class=\"align-justify\">\u00a0<\/p>\t\t\t\t\t\t\t\t<\/div>\n\t\t\t\t<\/div>\n\t\t\t\t\t<\/div>\n\t\t\t\t<\/div>\n\t\t\t\t\t<\/div>\n\t\t\t\t<\/div>\n\t\t<div class=\"elementor-element elementor-element-e5e4a23 e-flex e-con-boxed e-con e-parent\" data-id=\"e5e4a23\" data-element_type=\"container\" data-e-type=\"container\">\n\t\t\t\t\t<div class=\"e-con-inner\">\n\t\t<div class=\"elementor-element elementor-element-e59118c e-flex e-con-boxed e-con e-child\" data-id=\"e59118c\" data-element_type=\"container\" data-e-type=\"container\">\n\t\t\t\t\t<div class=\"e-con-inner\">\n\t\t\t\t<div class=\"elementor-element elementor-element-98276f3 elementor-widget elementor-widget-text-editor\" data-id=\"98276f3\" data-element_type=\"widget\" data-e-type=\"widget\" data-widget_type=\"text-editor.default\">\n\t\t\t\t<div class=\"elementor-widget-container\">\n\t\t\t\t\t\t\t\t\t<h2 class=\"typo3-heading-2\">La prestaci\u00f3n FIT que ofrecemos incluye:<\/h2><ul><li>Escuchamos sus necesidades y ofrecemos nuestras recomendaciones.<\/li><li>Definimos su itinerario personalizado y documentado.<\/li><li>Reservamos alojamientos que se ajusten a sus preferencias.<\/li><li>Proporcionamos acompa\u00f1amiento de emergencia durante todo su viaje.<\/li><li>Posibilidad de incluir actividades, comidas, traslados y alquiler de diferentes veh\u00edculos (4&#215;4, minibus, moto, etc.) a la carta.<\/li><li>Selecci\u00f3n de proveedores comprometidos con pr\u00e1cticas sostenibles.<\/li><\/ul><p>Al contactarnos, usted est\u00e1 en manos de un agente privilegiado. Todo el equipo de Cactus Tour est\u00e1 a su disposici\u00f3n para hacer realidad sus ideas.<\/p>\t\t\t\t\t\t\t\t<\/div>\n\t\t\t\t<\/div>\n\t\t\t\t\t<\/div>\n\t\t\t\t<\/div>\n\t\t\t\t\t<\/div>\n\t\t\t\t<\/div>\n\t\t<div class=\"elementor-element elementor-element-8d8d232 e-flex e-con-boxed e-con e-parent\" data-id=\"8d8d232\" data-element_type=\"container\" data-e-type=\"container\">\n\t\t\t\t\t<div class=\"e-con-inner\">\n\t\t<div class=\"elementor-element elementor-element-f9b134b e-flex e-con-boxed e-con e-child\" data-id=\"f9b134b\" data-element_type=\"container\" data-e-type=\"container\">\n\t\t\t\t\t<div class=\"e-con-inner\">\n\t\t\t\t<div class=\"elementor-element elementor-element-9c3ecbd elementor-widget elementor-widget-text-editor\" data-id=\"9c3ecbd\" data-element_type=\"widget\" data-e-type=\"widget\" data-widget_type=\"text-editor.default\">\n\t\t\t\t<div class=\"elementor-widget-container\">\n\t\t\t\t\t\t\t\t\t<h2 class=\"typo3-heading-2\">Los tours guiados<\/h2><p>Ofrecemos dos tipos de tours acompa\u00f1ados por un gu\u00eda.<\/p><p class=\"align-justify\">La f\u00f3rmula &#8220;conocimiento y libertad&#8221; le ofrece seguir el camino de sus deseos, sin preocuparse por la log\u00edstica, y aumentar su conocimiento. Por lo tanto, juntos definimos su itinerario (ruta, actividades, alojamientos) y le proporcionamos un conductor y un gu\u00eda biling\u00fce. Su viaje personalizado lo lleva por los caminos de las experiencias que sue\u00f1a: observaci\u00f3n de los animales m\u00e1s discretos de las selvas y bosques, estudio de las joyas de la flora costarricense, inmersi\u00f3n en la cultura local, encuentro con la arquitectura colonial y los vestigios precolombinos&#8230; Las explicaciones, consejos y trucos de su experto pol\u00edglota le permitir\u00e1n vivir una experiencia \u00fanica, enriquecedora y relajante, ya sea que est\u00e9 solo o en un peque\u00f1o grupo&#8230; \u00a1Cont\u00e1ctenos!<\/p><p class=\"align-justify\">La f\u00f3rmula &#8220;descubrimiento y convivialidad&#8221; com\u00fanmente conocida como GIR, es un viaje que re\u00fane de 2 a 18 individuos que inicialmente no se conocen. El concepto est\u00e1 dise\u00f1ado para viajar de manera m\u00e1s segura (acompa\u00f1ado), al mismo tiempo que se fomentan los encuentros y descubrimientos. El itinerario, las noches de alojamiento y las actividades est\u00e1n planificados de antemano. Se recorre el pa\u00eds utilizando un minib\u00fas, traslados privados y con la ayuda de un gu\u00eda biling\u00fce. Esta oferta se organiza anualmente en fechas fijas en colaboraci\u00f3n con su agencia de viajes o tour operador local. Estos tours guiados, de una duraci\u00f3n de 8 d\u00edas, son variados y pueden complementarse al final del recorrido con un tour individual &#8220;Auto tour&#8221;, una f\u00f3rmula &#8220;conocimiento y libertad&#8221; o una extensi\u00f3n costera con traslados organizados. \u00a1Inf\u00f3rmese!<\/p>\t\t\t\t\t\t\t\t<\/div>\n\t\t\t\t<\/div>\n\t\t\t\t\t<\/div>\n\t\t\t\t<\/div>\n\t\t\t\t\t<\/div>\n\t\t\t\t<\/div>\n\t\t<div class=\"elementor-element elementor-element-a209e26 e-flex e-con-boxed e-con e-parent\" data-id=\"a209e26\" data-element_type=\"container\" data-e-type=\"container\">\n\t\t\t\t\t<div class=\"e-con-inner\">\n\t\t<div class=\"elementor-element elementor-element-a63db41 e-flex e-con-boxed e-con e-child\" data-id=\"a63db41\" data-element_type=\"container\" data-e-type=\"container\">\n\t\t\t\t\t<div class=\"e-con-inner\">\n\t\t\t\t<div class=\"elementor-element elementor-element-35c9466 elementor-widget elementor-widget-text-editor\" data-id=\"35c9466\" data-element_type=\"widget\" data-e-type=\"widget\" data-widget_type=\"text-editor.default\">\n\t\t\t\t<div class=\"elementor-widget-container\">\n\t\t\t\t\t\t\t\t\t<h2 class=\"typo3-heading-2\">\u00a1Emb\u00e1rcate en la exploraci\u00f3n de Am\u00e9rica Central!<\/h2><div class=\"flex-shrink-0 flex flex-col relative items-end\"><div><div class=\"pt-0.5 juice:pt-0\"><div class=\"gizmo-bot-avatar flex h-6 w-6 items-center justify-center overflow-hidden rounded-full juice:h-8 juice:w-8\"><div class=\"relative p-1 rounded-sm flex items-center justify-center bg-token-main-surface-primary text-token-text-primary h-8 w-8\">\u00a0<\/div><\/div><\/div><\/div><\/div><div class=\"group\/conversation-turn relative flex w-full min-w-0 flex-col agent-turn\"><div class=\"flex-col gap-1 md:gap-3\"><div class=\"flex flex-grow flex-col max-w-full\"><div class=\"min-h-[20px] text-message flex flex-col items-start whitespace-pre-wrap break-words [.text-message+&amp;]:mt-5 juice:w-full juice:items-end overflow-x-auto gap-2\" dir=\"auto\" data-message-author-role=\"assistant\" data-message-id=\"519dad35-03ca-4ae3-aff9-1abb4079a377\"><div class=\"flex w-full flex-col gap-1 juice:empty:hidden juice:first:pt-[3px]\"><div class=\"markdown prose w-full break-words dark:prose-invert dark\"><p>Al contactarnos, est\u00e1s en manos de un agente privilegiado. Todo el equipo de Cactus Tour est\u00e1 aqu\u00ed para hacer realidad tus ideas.<\/p><\/div><\/div><\/div><\/div><\/div><\/div>\t\t\t\t\t\t\t\t<\/div>\n\t\t\t\t<\/div>\n\t\t\t\t\t<\/div>\n\t\t\t\t<\/div>\n\t\t\t\t\t<\/div>\n\t\t\t\t<\/div>\n\t\t<div class=\"elementor-element elementor-element-20849a9 e-flex e-con-boxed e-con e-parent\" data-id=\"20849a9\" data-element_type=\"container\" data-e-type=\"container\">\n\t\t\t\t\t<div class=\"e-con-inner\">\n\t\t\t\t<div class=\"elementor-element elementor-element-a15bd1b elementor-widget elementor-widget-gallery\" data-id=\"a15bd1b\" data-element_type=\"widget\" data-e-type=\"widget\" data-settings=\"{&quot;gallery_layout&quot;:&quot;masonry&quot;,&quot;columns&quot;:3,&quot;gap&quot;:{&quot;unit&quot;:&quot;px&quot;,&quot;size&quot;:3,&quot;sizes&quot;:[]},&quot;lazyload&quot;:&quot;yes&quot;,&quot;columns_tablet&quot;:2,&quot;columns_mobile&quot;:1,&quot;gap_tablet&quot;:{&quot;unit&quot;:&quot;px&quot;,&quot;size&quot;:10,&quot;sizes&quot;:[]},&quot;gap_mobile&quot;:{&quot;unit&quot;:&quot;px&quot;,&quot;size&quot;:10,&quot;sizes&quot;:[]},&quot;link_to&quot;:&quot;file&quot;,&quot;overlay_background&quot;:&quot;yes&quot;,&quot;content_hover_animation&quot;:&quot;fade-in&quot;}\" data-widget_type=\"gallery.default\">\n\t\t\t\t<div class=\"elementor-widget-container\">\n\t\t\t\t\t\t\t<div class=\"elementor-gallery__container\">\n\t\t\t\t\t\t\t<a class=\"e-gallery-item elementor-gallery-item elementor-animated-content\" href=\"https:\/\/cactustour.com\/cactustour\/wp-content\/uploads\/2024\/02\/fete-natioale-enfant-people-73.jpg\" data-elementor-open-lightbox=\"yes\" data-elementor-lightbox-slideshow=\"a15bd1b\" data-elementor-lightbox-title=\"KONICA MINOLTA DIGITAL CAMERA\" data-e-action-hash=\"#elementor-action%3Aaction%3Dlightbox%26settings%3DeyJpZCI6MTkzMiwidXJsIjoiaHR0cHM6XC9cL2NhY3R1c3RvdXIuY29tXC9jYWN0dXN0b3VyXC93cC1jb250ZW50XC91cGxvYWRzXC8yMDI0XC8wMlwvZmV0ZS1uYXRpb2FsZS1lbmZhbnQtcGVvcGxlLTczLmpwZyIsInNsaWRlc2hvdyI6ImExNWJkMWIifQ%3D%3D\">\n\t\t\t\t\t<div class=\"e-gallery-image elementor-gallery-item__image\" data-thumbnail=\"https:\/\/cactustour.com\/cactustour\/wp-content\/uploads\/2024\/02\/fete-natioale-enfant-people-73.jpg\" data-width=\"640\" data-height=\"480\" aria-label=\"\" role=\"img\" ><\/div>\n\t\t\t\t\t\t\t\t\t\t\t<div class=\"elementor-gallery-item__overlay\"><\/div>\n\t\t\t\t\t\t\t\t\t\t\t\t\t\t<\/a>\n\t\t\t\t\t\t\t<a class=\"e-gallery-item elementor-gallery-item elementor-animated-content\" href=\"https:\/\/cactustour.com\/cactustour\/wp-content\/uploads\/2024\/02\/Arbre-jaune-5.jpg\" data-elementor-open-lightbox=\"yes\" data-elementor-lightbox-slideshow=\"a15bd1b\" data-elementor-lightbox-title=\"Arbre jaune 5\" data-e-action-hash=\"#elementor-action%3Aaction%3Dlightbox%26settings%3DeyJpZCI6MTg5NywidXJsIjoiaHR0cHM6XC9cL2NhY3R1c3RvdXIuY29tXC9jYWN0dXN0b3VyXC93cC1jb250ZW50XC91cGxvYWRzXC8yMDI0XC8wMlwvQXJicmUtamF1bmUtNS5qcGciLCJzbGlkZXNob3ciOiJhMTViZDFiIn0%3D\">\n\t\t\t\t\t<div class=\"e-gallery-image elementor-gallery-item__image\" data-thumbnail=\"https:\/\/cactustour.com\/cactustour\/wp-content\/uploads\/2024\/02\/Arbre-jaune-5.jpg\" data-width=\"640\" data-height=\"480\" aria-label=\"\" role=\"img\" ><\/div>\n\t\t\t\t\t\t\t\t\t\t\t<div class=\"elementor-gallery-item__overlay\"><\/div>\n\t\t\t\t\t\t\t\t\t\t\t\t\t\t<\/a>\n\t\t\t\t\t\t\t<a class=\"e-gallery-item elementor-gallery-item elementor-animated-content\" href=\"https:\/\/cactustour.com\/cactustour\/wp-content\/uploads\/2024\/02\/volcan_arenal-4.jpg\" data-elementor-open-lightbox=\"yes\" data-elementor-lightbox-slideshow=\"a15bd1b\" data-elementor-lightbox-title=\"OLYMPUS DIGITAL CAMERA\" data-e-action-hash=\"#elementor-action%3Aaction%3Dlightbox%26settings%3DeyJpZCI6MTg4MiwidXJsIjoiaHR0cHM6XC9cL2NhY3R1c3RvdXIuY29tXC9jYWN0dXN0b3VyXC93cC1jb250ZW50XC91cGxvYWRzXC8yMDI0XC8wMlwvdm9sY2FuX2FyZW5hbC00LmpwZyIsInNsaWRlc2hvdyI6ImExNWJkMWIifQ%3D%3D\">\n\t\t\t\t\t<div class=\"e-gallery-image elementor-gallery-item__image\" data-thumbnail=\"https:\/\/cactustour.com\/cactustour\/wp-content\/uploads\/2024\/02\/volcan_arenal-4.jpg\" data-width=\"640\" data-height=\"480\" aria-label=\"\" role=\"img\" ><\/div>\n\t\t\t\t\t\t\t\t\t\t\t<div class=\"elementor-gallery-item__overlay\"><\/div>\n\t\t\t\t\t\t\t\t\t\t\t\t\t\t<\/a>\n\t\t\t\t\t\t\t<a class=\"e-gallery-item elementor-gallery-item elementor-animated-content\" href=\"https:\/\/cactustour.com\/cactustour\/wp-content\/uploads\/2024\/06\/1-Playa-San-Blas1-Grand.jpg\" data-elementor-open-lightbox=\"yes\" data-elementor-lightbox-slideshow=\"a15bd1b\" data-elementor-lightbox-title=\"1 Playa San Blas1 (Grand)\" data-e-action-hash=\"#elementor-action%3Aaction%3Dlightbox%26settings%3DeyJpZCI6MjU3OSwidXJsIjoiaHR0cHM6XC9cL2NhY3R1c3RvdXIuY29tXC9jYWN0dXN0b3VyXC93cC1jb250ZW50XC91cGxvYWRzXC8yMDI0XC8wNlwvMS1QbGF5YS1TYW4tQmxhczEtR3JhbmQuanBnIiwic2xpZGVzaG93IjoiYTE1YmQxYiJ9\">\n\t\t\t\t\t<div class=\"e-gallery-image elementor-gallery-item__image\" data-thumbnail=\"https:\/\/cactustour.com\/cactustour\/wp-content\/uploads\/2024\/06\/1-Playa-San-Blas1-Grand.jpg\" data-width=\"1626\" data-height=\"1080\" aria-label=\"\" role=\"img\" ><\/div>\n\t\t\t\t\t\t\t\t\t\t\t<div class=\"elementor-gallery-item__overlay\"><\/div>\n\t\t\t\t\t\t\t\t\t\t\t\t\t\t<\/a>\n\t\t\t\t\t\t\t<a class=\"e-gallery-item elementor-gallery-item elementor-animated-content\" href=\"https:\/\/cactustour.com\/cactustour\/wp-content\/uploads\/2024\/06\/paresseux-10-Large.jpg\" data-elementor-open-lightbox=\"yes\" data-elementor-lightbox-slideshow=\"a15bd1b\" data-elementor-lightbox-title=\"paresseux (10) (Large)\" data-e-action-hash=\"#elementor-action%3Aaction%3Dlightbox%26settings%3DeyJpZCI6MjU4MCwidXJsIjoiaHR0cHM6XC9cL2NhY3R1c3RvdXIuY29tXC9jYWN0dXN0b3VyXC93cC1jb250ZW50XC91cGxvYWRzXC8yMDI0XC8wNlwvcGFyZXNzZXV4LTEwLUxhcmdlLmpwZyIsInNsaWRlc2hvdyI6ImExNWJkMWIifQ%3D%3D\">\n\t\t\t\t\t<div class=\"e-gallery-image elementor-gallery-item__image\" data-thumbnail=\"https:\/\/cactustour.com\/cactustour\/wp-content\/uploads\/2024\/06\/paresseux-10-Large.jpg\" data-width=\"1440\" data-height=\"1080\" aria-label=\"\" role=\"img\" ><\/div>\n\t\t\t\t\t\t\t\t\t\t\t<div class=\"elementor-gallery-item__overlay\"><\/div>\n\t\t\t\t\t\t\t\t\t\t\t\t\t\t<\/a>\n\t\t\t\t\t\t\t<a class=\"e-gallery-item elementor-gallery-item elementor-animated-content\" href=\"https:\/\/cactustour.com\/cactustour\/wp-content\/uploads\/2024\/06\/La-Recoleccion-Leon-9-Grand.jpg\" data-elementor-open-lightbox=\"yes\" data-elementor-lightbox-slideshow=\"a15bd1b\" data-elementor-lightbox-title=\"La Recolecci\u00f3n Leon (9) (Grand)\" data-e-action-hash=\"#elementor-action%3Aaction%3Dlightbox%26settings%3DeyJpZCI6MjUwNCwidXJsIjoiaHR0cHM6XC9cL2NhY3R1c3RvdXIuY29tXC9jYWN0dXN0b3VyXC93cC1jb250ZW50XC91cGxvYWRzXC8yMDI0XC8wNlwvTGEtUmVjb2xlY2Npb24tTGVvbi05LUdyYW5kLmpwZyIsInNsaWRlc2hvdyI6ImExNWJkMWIifQ%3D%3D\">\n\t\t\t\t\t<div class=\"e-gallery-image elementor-gallery-item__image\" data-thumbnail=\"https:\/\/cactustour.com\/cactustour\/wp-content\/uploads\/2024\/06\/La-Recoleccion-Leon-9-Grand.jpg\" data-width=\"1440\" data-height=\"1080\" aria-label=\"\" role=\"img\" ><\/div>\n\t\t\t\t\t\t\t\t\t\t\t<div class=\"elementor-gallery-item__overlay\"><\/div>\n\t\t\t\t\t\t\t\t\t\t\t\t\t\t<\/a>\n\t\t\t\t\t<\/div>\n\t\t\t\t\t<\/div>\n\t\t\t\t<\/div>\n\t\t\t\t\t<\/div>\n\t\t\t\t<\/div>\n\t\t\t\t<\/div>\n\t\t","protected":false},"excerpt":{"rendered":"<p>VIAJE INDIVIDUAL Nuestros Asesores Expertos est\u00e1n con usted en la creaci\u00f3n de su viaje. Hacer que el esp\u00edritu del viaje cobre vida para que emprenda su viaje a su medida. Cactus Tour combina sus sue\u00f1os con la realidad, dise\u00f1ando a su medida sus circuitos individuales &#8220;auto tour&#8221; y sus estancias guiadas. La filosof\u00eda de viaje [&hellip;]<\/p>\n","protected":false},"author":1,"featured_media":0,"parent":0,"menu_order":0,"comment_status":"closed","ping_status":"closed","template":"","meta":{"site-sidebar-layout":"no-sidebar","site-content-layout":"page-builder","ast-site-content-layout":"full-width-container","site-content-style":"default","site-sidebar-style":"default","ast-global-header-display":"","ast-banner-title-visibility":"","ast-main-header-display":"","ast-hfb-above-header-display":"","ast-hfb-below-header-display":"","ast-hfb-mobile-header-display":"","site-post-title":"disabled","ast-breadcrumbs-content":"","ast-featured-img":"disabled","footer-sml-layout":"","ast-disable-related-posts":"","theme-transparent-header-meta":"","adv-header-id-meta":"","stick-header-meta":"","header-above-stick-meta":"","header-main-stick-meta":"","header-below-stick-meta":"","astra-migrate-meta-layouts":"set","ast-page-background-enabled":"default","ast-page-background-meta":{"desktop":{"background-color":"","background-image":"","background-repeat":"repeat","background-position":"center center","background-size":"auto","background-attachment":"scroll","background-type":"","background-media":"","overlay-type":"","overlay-color":"","overlay-opacity":"","overlay-gradient":""},"tablet":{"background-color":"","background-image":"","background-repeat":"repeat","background-position":"center center","background-size":"auto","background-attachment":"scroll","background-type":"","background-media":"","overlay-type":"","overlay-color":"","overlay-opacity":"","overlay-gradient":""},"mobile":{"background-color":"","background-image":"","background-repeat":"repeat","background-position":"center center","background-size":"auto","background-attachment":"scroll","background-type":"","background-media":"","overlay-type":"","overlay-color":"","overlay-opacity":"","overlay-gradient":""}},"ast-content-background-meta":{"desktop":{"background-color":"var(--ast-global-color-5)","background-image":"","background-repeat":"repeat","background-position":"center center","background-size":"auto","background-attachment":"scroll","background-type":"","background-media":"","overlay-type":"","overlay-color":"","overlay-opacity":"","overlay-gradient":""},"tablet":{"background-color":"var(--ast-global-color-5)","background-image":"","background-repeat":"repeat","background-position":"center center","background-size":"auto","background-attachment":"scroll","background-type":"","background-media":"","overlay-type":"","overlay-color":"","overlay-opacity":"","overlay-gradient":""},"mobile":{"background-color":"var(--ast-global-color-5)","background-image":"","background-repeat":"repeat","background-position":"center center","background-size":"auto","background-attachment":"scroll","background-type":"","background-media":"","overlay-type":"","overlay-color":"","overlay-opacity":"","overlay-gradient":""}},"footnotes":""},"folder":[65],"class_list":["post-2903","page","type-page","status-publish","hentry"],"_links":{"self":[{"href":"https:\/\/cactustour.com\/cactustour\/wp-json\/wp\/v2\/pages\/2903","targetHints":{"allow":["GET"]}}],"collection":[{"href":"https:\/\/cactustour.com\/cactustour\/wp-json\/wp\/v2\/pages"}],"about":[{"href":"https:\/\/cactustour.com\/cactustour\/wp-json\/wp\/v2\/types\/page"}],"author":[{"embeddable":true,"href":"https:\/\/cactustour.com\/cactustour\/wp-json\/wp\/v2\/users\/1"}],"replies":[{"embeddable":true,"href":"https:\/\/cactustour.com\/cactustour\/wp-json\/wp\/v2\/comments?post=2903"}],"version-history":[{"count":7,"href":"https:\/\/cactustour.com\/cactustour\/wp-json\/wp\/v2\/pages\/2903\/revisions"}],"predecessor-version":[{"id":3259,"href":"https:\/\/cactustour.com\/cactustour\/wp-json\/wp\/v2\/pages\/2903\/revisions\/3259"}],"wp:attachment":[{"href":"https:\/\/cactustour.com\/cactustour\/wp-json\/wp\/v2\/media?parent=2903"}],"wp:term":[{"taxonomy":"folder","embeddable":true,"href":"https:\/\/cactustour.com\/cactustour\/wp-json\/wp\/v2\/folder?post=2903"}],"curies":[{"name":"wp","href":"https:\/\/api.w.org\/{rel}","templated":true}]}}