{"id":2908,"date":"2024-07-12T19:51:49","date_gmt":"2024-07-12T19:51:49","guid":{"rendered":"https:\/\/cactustour.com\/cactustour\/?page_id=2908"},"modified":"2024-07-17T15:50:24","modified_gmt":"2024-07-17T15:50:24","slug":"viaje-grupal","status":"publish","type":"page","link":"https:\/\/cactustour.com\/cactustour\/es\/viaje-grupal\/","title":{"rendered":"Voyage Groupe &#8211; ES"},"content":{"rendered":"\t\t<div data-elementor-type=\"wp-page\" data-elementor-id=\"2908\" class=\"elementor elementor-2908\" data-elementor-post-type=\"page\">\n\t\t\t\t<div data-dce-background-image-url=\"https:\/\/cactustour.com\/cactustour\/wp-content\/uploads\/2023\/12\/shutterstock_735719860-scaled.jpg\" class=\"elementor-element elementor-element-a748c6d e-flex e-con-boxed e-con e-parent\" data-id=\"a748c6d\" data-element_type=\"container\" data-e-type=\"container\" data-settings=\"{&quot;background_background&quot;:&quot;classic&quot;}\">\n\t\t\t\t\t<div class=\"e-con-inner\">\n\t\t<div class=\"elementor-element elementor-element-74c1555 e-con-full e-flex e-con e-child\" data-id=\"74c1555\" data-element_type=\"container\" data-e-type=\"container\">\n\t\t\t\t<div class=\"elementor-element elementor-element-efcb207 elementor-widget elementor-widget-heading\" data-id=\"efcb207\" data-element_type=\"widget\" data-e-type=\"widget\" data-widget_type=\"heading.default\">\n\t\t\t\t<div class=\"elementor-widget-container\">\n\t\t\t\t\t<h2 class=\"elementor-heading-title elementor-size-default\">VIAJE GRUPAL<\/h2>\t\t\t\t<\/div>\n\t\t\t\t<\/div>\n\t\t\t\t<div class=\"elementor-element elementor-element-4040e1b elementor-widget-divider--view-line elementor-widget elementor-widget-divider\" data-id=\"4040e1b\" data-element_type=\"widget\" data-e-type=\"widget\" data-widget_type=\"divider.default\">\n\t\t\t\t<div class=\"elementor-widget-container\">\n\t\t\t\t\t\t\t<div class=\"elementor-divider\">\n\t\t\t<span class=\"elementor-divider-separator\">\n\t\t\t\t\t\t<\/span>\n\t\t<\/div>\n\t\t\t\t\t\t<\/div>\n\t\t\t\t<\/div>\n\t\t\t\t<div class=\"elementor-element elementor-element-40de8fd elementor-widget elementor-widget-text-editor\" data-id=\"40de8fd\" data-element_type=\"widget\" data-e-type=\"widget\" data-widget_type=\"text-editor.default\">\n\t\t\t\t<div class=\"elementor-widget-container\">\n\t\t\t\t\t\t\t\t\t<h3 class=\"typo3-heading-2\"><span style=\"color: #ffffff;\">Viajar en Grupo es Genial!<\/span><\/h3>\t\t\t\t\t\t\t\t<\/div>\n\t\t\t\t<\/div>\n\t\t\t\t<\/div>\n\t\t\t\t\t<\/div>\n\t\t\t\t<\/div>\n\t\t<div class=\"elementor-element elementor-element-2ddb1a3 e-flex e-con-boxed e-con e-parent\" data-id=\"2ddb1a3\" data-element_type=\"container\" data-e-type=\"container\">\n\t\t\t\t\t<div class=\"e-con-inner\">\n\t\t<div class=\"elementor-element elementor-element-24927ef e-flex e-con-boxed e-con e-child\" data-id=\"24927ef\" data-element_type=\"container\" data-e-type=\"container\">\n\t\t\t\t\t<div class=\"e-con-inner\">\n\t\t\t\t<div class=\"elementor-element elementor-element-ac37b14 elementor-widget elementor-widget-text-editor\" data-id=\"ac37b14\" data-element_type=\"widget\" data-e-type=\"widget\" data-widget_type=\"text-editor.default\">\n\t\t\t\t<div class=\"elementor-widget-container\">\n\t\t\t\t\t\t\t\t\t<h2 class=\"typo3-heading-2\">Viajar en grupo para proteger el planeta y apoyar a la poblaci\u00f3n local<\/h2><p class=\"align-justify\">\u00a1Sab\u00edas que viajar en grupo es m\u00e1s ecol\u00f3gico que viajar solo! S\u00ed, usar un medio de transporte compartido ayuda a reducir las emisiones de carbono por persona. Adem\u00e1s, nuestra flota de autobuses cumple con las normativas ambientales: para poder partir, los autobuses deben cumplir con los est\u00e1ndares de gases contaminantes establecidos por la legislaci\u00f3n. Durante sus viajes a bordo de nuestros autobuses modernos de todas las tallas, tendr\u00e1n la oportunidad de participar en nuestro juego &#8220;conocimiento de Costa Rica&#8221;. Los ganadores ser\u00e1n subsidiados por Cactus Tour para una donaci\u00f3n a instituciones locales.<\/p>\t\t\t\t\t\t\t\t<\/div>\n\t\t\t\t<\/div>\n\t\t\t\t\t<\/div>\n\t\t\t\t<\/div>\n\t\t\t\t\t<\/div>\n\t\t\t\t<\/div>\n\t\t<div class=\"elementor-element elementor-element-3e26598 e-flex e-con-boxed e-con e-parent\" data-id=\"3e26598\" data-element_type=\"container\" data-e-type=\"container\">\n\t\t\t\t\t<div class=\"e-con-inner\">\n\t\t<div class=\"elementor-element elementor-element-f48ec89 e-flex e-con-boxed e-con e-child\" data-id=\"f48ec89\" data-element_type=\"container\" data-e-type=\"container\">\n\t\t\t\t\t<div class=\"e-con-inner\">\n\t\t\t\t<div class=\"elementor-element elementor-element-ccf1240 elementor-widget elementor-widget-text-editor\" data-id=\"ccf1240\" data-element_type=\"widget\" data-e-type=\"widget\" data-widget_type=\"text-editor.default\">\n\t\t\t\t<div class=\"elementor-widget-container\">\n\t\t\t\t\t\t\t\t\t<h2 class=\"typo3-heading-2\">Viajar en grupo para descubrir<\/h2><p class=\"align-justify\">Desde la Meseta Central, San Jos\u00e9, le ofrecemos una apertura al mundo latino, un enfoque educativo de los cr\u00e1teres activos y el descanso en playas id\u00edlicas. Elegir un circuito de descubrimiento es optar por la diversidad. Estos recorridos le llevar\u00e1n a trav\u00e9s de llanuras y monta\u00f1as, hasta el Caribe sur, pasando por las erupciones explosivas del volc\u00e1n Arenal; desde la selva virgen de la pen\u00ednsula de Osa (Parque Nacional Corcovado) hasta la costa del Pac\u00edfico Norte (Tamarindo, Conchal, Papagayo&#8230;), pasando por las regiones rurales de Sarapiqu\u00ed, Turrialba o Guanacaste. Cont\u00e1ctenos para m\u00e1s informaci\u00f3n.<\/p>\t\t\t\t\t\t\t\t<\/div>\n\t\t\t\t<\/div>\n\t\t\t\t\t<\/div>\n\t\t\t\t<\/div>\n\t\t\t\t\t<\/div>\n\t\t\t\t<\/div>\n\t\t<div class=\"elementor-element elementor-element-615c7ef e-flex e-con-boxed e-con e-parent\" data-id=\"615c7ef\" data-element_type=\"container\" data-e-type=\"container\">\n\t\t\t\t\t<div class=\"e-con-inner\">\n\t\t<div class=\"elementor-element elementor-element-9af03c9 e-flex e-con-boxed e-con e-child\" data-id=\"9af03c9\" data-element_type=\"container\" data-e-type=\"container\">\n\t\t\t\t\t<div class=\"e-con-inner\">\n\t\t\t\t<div class=\"elementor-element elementor-element-930d72d elementor-widget elementor-widget-text-editor\" data-id=\"930d72d\" data-element_type=\"widget\" data-e-type=\"widget\" data-widget_type=\"text-editor.default\">\n\t\t\t\t<div class=\"elementor-widget-container\">\n\t\t\t\t\t\t\t\t\t<div class=\"flex-shrink-0 flex flex-col relative items-end\"><div><div class=\"pt-0.5 juice:pt-0\"><div class=\"gizmo-bot-avatar flex h-6 w-6 items-center justify-center overflow-hidden rounded-full juice:h-8 juice:w-8\"><h2 class=\"relative p-1 rounded-sm flex items-center justify-center bg-token-main-surface-primary text-token-text-primary h-8 w-8\">\u00a0<\/h2><\/div><\/div><\/div><\/div><div class=\"group\/conversation-turn relative flex w-full min-w-0 flex-col agent-turn\"><div class=\"flex-col gap-1 md:gap-3\"><div class=\"flex flex-grow flex-col max-w-full\"><div class=\"min-h-[20px] text-message flex flex-col items-start whitespace-pre-wrap break-words [.text-message+&amp;]:mt-5 juice:w-full juice:items-end overflow-x-auto gap-2\" dir=\"auto\" data-message-author-role=\"assistant\" data-message-id=\"a5170243-0d24-4dfa-8a86-088835d99090\"><div class=\"flex w-full flex-col gap-1 juice:empty:hidden juice:first:pt-[3px]\"><div class=\"markdown prose w-full break-words dark:prose-invert dark\"><h2>Viaje en grupo centrado en un tema<\/h2><\/div><\/div><\/div><\/div><\/div><\/div><div class=\"flex-shrink-0 flex flex-col relative items-end\"><div><div class=\"pt-0.5 juice:pt-0\"><div class=\"gizmo-bot-avatar flex h-6 w-6 items-center justify-center overflow-hidden rounded-full juice:h-8 juice:w-8\"><div class=\"relative p-1 rounded-sm flex items-center justify-center bg-token-main-surface-primary text-token-text-primary h-8 w-8\">\u00a0<\/div><\/div><\/div><\/div><\/div><div class=\"group\/conversation-turn relative flex w-full min-w-0 flex-col agent-turn\"><div class=\"flex-col gap-1 md:gap-3\"><div class=\"flex flex-grow flex-col max-w-full\"><div class=\"min-h-[20px] text-message flex flex-col items-start whitespace-pre-wrap break-words [.text-message+&amp;]:mt-5 juice:w-full juice:items-end overflow-x-auto gap-2\" dir=\"auto\" data-message-author-role=\"assistant\" data-message-id=\"ace182e8-024b-4da6-b557-12dc3a6fca3f\"><div class=\"flex w-full flex-col gap-1 juice:empty:hidden juice:first:pt-[3px]\"><div class=\"markdown prose w-full break-words dark:prose-invert dark\"><p>La riqueza de Costa Rica permite una amplia selecci\u00f3n de viajes tem\u00e1ticos. Ya sea que seas un aficionado al trekking, buceo, turismo rural y comunitario, observaci\u00f3n de aves, aventuras extremas, orqu\u00eddeas, etc., ponemos a tu disposici\u00f3n un equipo profesional y apasionado listo para dise\u00f1ar y organizar tu viaje seg\u00fan tus necesidades, deseos y preferencias. Cont\u00e1ctanos para m\u00e1s informaci\u00f3n.<\/p><\/div><\/div><\/div><\/div><\/div><\/div>\t\t\t\t\t\t\t\t<\/div>\n\t\t\t\t<\/div>\n\t\t\t\t\t<\/div>\n\t\t\t\t<\/div>\n\t\t\t\t\t<\/div>\n\t\t\t\t<\/div>\n\t\t<div class=\"elementor-element elementor-element-6233308 e-flex e-con-boxed e-con e-parent\" data-id=\"6233308\" data-element_type=\"container\" data-e-type=\"container\">\n\t\t\t\t\t<div class=\"e-con-inner\">\n\t\t<div class=\"elementor-element elementor-element-0bc6e90 e-flex e-con-boxed e-con e-child\" data-id=\"0bc6e90\" data-element_type=\"container\" data-e-type=\"container\">\n\t\t\t\t\t<div class=\"e-con-inner\">\n\t\t\t\t<div class=\"elementor-element elementor-element-a8c0b78 elementor-widget elementor-widget-text-editor\" data-id=\"a8c0b78\" data-element_type=\"widget\" data-e-type=\"widget\" data-widget_type=\"text-editor.default\">\n\t\t\t\t<div class=\"elementor-widget-container\">\n\t\t\t\t\t\t\t\t\t<h2 class=\"typo3-heading-2\">Viaje en grupo con acompa\u00f1amiento<\/h2><p>Desde su llegada al pa\u00eds, nuestros grupos son acompa\u00f1ados por un gu\u00eda biling\u00fce que ser\u00e1 el medio para profundizar en su conocimiento de la naturaleza, la cultura y la importancia de la conservaci\u00f3n de nuestro medio ambiente. Tambi\u00e9n estar\u00e1 presente para establecer una relaci\u00f3n cercana con la poblaci\u00f3n local, mostrar la vida cotidiana de los costarricenses y gestionar la log\u00edstica necesaria para unas vacaciones exitosas. Cont\u00e1ctenos para m\u00e1s informaci\u00f3n.<\/p>\t\t\t\t\t\t\t\t<\/div>\n\t\t\t\t<\/div>\n\t\t\t\t\t<\/div>\n\t\t\t\t<\/div>\n\t\t\t\t\t<\/div>\n\t\t\t\t<\/div>\n\t\t<div class=\"elementor-element elementor-element-9185c40 e-flex e-con-boxed e-con e-parent\" data-id=\"9185c40\" data-element_type=\"container\" data-e-type=\"container\">\n\t\t\t\t\t<div class=\"e-con-inner\">\n\t\t<div class=\"elementor-element elementor-element-48e0dfe e-flex e-con-boxed e-con e-child\" data-id=\"48e0dfe\" data-element_type=\"container\" data-e-type=\"container\">\n\t\t\t\t\t<div class=\"e-con-inner\">\n\t\t\t\t<div class=\"elementor-element elementor-element-409bdb3 elementor-widget elementor-widget-text-editor\" data-id=\"409bdb3\" data-element_type=\"widget\" data-e-type=\"widget\" data-widget_type=\"text-editor.default\">\n\t\t\t\t<div class=\"elementor-widget-container\">\n\t\t\t\t\t\t\t\t\t<h2 class=\"typo3-heading-2\">Viaje en grupo con comodidad<\/h2><p>La variedad y calidad de los alojamientos te encantar\u00e1n: hoteles, resorts, encantadores alojamientos familiares y opciones \u00fanicas te esperan.<\/p><p>Adem\u00e1s, la buena red de carreteras nacional te permitir\u00e1 recorrer Costa Rica sin inconvenientes. Tambi\u00e9n, nuestros autobuses est\u00e1n bien equipados con aire acondicionado individual, asientos reclinables, sistema de audio con micr\u00f3fono. Los autobuses m\u00e1s grandes cuentan con TV con reproductor de VHS y DVD.<\/p><p>Prestamos especial atenci\u00f3n en la elecci\u00f3n de restaurantes y men\u00fas para que puedas descubrir la gastronom\u00eda local en las mejores condiciones.<\/p><p>El contenido del circuito y sus temas siempre ser\u00e1n pensados en funci\u00f3n del grupo. Para grupos compuestos por personas que no se conocen, buscamos juntos las mejores opciones.<\/p>\t\t\t\t\t\t\t\t<\/div>\n\t\t\t\t<\/div>\n\t\t\t\t\t<\/div>\n\t\t\t\t<\/div>\n\t\t\t\t\t<\/div>\n\t\t\t\t<\/div>\n\t\t<div class=\"elementor-element elementor-element-2cc58f0 e-flex e-con-boxed e-con e-parent\" data-id=\"2cc58f0\" data-element_type=\"container\" data-e-type=\"container\">\n\t\t\t\t\t<div class=\"e-con-inner\">\n\t\t<div class=\"elementor-element elementor-element-fd497bd e-flex e-con-boxed e-con e-child\" data-id=\"fd497bd\" data-element_type=\"container\" data-e-type=\"container\">\n\t\t\t\t\t<div class=\"e-con-inner\">\n\t\t\t\t<div class=\"elementor-element elementor-element-b8e26cd elementor-widget elementor-widget-text-editor\" data-id=\"b8e26cd\" data-element_type=\"widget\" data-e-type=\"widget\" data-widget_type=\"text-editor.default\">\n\t\t\t\t<div class=\"elementor-widget-container\">\n\t\t\t\t\t\t\t\t\t<h2 class=\"typo3-heading-2\">La prestaci\u00f3n para grupos que ofrecemos incluye:<\/h2><p>La definici\u00f3n de un itinerario original<br \/>Un equipo atento para la creaci\u00f3n de su viaje<br \/>Recepci\u00f3n de los participantes<br \/>Traslados desde el aeropuerto \/ hoteles \/ sitios<br \/>Gu\u00eda biling\u00fce acompa\u00f1ante permanente<br \/>Proveedores respetuosos del medio ambiente y de las personas<\/p>\t\t\t\t\t\t\t\t<\/div>\n\t\t\t\t<\/div>\n\t\t\t\t\t<\/div>\n\t\t\t\t<\/div>\n\t\t\t\t\t<\/div>\n\t\t\t\t<\/div>\n\t\t\t\t<\/div>\n\t\t","protected":false},"excerpt":{"rendered":"<p>VIAJE GRUPAL Viajar en Grupo es Genial! Viajar en grupo para proteger el planeta y apoyar a la poblaci\u00f3n local \u00a1Sab\u00edas que viajar en grupo es m\u00e1s ecol\u00f3gico que viajar solo! S\u00ed, usar un medio de transporte compartido ayuda a reducir las emisiones de carbono por persona. Adem\u00e1s, nuestra flota de autobuses cumple con las [&hellip;]<\/p>\n","protected":false},"author":1,"featured_media":0,"parent":0,"menu_order":0,"comment_status":"closed","ping_status":"closed","template":"","meta":{"site-sidebar-layout":"no-sidebar","site-content-layout":"page-builder","ast-site-content-layout":"full-width-container","site-content-style":"default","site-sidebar-style":"default","ast-global-header-display":"","ast-banner-title-visibility":"","ast-main-header-display":"","ast-hfb-above-header-display":"","ast-hfb-below-header-display":"","ast-hfb-mobile-header-display":"","site-post-title":"disabled","ast-breadcrumbs-content":"","ast-featured-img":"disabled","footer-sml-layout":"","ast-disable-related-posts":"","theme-transparent-header-meta":"","adv-header-id-meta":"","stick-header-meta":"","header-above-stick-meta":"","header-main-stick-meta":"","header-below-stick-meta":"","astra-migrate-meta-layouts":"set","ast-page-background-enabled":"default","ast-page-background-meta":{"desktop":{"background-color":"","background-image":"","background-repeat":"repeat","background-position":"center center","background-size":"auto","background-attachment":"scroll","background-type":"","background-media":"","overlay-type":"","overlay-color":"","overlay-opacity":"","overlay-gradient":""},"tablet":{"background-color":"","background-image":"","background-repeat":"repeat","background-position":"center center","background-size":"auto","background-attachment":"scroll","background-type":"","background-media":"","overlay-type":"","overlay-color":"","overlay-opacity":"","overlay-gradient":""},"mobile":{"background-color":"","background-image":"","background-repeat":"repeat","background-position":"center center","background-size":"auto","background-attachment":"scroll","background-type":"","background-media":"","overlay-type":"","overlay-color":"","overlay-opacity":"","overlay-gradient":""}},"ast-content-background-meta":{"desktop":{"background-color":"var(--ast-global-color-5)","background-image":"","background-repeat":"repeat","background-position":"center center","background-size":"auto","background-attachment":"scroll","background-type":"","background-media":"","overlay-type":"","overlay-color":"","overlay-opacity":"","overlay-gradient":""},"tablet":{"background-color":"var(--ast-global-color-5)","background-image":"","background-repeat":"repeat","background-position":"center center","background-size":"auto","background-attachment":"scroll","background-type":"","background-media":"","overlay-type":"","overlay-color":"","overlay-opacity":"","overlay-gradient":""},"mobile":{"background-color":"var(--ast-global-color-5)","background-image":"","background-repeat":"repeat","background-position":"center center","background-size":"auto","background-attachment":"scroll","background-type":"","background-media":"","overlay-type":"","overlay-color":"","overlay-opacity":"","overlay-gradient":""}},"footnotes":""},"folder":[65],"class_list":["post-2908","page","type-page","status-publish","hentry"],"_links":{"self":[{"href":"https:\/\/cactustour.com\/cactustour\/wp-json\/wp\/v2\/pages\/2908","targetHints":{"allow":["GET"]}}],"collection":[{"href":"https:\/\/cactustour.com\/cactustour\/wp-json\/wp\/v2\/pages"}],"about":[{"href":"https:\/\/cactustour.com\/cactustour\/wp-json\/wp\/v2\/types\/page"}],"author":[{"embeddable":true,"href":"https:\/\/cactustour.com\/cactustour\/wp-json\/wp\/v2\/users\/1"}],"replies":[{"embeddable":true,"href":"https:\/\/cactustour.com\/cactustour\/wp-json\/wp\/v2\/comments?post=2908"}],"version-history":[{"count":7,"href":"https:\/\/cactustour.com\/cactustour\/wp-json\/wp\/v2\/pages\/2908\/revisions"}],"predecessor-version":[{"id":3271,"href":"https:\/\/cactustour.com\/cactustour\/wp-json\/wp\/v2\/pages\/2908\/revisions\/3271"}],"wp:attachment":[{"href":"https:\/\/cactustour.com\/cactustour\/wp-json\/wp\/v2\/media?parent=2908"}],"wp:term":[{"taxonomy":"folder","embeddable":true,"href":"https:\/\/cactustour.com\/cactustour\/wp-json\/wp\/v2\/folder?post=2908"}],"curies":[{"name":"wp","href":"https:\/\/api.w.org\/{rel}","templated":true}]}}