{"id":3020,"date":"2024-07-15T05:35:09","date_gmt":"2024-07-15T05:35:09","guid":{"rendered":"https:\/\/cactustour.com\/cactustour\/?page_id=3020"},"modified":"2024-07-17T15:51:02","modified_gmt":"2024-07-17T15:51:02","slug":"group-trip","status":"publish","type":"page","link":"https:\/\/cactustour.com\/cactustour\/en\/group-trip\/","title":{"rendered":"Voyage Groupe &#8211; EN"},"content":{"rendered":"\t\t<div data-elementor-type=\"wp-page\" data-elementor-id=\"3020\" class=\"elementor elementor-3020\" data-elementor-post-type=\"page\">\n\t\t\t\t<div data-dce-background-image-url=\"https:\/\/cactustour.com\/cactustour\/wp-content\/uploads\/2023\/12\/shutterstock_735719860-scaled.jpg\" class=\"elementor-element elementor-element-a748c6d e-flex e-con-boxed e-con e-parent\" data-id=\"a748c6d\" data-element_type=\"container\" data-e-type=\"container\" data-settings=\"{&quot;background_background&quot;:&quot;classic&quot;}\">\n\t\t\t\t\t<div class=\"e-con-inner\">\n\t\t<div class=\"elementor-element elementor-element-74c1555 e-con-full e-flex e-con e-child\" data-id=\"74c1555\" data-element_type=\"container\" data-e-type=\"container\">\n\t\t\t\t<div class=\"elementor-element elementor-element-efcb207 elementor-widget elementor-widget-heading\" data-id=\"efcb207\" data-element_type=\"widget\" data-e-type=\"widget\" data-widget_type=\"heading.default\">\n\t\t\t\t<div class=\"elementor-widget-container\">\n\t\t\t\t\t<h2 class=\"elementor-heading-title elementor-size-default\">Group Trip<\/h2>\t\t\t\t<\/div>\n\t\t\t\t<\/div>\n\t\t\t\t<div class=\"elementor-element elementor-element-4040e1b elementor-widget-divider--view-line elementor-widget elementor-widget-divider\" data-id=\"4040e1b\" data-element_type=\"widget\" data-e-type=\"widget\" data-widget_type=\"divider.default\">\n\t\t\t\t<div class=\"elementor-widget-container\">\n\t\t\t\t\t\t\t<div class=\"elementor-divider\">\n\t\t\t<span class=\"elementor-divider-separator\">\n\t\t\t\t\t\t<\/span>\n\t\t<\/div>\n\t\t\t\t\t\t<\/div>\n\t\t\t\t<\/div>\n\t\t\t\t<div class=\"elementor-element elementor-element-40de8fd elementor-widget elementor-widget-text-editor\" data-id=\"40de8fd\" data-element_type=\"widget\" data-e-type=\"widget\" data-widget_type=\"text-editor.default\">\n\t\t\t\t<div class=\"elementor-widget-container\">\n\t\t\t\t\t\t\t\t\t<h3 class=\"typo3-heading-2\"><span style=\"color: #ffffff;\">Traveling in a group is more than just fun!<\/span><\/h3>\t\t\t\t\t\t\t\t<\/div>\n\t\t\t\t<\/div>\n\t\t\t\t<\/div>\n\t\t\t\t\t<\/div>\n\t\t\t\t<\/div>\n\t\t<div class=\"elementor-element elementor-element-2ddb1a3 e-flex e-con-boxed e-con e-parent\" data-id=\"2ddb1a3\" data-element_type=\"container\" data-e-type=\"container\">\n\t\t\t\t\t<div class=\"e-con-inner\">\n\t\t<div class=\"elementor-element elementor-element-24927ef e-flex e-con-boxed e-con e-child\" data-id=\"24927ef\" data-element_type=\"container\" data-e-type=\"container\">\n\t\t\t\t\t<div class=\"e-con-inner\">\n\t\t\t\t<div class=\"elementor-element elementor-element-ac37b14 elementor-widget elementor-widget-text-editor\" data-id=\"ac37b14\" data-element_type=\"widget\" data-e-type=\"widget\" data-widget_type=\"text-editor.default\">\n\t\t\t\t<div class=\"elementor-widget-container\">\n\t\t\t\t\t\t\t\t\t<h2 class=\"typo3-heading-2\">Traveling in a group to protect the planet and support the local population!<\/h2><p>Le saviez-vous ?<\/p><p>Voyager en groupe est plus \u00e9cologique que voyager seul ! En utilisant un moyen de transport commun, vous contribuez \u00e0 r\u00e9duire les \u00e9missions de carbone par personne ! De plus, notre flotte de bus est conforme aux normes environnementales : avant le d\u00e9part, les bus doivent respecter les normes l\u00e9gales sur les \u00e9missions de gaz polluants. Lors de vos trajets \u00e0 bord de nos bus modernes de toutes tailles, vous aurez l&#8217;opportunit\u00e9 de participer \u00e0 notre jeu &#8220;Connaissance du Costa Rica&#8221;. Les gagnants recevront un soutien financier de Cactus Tour pour effectuer un don \u00e0 des institutions locales.<\/p>\t\t\t\t\t\t\t\t<\/div>\n\t\t\t\t<\/div>\n\t\t\t\t\t<\/div>\n\t\t\t\t<\/div>\n\t\t\t\t\t<\/div>\n\t\t\t\t<\/div>\n\t\t<div class=\"elementor-element elementor-element-3e26598 e-flex e-con-boxed e-con e-parent\" data-id=\"3e26598\" data-element_type=\"container\" data-e-type=\"container\">\n\t\t\t\t\t<div class=\"e-con-inner\">\n\t\t<div class=\"elementor-element elementor-element-f48ec89 e-flex e-con-boxed e-con e-child\" data-id=\"f48ec89\" data-element_type=\"container\" data-e-type=\"container\">\n\t\t\t\t\t<div class=\"e-con-inner\">\n\t\t\t\t<div class=\"elementor-element elementor-element-ccf1240 elementor-widget elementor-widget-text-editor\" data-id=\"ccf1240\" data-element_type=\"widget\" data-e-type=\"widget\" data-widget_type=\"text-editor.default\">\n\t\t\t\t<div class=\"elementor-widget-container\">\n\t\t\t\t\t\t\t\t\t<h2 class=\"typo3-heading-2\">Traveling in a group to discover<\/h2><p class=\"align-justify\">From the Central Meseta in San Jos\u00e9, we offer you an opening to the Latin world, an informative approach to active craters, and relaxation on idyllic beaches. Choosing a discovery tour means opting for diversity. These routes will take you through plains and mountains, to the southern Caribbean, passing through the explosive flows of the Arenal Volcano, and from the pristine forests of the Osa Peninsula (Corcovado National Park) to the beachfronts of the North Pacific (Tamarindo, Conchal, Papagayo&#8230;), through rural regions like Sarapiqui, Turrialba, or Guanacaste. Contact us for more information.<\/p>\t\t\t\t\t\t\t\t<\/div>\n\t\t\t\t<\/div>\n\t\t\t\t\t<\/div>\n\t\t\t\t<\/div>\n\t\t\t\t\t<\/div>\n\t\t\t\t<\/div>\n\t\t<div class=\"elementor-element elementor-element-615c7ef e-flex e-con-boxed e-con e-parent\" data-id=\"615c7ef\" data-element_type=\"container\" data-e-type=\"container\">\n\t\t\t\t\t<div class=\"e-con-inner\">\n\t\t<div class=\"elementor-element elementor-element-9af03c9 e-flex e-con-boxed e-con e-child\" data-id=\"9af03c9\" data-element_type=\"container\" data-e-type=\"container\">\n\t\t\t\t\t<div class=\"e-con-inner\">\n\t\t\t\t<div class=\"elementor-element elementor-element-930d72d elementor-widget elementor-widget-text-editor\" data-id=\"930d72d\" data-element_type=\"widget\" data-e-type=\"widget\" data-widget_type=\"text-editor.default\">\n\t\t\t\t<div class=\"elementor-widget-container\">\n\t\t\t\t\t\t\t\t\t<h2 class=\"typo3-heading-2\">Traveling in a group around a theme<\/h2><p>Costa Rica&#8217;s richness offers a wide range of thematic trips. Whether you&#8217;re a fan of trekking, diving, rural and community tourism, ornithology, extreme adventures, orchids, and more, we have a professional and passionate team ready to design and organize your trip according to your needs, desires, and preferences. Contact us for more details.<\/p>\t\t\t\t\t\t\t\t<\/div>\n\t\t\t\t<\/div>\n\t\t\t\t\t<\/div>\n\t\t\t\t<\/div>\n\t\t\t\t\t<\/div>\n\t\t\t\t<\/div>\n\t\t<div class=\"elementor-element elementor-element-6233308 e-flex e-con-boxed e-con e-parent\" data-id=\"6233308\" data-element_type=\"container\" data-e-type=\"container\">\n\t\t\t\t\t<div class=\"e-con-inner\">\n\t\t<div class=\"elementor-element elementor-element-0bc6e90 e-flex e-con-boxed e-con e-child\" data-id=\"0bc6e90\" data-element_type=\"container\" data-e-type=\"container\">\n\t\t\t\t\t<div class=\"e-con-inner\">\n\t\t\t\t<div class=\"elementor-element elementor-element-a8c0b78 elementor-widget elementor-widget-text-editor\" data-id=\"a8c0b78\" data-element_type=\"widget\" data-e-type=\"widget\" data-widget_type=\"text-editor.default\">\n\t\t\t\t<div class=\"elementor-widget-container\">\n\t\t\t\t\t\t\t\t\t<h2 class=\"typo3-heading-2\">Traveling in a group with a guide<\/h2><p>Upon arrival in the country, our groups are accompanied by a bilingual guide who serves as a facilitator for deepening your understanding of nature, culture, and the importance of environmental conservation. They will also help establish a close relationship with the local population, provide insights into Costa Rican daily life, and manage the logistical aspects of ensuring a successful vacation. Please contact us for more details.<\/p>\t\t\t\t\t\t\t\t<\/div>\n\t\t\t\t<\/div>\n\t\t\t\t\t<\/div>\n\t\t\t\t<\/div>\n\t\t\t\t\t<\/div>\n\t\t\t\t<\/div>\n\t\t<div class=\"elementor-element elementor-element-9185c40 e-flex e-con-boxed e-con e-parent\" data-id=\"9185c40\" data-element_type=\"container\" data-e-type=\"container\">\n\t\t\t\t\t<div class=\"e-con-inner\">\n\t\t<div class=\"elementor-element elementor-element-48e0dfe e-flex e-con-boxed e-con e-child\" data-id=\"48e0dfe\" data-element_type=\"container\" data-e-type=\"container\">\n\t\t\t\t\t<div class=\"e-con-inner\">\n\t\t\t\t<div class=\"elementor-element elementor-element-409bdb3 elementor-widget elementor-widget-text-editor\" data-id=\"409bdb3\" data-element_type=\"widget\" data-e-type=\"widget\" data-widget_type=\"text-editor.default\">\n\t\t\t\t<div class=\"elementor-widget-container\">\n\t\t\t\t\t\t\t\t\t<h2 class=\"typo3-heading-2\">Traveling comfortably in a group<\/h2><p>The variety and quality of accommodations will delight you: hotels, resorts, charming guesthouses, and unique lodging options await!<\/p><p>Moreover, Costa Rica&#8217;s good national road network allows you to travel smoothly without inconvenience! Additionally, our buses are well-equipped with individually adjustable air conditioning, reclining seats, an audio system with a microphone. The larger buses are equipped with a TV with VHS and DVD players.<\/p><p>We pay special attention to selecting restaurants and menus to ensure you experience local cuisine under the best conditions.<\/p><p>The content of the itinerary and its themes will always be tailored to the group&#8217;s spirit. For groups composed of individuals who do not know each other, we will work together to find the best options!<\/p>\t\t\t\t\t\t\t\t<\/div>\n\t\t\t\t<\/div>\n\t\t\t\t\t<\/div>\n\t\t\t\t<\/div>\n\t\t\t\t\t<\/div>\n\t\t\t\t<\/div>\n\t\t<div class=\"elementor-element elementor-element-2cc58f0 e-flex e-con-boxed e-con e-parent\" data-id=\"2cc58f0\" data-element_type=\"container\" data-e-type=\"container\">\n\t\t\t\t\t<div class=\"e-con-inner\">\n\t\t<div class=\"elementor-element elementor-element-fd497bd e-flex e-con-boxed e-con e-child\" data-id=\"fd497bd\" data-element_type=\"container\" data-e-type=\"container\">\n\t\t\t\t\t<div class=\"e-con-inner\">\n\t\t\t\t<div class=\"elementor-element elementor-element-b8e26cd elementor-widget elementor-widget-text-editor\" data-id=\"b8e26cd\" data-element_type=\"widget\" data-e-type=\"widget\" data-widget_type=\"text-editor.default\">\n\t\t\t\t<div class=\"elementor-widget-container\">\n\t\t\t\t\t\t\t\t\t<h2 class=\"typo3-heading-2\">The group service we offer includes:<\/h2><p>The group service we offer includes:<\/p><p>&#8211; Definition of an original itinerary<br \/>&#8211; A team dedicated to creating your journey<br \/>&#8211; Participant reception<br \/>&#8211; Airport transfers \/ hotel \/ site transfers<br \/>&#8211; Permanent accompaniment by a bilingual guide<br \/>&#8211; Providers committed to environmental and social responsibility<\/p>\t\t\t\t\t\t\t\t<\/div>\n\t\t\t\t<\/div>\n\t\t\t\t\t<\/div>\n\t\t\t\t<\/div>\n\t\t\t\t\t<\/div>\n\t\t\t\t<\/div>\n\t\t\t\t<\/div>\n\t\t","protected":false},"excerpt":{"rendered":"<p>Group Trip Traveling in a group is more than just fun! Traveling in a group to protect the planet and support the local population! Le saviez-vous ? Voyager en groupe est plus \u00e9cologique que voyager seul ! En utilisant un moyen de transport commun, vous contribuez \u00e0 r\u00e9duire les \u00e9missions de carbone par personne ! [&hellip;]<\/p>\n","protected":false},"author":1,"featured_media":0,"parent":0,"menu_order":0,"comment_status":"closed","ping_status":"closed","template":"","meta":{"site-sidebar-layout":"no-sidebar","site-content-layout":"page-builder","ast-site-content-layout":"full-width-container","site-content-style":"default","site-sidebar-style":"default","ast-global-header-display":"","ast-banner-title-visibility":"","ast-main-header-display":"","ast-hfb-above-header-display":"","ast-hfb-below-header-display":"","ast-hfb-mobile-header-display":"","site-post-title":"disabled","ast-breadcrumbs-content":"","ast-featured-img":"disabled","footer-sml-layout":"","ast-disable-related-posts":"","theme-transparent-header-meta":"","adv-header-id-meta":"","stick-header-meta":"","header-above-stick-meta":"","header-main-stick-meta":"","header-below-stick-meta":"","astra-migrate-meta-layouts":"set","ast-page-background-enabled":"default","ast-page-background-meta":{"desktop":{"background-color":"","background-image":"","background-repeat":"repeat","background-position":"center center","background-size":"auto","background-attachment":"scroll","background-type":"","background-media":"","overlay-type":"","overlay-color":"","overlay-opacity":"","overlay-gradient":""},"tablet":{"background-color":"","background-image":"","background-repeat":"repeat","background-position":"center center","background-size":"auto","background-attachment":"scroll","background-type":"","background-media":"","overlay-type":"","overlay-color":"","overlay-opacity":"","overlay-gradient":""},"mobile":{"background-color":"","background-image":"","background-repeat":"repeat","background-position":"center center","background-size":"auto","background-attachment":"scroll","background-type":"","background-media":"","overlay-type":"","overlay-color":"","overlay-opacity":"","overlay-gradient":""}},"ast-content-background-meta":{"desktop":{"background-color":"var(--ast-global-color-5)","background-image":"","background-repeat":"repeat","background-position":"center center","background-size":"auto","background-attachment":"scroll","background-type":"","background-media":"","overlay-type":"","overlay-color":"","overlay-opacity":"","overlay-gradient":""},"tablet":{"background-color":"var(--ast-global-color-5)","background-image":"","background-repeat":"repeat","background-position":"center center","background-size":"auto","background-attachment":"scroll","background-type":"","background-media":"","overlay-type":"","overlay-color":"","overlay-opacity":"","overlay-gradient":""},"mobile":{"background-color":"var(--ast-global-color-5)","background-image":"","background-repeat":"repeat","background-position":"center center","background-size":"auto","background-attachment":"scroll","background-type":"","background-media":"","overlay-type":"","overlay-color":"","overlay-opacity":"","overlay-gradient":""}},"footnotes":""},"folder":[66],"class_list":["post-3020","page","type-page","status-publish","hentry"],"_links":{"self":[{"href":"https:\/\/cactustour.com\/cactustour\/wp-json\/wp\/v2\/pages\/3020","targetHints":{"allow":["GET"]}}],"collection":[{"href":"https:\/\/cactustour.com\/cactustour\/wp-json\/wp\/v2\/pages"}],"about":[{"href":"https:\/\/cactustour.com\/cactustour\/wp-json\/wp\/v2\/types\/page"}],"author":[{"embeddable":true,"href":"https:\/\/cactustour.com\/cactustour\/wp-json\/wp\/v2\/users\/1"}],"replies":[{"embeddable":true,"href":"https:\/\/cactustour.com\/cactustour\/wp-json\/wp\/v2\/comments?post=3020"}],"version-history":[{"count":7,"href":"https:\/\/cactustour.com\/cactustour\/wp-json\/wp\/v2\/pages\/3020\/revisions"}],"predecessor-version":[{"id":3274,"href":"https:\/\/cactustour.com\/cactustour\/wp-json\/wp\/v2\/pages\/3020\/revisions\/3274"}],"wp:attachment":[{"href":"https:\/\/cactustour.com\/cactustour\/wp-json\/wp\/v2\/media?parent=3020"}],"wp:term":[{"taxonomy":"folder","embeddable":true,"href":"https:\/\/cactustour.com\/cactustour\/wp-json\/wp\/v2\/folder?post=3020"}],"curies":[{"name":"wp","href":"https:\/\/api.w.org\/{rel}","templated":true}]}}