{"id":3152,"date":"2024-07-16T00:21:16","date_gmt":"2024-07-16T00:21:16","guid":{"rendered":"https:\/\/cactustour.com\/cactustour\/?page_id=3152"},"modified":"2025-07-02T09:13:57","modified_gmt":"2025-07-02T09:13:57","slug":"cactus-tour-de","status":"publish","type":"page","link":"https:\/\/cactustour.com\/cactustour\/de\/cactus-tour-de\/","title":{"rendered":"Cactus Tour &#8211; De"},"content":{"rendered":"\t\t<div data-elementor-type=\"wp-page\" data-elementor-id=\"3152\" class=\"elementor elementor-3152\" data-elementor-post-type=\"page\">\n\t\t\t\t<div class=\"elementor-element elementor-element-be391f5 e-flex e-con-boxed e-con e-parent\" data-id=\"be391f5\" data-element_type=\"container\" data-e-type=\"container\">\n\t\t\t\t\t<div class=\"e-con-inner\">\n\t\t<div class=\"elementor-element elementor-element-36b0b51 e-flex e-con-boxed e-con e-child\" data-id=\"36b0b51\" data-element_type=\"container\" data-e-type=\"container\">\n\t\t\t\t\t<div class=\"e-con-inner\">\n\t\t<div class=\"elementor-element elementor-element-2d83400 e-con-full e-flex e-con e-child\" data-id=\"2d83400\" data-element_type=\"container\" data-e-type=\"container\">\n\t\t\t\t<div class=\"elementor-element elementor-element-6cfefc1 elementor-arrows-position-inside elementor-pagination-position-outside elementor-widget elementor-widget-image-carousel\" data-id=\"6cfefc1\" data-element_type=\"widget\" data-e-type=\"widget\" data-settings=\"{&quot;slides_to_show&quot;:&quot;1&quot;,&quot;navigation&quot;:&quot;both&quot;,&quot;autoplay&quot;:&quot;yes&quot;,&quot;pause_on_hover&quot;:&quot;yes&quot;,&quot;pause_on_interaction&quot;:&quot;yes&quot;,&quot;autoplay_speed&quot;:5000,&quot;infinite&quot;:&quot;yes&quot;,&quot;effect&quot;:&quot;slide&quot;,&quot;speed&quot;:500}\" data-widget_type=\"image-carousel.default\">\n\t\t\t\t<div class=\"elementor-widget-container\">\n\t\t\t\t\t\t\t<div class=\"elementor-image-carousel-wrapper swiper\" role=\"region\" aria-roledescription=\"carousel\" aria-label=\"Image Carousel\" dir=\"ltr\">\n\t\t\t<div class=\"elementor-image-carousel swiper-wrapper\" aria-live=\"off\">\n\t\t\t\t\t\t\t\t<div class=\"swiper-slide\" role=\"group\" aria-roledescription=\"slide\" aria-label=\"1 von 5\"><figure class=\"swiper-slide-inner\"><img decoding=\"async\" class=\"swiper-slide-image\" src=\"https:\/\/cactustour.com\/cactustour\/wp-content\/uploads\/2024\/06\/P1210639-Grand.jpg\" alt=\"P1210639 (Grand)\" \/><\/figure><\/div><div class=\"swiper-slide\" role=\"group\" aria-roledescription=\"slide\" aria-label=\"2 von 5\"><figure class=\"swiper-slide-inner\"><img decoding=\"async\" class=\"swiper-slide-image\" src=\"https:\/\/cactustour.com\/cactustour\/wp-content\/uploads\/2024\/06\/baleine-golfo-dulce.jpg\" alt=\"baleine-golfo-dulce\" \/><\/figure><\/div><div class=\"swiper-slide\" role=\"group\" aria-roledescription=\"slide\" aria-label=\"3 von 5\"><figure class=\"swiper-slide-inner\"><img decoding=\"async\" class=\"swiper-slide-image\" src=\"https:\/\/cactustour.com\/cactustour\/wp-content\/uploads\/2024\/02\/plage-manzanillo3.jpg\" alt=\"plage manzanillo3\" \/><\/figure><\/div><div class=\"swiper-slide\" role=\"group\" aria-roledescription=\"slide\" aria-label=\"4 von 5\"><figure class=\"swiper-slide-inner\"><img decoding=\"async\" class=\"swiper-slide-image\" src=\"https:\/\/cactustour.com\/cactustour\/wp-content\/uploads\/2024\/02\/Singe-Monteverde-1.jpg\" alt=\"Singe Monteverde\" \/><\/figure><\/div><div class=\"swiper-slide\" role=\"group\" aria-roledescription=\"slide\" aria-label=\"5 von 5\"><figure class=\"swiper-slide-inner\"><img decoding=\"async\" class=\"swiper-slide-image\" src=\"https:\/\/cactustour.com\/cactustour\/wp-content\/uploads\/2024\/02\/famille-agalychnis-Nathan-grenouille.jpg\" alt=\"famille agalychnis Nathan grenouille\" \/><\/figure><\/div>\t\t\t<\/div>\n\t\t\t\t\t\t\t\t\t\t\t\t<div class=\"elementor-swiper-button elementor-swiper-button-prev\" role=\"button\" tabindex=\"0\">\n\t\t\t\t\t\t<svg aria-hidden=\"true\" class=\"e-font-icon-svg e-eicon-chevron-left\" viewBox=\"0 0 1000 1000\" xmlns=\"http:\/\/www.w3.org\/2000\/svg\"><path d=\"M646 125C629 125 613 133 604 142L308 442C296 454 292 471 292 487 292 504 296 521 308 533L604 854C617 867 629 875 646 875 663 875 679 871 692 858 704 846 713 829 713 812 713 796 708 779 692 767L438 487 692 225C700 217 708 204 708 187 708 171 704 154 692 142 675 129 663 125 646 125Z\"><\/path><\/svg>\t\t\t\t\t<\/div>\n\t\t\t\t\t<div class=\"elementor-swiper-button elementor-swiper-button-next\" role=\"button\" tabindex=\"0\">\n\t\t\t\t\t\t<svg aria-hidden=\"true\" class=\"e-font-icon-svg e-eicon-chevron-right\" viewBox=\"0 0 1000 1000\" xmlns=\"http:\/\/www.w3.org\/2000\/svg\"><path d=\"M696 533C708 521 713 504 713 487 713 471 708 454 696 446L400 146C388 133 375 125 354 125 338 125 325 129 313 142 300 154 292 171 292 187 292 204 296 221 308 233L563 492 304 771C292 783 288 800 288 817 288 833 296 850 308 863 321 871 338 875 354 875 371 875 388 867 400 854L696 533Z\"><\/path><\/svg>\t\t\t\t\t<\/div>\n\t\t\t\t\n\t\t\t\t\t\t\t\t\t<div class=\"swiper-pagination\"><\/div>\n\t\t\t\t\t\t\t\t\t<\/div>\n\t\t\t\t\t\t<\/div>\n\t\t\t\t<\/div>\n\t\t\t\t<\/div>\n\t\t<div class=\"elementor-element elementor-element-8f1e3a5 e-con-full e-flex e-con e-child\" data-id=\"8f1e3a5\" data-element_type=\"container\" data-e-type=\"container\">\n\t\t\t\t<div class=\"elementor-element elementor-element-0b8a085 elementor-widget elementor-widget-text-editor\" data-id=\"0b8a085\" data-element_type=\"widget\" data-e-type=\"widget\" data-widget_type=\"text-editor.default\">\n\t\t\t\t<div class=\"elementor-widget-container\">\n\t\t\t\t\t\t\t\t\t<div class=\"flex-shrink-0 flex flex-col relative items-end\"><img decoding=\"async\" class=\"alignnone size-medium wp-image-3871\" src=\"https:\/\/cactustour.com\/cactustour\/wp-content\/uploads\/2025\/07\/Logo-Cactus-by-LX-2025-300x81.png\" alt=\"\" width=\"300\" height=\"81\" \/><div class=\"pt-0.5 juice:pt-0\"><div class=\"gizmo-bot-avatar flex h-6 w-6 items-center justify-center overflow-hidden rounded-full juice:h-8 juice:w-8\"><div class=\"relative p-1 rounded-sm flex items-center justify-center bg-token-main-surface-primary text-token-text-primary h-8 w-8\"><p>Reisen Sie nach Costa Rica, Panama, Nicaragua! Erfahren Sie mehr \u00fcber die fabelhaften L\u00e4nder Mittelamerikas!<\/p><p>Hier finden Sie alle Komponenten f\u00fcr Ihre Reisen nach Costa Rica, Aufenthalte in Panama und Touren in Nicaragua. Um Ihren Urlaub vorzubereiten, und f\u00fcr jedes dieser L\u00e4nder, entdecken Sie ihre Geschichte, Aktivit\u00e4ten, Fauna, Flora, kulturelles Leben, Politik, Wirtschaft\u2026<\/p><p>Genie\u00dfen Sie, mit Cactus Tour reisen Sie sorgenfrei und kehren begeistert zur\u00fcck. Seit 1994 erkunden wir Mittelamerika. Wir leben dieses Abenteuer zu unserem und Ihrem Vergn\u00fcgen! Leidenschaftlich f\u00fcr Originalit\u00e4t und Qualit\u00e4t gestalten wir alle Reisen, Routen und Erweiterungen, die Sie sich in Costa Rica, Nicaragua und Panama ertr\u00e4umen.<\/p><\/div><\/div><\/div><\/div>\t\t\t\t\t\t\t\t<\/div>\n\t\t\t\t<\/div>\n\t\t\t\t<\/div>\n\t\t\t\t\t<\/div>\n\t\t\t\t<\/div>\n\t\t\t\t\t<\/div>\n\t\t\t\t<\/div>\n\t\t<div class=\"elementor-element elementor-element-d2c48b7 e-flex e-con-boxed e-con e-parent\" data-id=\"d2c48b7\" data-element_type=\"container\" data-e-type=\"container\">\n\t\t\t\t\t<div class=\"e-con-inner\">\n\t\t<div class=\"elementor-element elementor-element-2ab31a0 e-flex e-con-boxed e-con e-child\" data-id=\"2ab31a0\" data-element_type=\"container\" data-e-type=\"container\">\n\t\t\t\t\t<div class=\"e-con-inner\">\n\t\t\t\t<div class=\"elementor-element elementor-element-a08deac elementor-widget elementor-widget-text-editor\" data-id=\"a08deac\" data-element_type=\"widget\" data-e-type=\"widget\" data-widget_type=\"text-editor.default\">\n\t\t\t\t<div class=\"elementor-widget-container\">\n\t\t\t\t\t\t\t\t\t<p>Aber auch Ratschl\u00e4ge, Erfahrungen und Empfehlungen! Wir bieten Ihnen auch eine gro\u00dfe Auswahl an Informationen \u00fcber Unterk\u00fcnfte und Transportm\u00f6glichkeiten, damit Sie alle Optionen w\u00e4hlen k\u00f6nnen, die Sie sich w\u00fcnschen. Kurz gesagt, die Konsultation dieser Website erm\u00f6glicht es Ihnen, Ihren Besuch erfolgreich zu gestalten, w\u00e4hrend Sie nachhaltigen Tourismus in Mittelamerika praktizieren. Und das, ob es sich um eine Incentive-Reise, eine Gruppenreise, ein individuelles Paket, alleine, als Paar oder mit der Familie handelt.<\/p>\t\t\t\t\t\t\t\t<\/div>\n\t\t\t\t<\/div>\n\t\t\t\t\t<\/div>\n\t\t\t\t<\/div>\n\t\t\t\t\t<\/div>\n\t\t\t\t<\/div>\n\t\t<div class=\"elementor-element elementor-element-f061760 e-flex e-con-boxed e-con e-parent\" data-id=\"f061760\" data-element_type=\"container\" data-e-type=\"container\">\n\t\t\t\t\t<div class=\"e-con-inner\">\n\t\t<div class=\"elementor-element elementor-element-7d90588 e-flex e-con-boxed e-con e-child\" data-id=\"7d90588\" data-element_type=\"container\" data-e-type=\"container\">\n\t\t\t\t\t<div class=\"e-con-inner\">\n\t\t\t\t<div class=\"elementor-element elementor-element-8ea86d7 dce_masking-none elementor-widget elementor-widget-image\" data-id=\"8ea86d7\" data-element_type=\"widget\" data-e-type=\"widget\" data-widget_type=\"image.default\">\n\t\t\t\t<div class=\"elementor-widget-container\">\n\t\t\t\t\t\t\t\t\t\t\t\t\t\t\t<img fetchpriority=\"high\" decoding=\"async\" width=\"1024\" height=\"532\" src=\"https:\/\/cactustour.com\/cactustour\/wp-content\/uploads\/2024\/01\/cactustour_team_2012_01-1024x532.jpeg\" class=\"attachment-large size-large wp-image-1442\" alt=\"\" srcset=\"https:\/\/cactustour.com\/cactustour\/wp-content\/uploads\/2024\/01\/cactustour_team_2012_01-1024x532.jpeg 1024w, https:\/\/cactustour.com\/cactustour\/wp-content\/uploads\/2024\/01\/cactustour_team_2012_01-300x156.jpeg 300w, https:\/\/cactustour.com\/cactustour\/wp-content\/uploads\/2024\/01\/cactustour_team_2012_01-768x399.jpeg 768w, https:\/\/cactustour.com\/cactustour\/wp-content\/uploads\/2024\/01\/cactustour_team_2012_01-1536x798.jpeg 1536w, https:\/\/cactustour.com\/cactustour\/wp-content\/uploads\/2024\/01\/cactustour_team_2012_01.jpeg 1920w\" sizes=\"(max-width: 1024px) 100vw, 1024px\" \/>\t\t\t\t\t\t\t\t\t\t\t\t\t\t\t<\/div>\n\t\t\t\t<\/div>\n\t\t\t\t\t<\/div>\n\t\t\t\t<\/div>\n\t\t\t\t\t<\/div>\n\t\t\t\t<\/div>\n\t\t<div class=\"elementor-element elementor-element-6b3b89e e-flex e-con-boxed e-con e-parent\" data-id=\"6b3b89e\" data-element_type=\"container\" data-e-type=\"container\">\n\t\t\t\t\t<div class=\"e-con-inner\">\n\t\t<div class=\"elementor-element elementor-element-fafb326 e-flex e-con-boxed e-con e-child\" data-id=\"fafb326\" data-element_type=\"container\" data-e-type=\"container\">\n\t\t\t\t\t<div class=\"e-con-inner\">\n\t\t\t\t<div class=\"elementor-element elementor-element-7eed3ce elementor-widget elementor-widget-text-editor\" data-id=\"7eed3ce\" data-element_type=\"widget\" data-e-type=\"widget\" data-widget_type=\"text-editor.default\">\n\t\t\t\t<div class=\"elementor-widget-container\">\n\t\t\t\t\t\t\t\t\t<p>Mit Cactus Tour zu reisen bedeutet, mit einem vertrauensw\u00fcrdigen Partner und 24-Stunden-Unterst\u00fctzung zu reisen. Unser internationales Team spricht flie\u00dfend Franz\u00f6sisch, Spanisch und Englisch. Wir sind leidenschaftliche Reisende und teilen alle eine Liebe f\u00fcr Mittelamerika, eine Vorliebe f\u00fcr seine Aktivit\u00e4ten und ein Engagement f\u00fcr Qualit\u00e4t.<\/p>\t\t\t\t\t\t\t\t<\/div>\n\t\t\t\t<\/div>\n\t\t\t\t\t<\/div>\n\t\t\t\t<\/div>\n\t\t\t\t\t<\/div>\n\t\t\t\t<\/div>\n\t\t<div class=\"elementor-element elementor-element-2c88843 e-flex e-con-boxed e-con e-parent\" data-id=\"2c88843\" data-element_type=\"container\" data-e-type=\"container\">\n\t\t\t\t\t<div class=\"e-con-inner\">\n\t\t<div class=\"elementor-element elementor-element-5275081 e-flex e-con-boxed e-con e-child\" data-id=\"5275081\" data-element_type=\"container\" data-e-type=\"container\">\n\t\t\t\t\t<div class=\"e-con-inner\">\n\t\t<div class=\"elementor-element elementor-element-0aa352e e-con-full e-flex e-con e-child\" data-id=\"0aa352e\" data-element_type=\"container\" data-e-type=\"container\">\n\t\t\t\t<div class=\"elementor-element elementor-element-ef1c896 elementor-arrows-position-inside elementor-pagination-position-outside elementor-widget elementor-widget-image-carousel\" data-id=\"ef1c896\" data-element_type=\"widget\" data-e-type=\"widget\" data-settings=\"{&quot;slides_to_show&quot;:&quot;1&quot;,&quot;navigation&quot;:&quot;both&quot;,&quot;autoplay&quot;:&quot;yes&quot;,&quot;pause_on_hover&quot;:&quot;yes&quot;,&quot;pause_on_interaction&quot;:&quot;yes&quot;,&quot;autoplay_speed&quot;:5000,&quot;infinite&quot;:&quot;yes&quot;,&quot;effect&quot;:&quot;slide&quot;,&quot;speed&quot;:500}\" data-widget_type=\"image-carousel.default\">\n\t\t\t\t<div class=\"elementor-widget-container\">\n\t\t\t\t\t\t\t<div class=\"elementor-image-carousel-wrapper swiper\" role=\"region\" aria-roledescription=\"carousel\" aria-label=\"Image Carousel\" dir=\"ltr\">\n\t\t\t<div class=\"elementor-image-carousel swiper-wrapper\" aria-live=\"off\">\n\t\t\t\t\t\t\t\t<div class=\"swiper-slide\" role=\"group\" aria-roledescription=\"slide\" aria-label=\"1 von 4\"><figure class=\"swiper-slide-inner\"><img decoding=\"async\" class=\"swiper-slide-image\" src=\"https:\/\/cactustour.com\/cactustour\/wp-content\/uploads\/2024\/01\/cactus_1_slide.jpg\" alt=\"cactus_1_slide\" \/><\/figure><\/div><div class=\"swiper-slide\" role=\"group\" aria-roledescription=\"slide\" aria-label=\"2 von 4\"><figure class=\"swiper-slide-inner\"><img decoding=\"async\" class=\"swiper-slide-image\" src=\"https:\/\/cactustour.com\/cactustour\/wp-content\/uploads\/2024\/01\/cactus_2_slide.jpg\" alt=\"cactus_2_slide\" \/><\/figure><\/div><div class=\"swiper-slide\" role=\"group\" aria-roledescription=\"slide\" aria-label=\"3 von 4\"><figure class=\"swiper-slide-inner\"><img decoding=\"async\" class=\"swiper-slide-image\" src=\"https:\/\/cactustour.com\/cactustour\/wp-content\/uploads\/2024\/01\/cactus_3-copia_slide.jpg\" alt=\"cactus_3 copia_slide\" \/><\/figure><\/div><div class=\"swiper-slide\" role=\"group\" aria-roledescription=\"slide\" aria-label=\"4 von 4\"><figure class=\"swiper-slide-inner\"><img decoding=\"async\" class=\"swiper-slide-image\" src=\"https:\/\/cactustour.com\/cactustour\/wp-content\/uploads\/2024\/01\/cactus_3_slide.jpg\" alt=\"cactus_3_slide\" \/><\/figure><\/div>\t\t\t<\/div>\n\t\t\t\t\t\t\t\t\t\t\t\t<div class=\"elementor-swiper-button elementor-swiper-button-prev\" role=\"button\" tabindex=\"0\">\n\t\t\t\t\t\t<svg aria-hidden=\"true\" class=\"e-font-icon-svg e-eicon-chevron-left\" viewBox=\"0 0 1000 1000\" xmlns=\"http:\/\/www.w3.org\/2000\/svg\"><path d=\"M646 125C629 125 613 133 604 142L308 442C296 454 292 471 292 487 292 504 296 521 308 533L604 854C617 867 629 875 646 875 663 875 679 871 692 858 704 846 713 829 713 812 713 796 708 779 692 767L438 487 692 225C700 217 708 204 708 187 708 171 704 154 692 142 675 129 663 125 646 125Z\"><\/path><\/svg>\t\t\t\t\t<\/div>\n\t\t\t\t\t<div class=\"elementor-swiper-button elementor-swiper-button-next\" role=\"button\" tabindex=\"0\">\n\t\t\t\t\t\t<svg aria-hidden=\"true\" class=\"e-font-icon-svg e-eicon-chevron-right\" viewBox=\"0 0 1000 1000\" xmlns=\"http:\/\/www.w3.org\/2000\/svg\"><path d=\"M696 533C708 521 713 504 713 487 713 471 708 454 696 446L400 146C388 133 375 125 354 125 338 125 325 129 313 142 300 154 292 171 292 187 292 204 296 221 308 233L563 492 304 771C292 783 288 800 288 817 288 833 296 850 308 863 321 871 338 875 354 875 371 875 388 867 400 854L696 533Z\"><\/path><\/svg>\t\t\t\t\t<\/div>\n\t\t\t\t\n\t\t\t\t\t\t\t\t\t<div class=\"swiper-pagination\"><\/div>\n\t\t\t\t\t\t\t\t\t<\/div>\n\t\t\t\t\t\t<\/div>\n\t\t\t\t<\/div>\n\t\t\t\t<\/div>\n\t\t<div class=\"elementor-element elementor-element-8ae0bed e-con-full e-flex e-con e-child\" data-id=\"8ae0bed\" data-element_type=\"container\" data-e-type=\"container\">\n\t\t\t\t<div class=\"elementor-element elementor-element-ad5ba19 elementor-widget elementor-widget-text-editor\" data-id=\"ad5ba19\" data-element_type=\"widget\" data-e-type=\"widget\" data-widget_type=\"text-editor.default\">\n\t\t\t\t<div class=\"elementor-widget-container\">\n\t\t\t\t\t\t\t\t\t<div class=\"flex-shrink-0 flex flex-col relative items-end\"><div class=\"pt-0.5 juice:pt-0\"><div class=\"gizmo-bot-avatar flex h-6 w-6 items-center justify-center overflow-hidden rounded-full juice:h-8 juice:w-8\"><div class=\"relative p-1 rounded-sm flex items-center justify-center bg-token-main-surface-primary text-token-text-primary h-8 w-8\"><p>\u00d6kotourismus, Rafting, Canyoning, Surfen, Angeln, Trekking, Reiten im Regenwald, Canopy-Touren, exotische Str\u00e4nde; kommen Sie und erf\u00fcllen Sie all Ihre W\u00fcnsche. Und um sich jetzt schon ein gutes Bild zu machen, durchst\u00f6bern Sie unsere Website, konsultieren Sie uns per Chat oder E-Mail und besuchen Sie unser Forum, um alle Ihre Fragen und Erfahrungsberichte \u00fcber Urlaub, alternativen Tourismus, indigene Kulturen, charmante Hotels, Ecolodges, Villen, Einheimische, Nationalparks zu posten und zu finden&#8230;<\/p><p>Finden Sie Cactus Tour in den sozialen Medien:<\/p><\/div><\/div><\/div><\/div><p><a href=\"https:\/\/www.facebook.com\/travelcactustour\"><img decoding=\"async\" class=\"alignnone wp-image-2538\" src=\"https:\/\/cactustour.com\/cactustour\/wp-content\/uploads\/2024\/06\/Facebook-orange.png\" alt=\"https:\/\/www.facebook.com\/travelcactustour\" width=\"33\" height=\"33\" \/><\/a> \/ <a href=\"https:\/\/fr.linkedin.com\/company\/cactus-tour-dmc-central-america\"><img loading=\"lazy\" decoding=\"async\" class=\"alignnone wp-image-2533\" src=\"https:\/\/cactustour.com\/cactustour\/wp-content\/uploads\/2024\/06\/Social-rond-vert-linke.gif\" alt=\"https:\/\/fr.linkedin.com\/company\/cactus-tour-dmc-central-america\" width=\"34\" height=\"34\" \/> \/<\/a> <a href=\"https:\/\/www.youtube.com\/channel\/UC6EQETIv3H8vw1vGkBBQeXA\"><img loading=\"lazy\" decoding=\"async\" class=\"alignnone wp-image-2537\" src=\"https:\/\/cactustour.com\/cactustour\/wp-content\/uploads\/2024\/06\/Youtube-orange.png\" alt=\"\" width=\"34\" height=\"33\" \/>\u00a0 \/\u00a0\u00a0<\/a><a href=\"https:\/\/www.instagram.com\/cactus_tour\"><img loading=\"lazy\" decoding=\"async\" class=\"alignnone wp-image-2536\" src=\"https:\/\/cactustour.com\/cactustour\/wp-content\/uploads\/2024\/06\/Social-rond-vert-Insta.gif\" alt=\"\" width=\"36\" height=\"35\" \/><\/a><\/p>\t\t\t\t\t\t\t\t<\/div>\n\t\t\t\t<\/div>\n\t\t\t\t<\/div>\n\t\t\t\t\t<\/div>\n\t\t\t\t<\/div>\n\t\t\t\t\t<\/div>\n\t\t\t\t<\/div>\n\t\t\t\t<\/div>\n\t\t","protected":false},"excerpt":{"rendered":"<p>Reisen Sie nach Costa Rica, Panama, Nicaragua! Erfahren Sie mehr \u00fcber die fabelhaften L\u00e4nder Mittelamerikas! Hier finden Sie alle Komponenten f\u00fcr Ihre Reisen nach Costa Rica, Aufenthalte in Panama und Touren in Nicaragua. Um Ihren Urlaub vorzubereiten, und f\u00fcr jedes dieser L\u00e4nder, entdecken Sie ihre Geschichte, Aktivit\u00e4ten, Fauna, Flora, kulturelles Leben, Politik, Wirtschaft\u2026 Genie\u00dfen Sie, [&hellip;]<\/p>\n","protected":false},"author":1,"featured_media":0,"parent":0,"menu_order":0,"comment_status":"closed","ping_status":"closed","template":"","meta":{"site-sidebar-layout":"no-sidebar","site-content-layout":"page-builder","ast-site-content-layout":"full-width-container","site-content-style":"default","site-sidebar-style":"default","ast-global-header-display":"","ast-banner-title-visibility":"","ast-main-header-display":"","ast-hfb-above-header-display":"","ast-hfb-below-header-display":"","ast-hfb-mobile-header-display":"","site-post-title":"disabled","ast-breadcrumbs-content":"","ast-featured-img":"disabled","footer-sml-layout":"","ast-disable-related-posts":"","theme-transparent-header-meta":"","adv-header-id-meta":"","stick-header-meta":"","header-above-stick-meta":"","header-main-stick-meta":"","header-below-stick-meta":"","astra-migrate-meta-layouts":"set","ast-page-background-enabled":"default","ast-page-background-meta":{"desktop":{"background-color":"","background-image":"","background-repeat":"repeat","background-position":"center center","background-size":"auto","background-attachment":"scroll","background-type":"","background-media":"","overlay-type":"","overlay-color":"","overlay-opacity":"","overlay-gradient":""},"tablet":{"background-color":"","background-image":"","background-repeat":"repeat","background-position":"center center","background-size":"auto","background-attachment":"scroll","background-type":"","background-media":"","overlay-type":"","overlay-color":"","overlay-opacity":"","overlay-gradient":""},"mobile":{"background-color":"","background-image":"","background-repeat":"repeat","background-position":"center center","background-size":"auto","background-attachment":"scroll","background-type":"","background-media":"","overlay-type":"","overlay-color":"","overlay-opacity":"","overlay-gradient":""}},"ast-content-background-meta":{"desktop":{"background-color":"var(--ast-global-color-5)","background-image":"","background-repeat":"repeat","background-position":"center center","background-size":"auto","background-attachment":"scroll","background-type":"","background-media":"","overlay-type":"","overlay-color":"","overlay-opacity":"","overlay-gradient":""},"tablet":{"background-color":"var(--ast-global-color-5)","background-image":"","background-repeat":"repeat","background-position":"center center","background-size":"auto","background-attachment":"scroll","background-type":"","background-media":"","overlay-type":"","overlay-color":"","overlay-opacity":"","overlay-gradient":""},"mobile":{"background-color":"var(--ast-global-color-5)","background-image":"","background-repeat":"repeat","background-position":"center center","background-size":"auto","background-attachment":"scroll","background-type":"","background-media":"","overlay-type":"","overlay-color":"","overlay-opacity":"","overlay-gradient":""}},"footnotes":""},"folder":[68],"class_list":["post-3152","page","type-page","status-publish","hentry"],"_links":{"self":[{"href":"https:\/\/cactustour.com\/cactustour\/wp-json\/wp\/v2\/pages\/3152","targetHints":{"allow":["GET"]}}],"collection":[{"href":"https:\/\/cactustour.com\/cactustour\/wp-json\/wp\/v2\/pages"}],"about":[{"href":"https:\/\/cactustour.com\/cactustour\/wp-json\/wp\/v2\/types\/page"}],"author":[{"embeddable":true,"href":"https:\/\/cactustour.com\/cactustour\/wp-json\/wp\/v2\/users\/1"}],"replies":[{"embeddable":true,"href":"https:\/\/cactustour.com\/cactustour\/wp-json\/wp\/v2\/comments?post=3152"}],"version-history":[{"count":7,"href":"https:\/\/cactustour.com\/cactustour\/wp-json\/wp\/v2\/pages\/3152\/revisions"}],"predecessor-version":[{"id":3874,"href":"https:\/\/cactustour.com\/cactustour\/wp-json\/wp\/v2\/pages\/3152\/revisions\/3874"}],"wp:attachment":[{"href":"https:\/\/cactustour.com\/cactustour\/wp-json\/wp\/v2\/media?parent=3152"}],"wp:term":[{"taxonomy":"folder","embeddable":true,"href":"https:\/\/cactustour.com\/cactustour\/wp-json\/wp\/v2\/folder?post=3152"}],"curies":[{"name":"wp","href":"https:\/\/api.w.org\/{rel}","templated":true}]}}