{"id":3180,"date":"2024-07-16T03:11:00","date_gmt":"2024-07-16T03:11:00","guid":{"rendered":"https:\/\/cactustour.com\/cactustour\/?page_id=3180"},"modified":"2024-07-17T15:48:11","modified_gmt":"2024-07-17T15:48:11","slug":"voyage-individuel-de","status":"publish","type":"page","link":"https:\/\/cactustour.com\/cactustour\/de\/voyage-individuel-de\/","title":{"rendered":"Voyage Individuel\u200b DE"},"content":{"rendered":"\t\t<div data-elementor-type=\"wp-page\" data-elementor-id=\"3180\" class=\"elementor elementor-3180\" data-elementor-post-type=\"page\">\n\t\t\t\t<div data-dce-background-image-url=\"https:\/\/cactustour.com\/cactustour\/wp-content\/uploads\/2023\/12\/shutterstock_735719860-scaled.jpg\" class=\"elementor-element elementor-element-b282511 e-flex e-con-boxed e-con e-parent\" data-id=\"b282511\" data-element_type=\"container\" data-e-type=\"container\" data-settings=\"{&quot;background_background&quot;:&quot;classic&quot;}\">\n\t\t\t\t\t<div class=\"e-con-inner\">\n\t\t<div class=\"elementor-element elementor-element-97ab310 e-con-full e-flex e-con e-child\" data-id=\"97ab310\" data-element_type=\"container\" data-e-type=\"container\">\n\t\t\t\t<div class=\"elementor-element elementor-element-1b81f47 elementor-widget elementor-widget-heading\" data-id=\"1b81f47\" data-element_type=\"widget\" data-e-type=\"widget\" data-widget_type=\"heading.default\">\n\t\t\t\t<div class=\"elementor-widget-container\">\n\t\t\t\t\t<h2 class=\"elementor-heading-title elementor-size-default\">VOYAGE INDIVIDUEL\u200b<\/h2>\t\t\t\t<\/div>\n\t\t\t\t<\/div>\n\t\t\t\t<div class=\"elementor-element elementor-element-e09d36d elementor-widget-divider--view-line elementor-widget elementor-widget-divider\" data-id=\"e09d36d\" data-element_type=\"widget\" data-e-type=\"widget\" data-widget_type=\"divider.default\">\n\t\t\t\t<div class=\"elementor-widget-container\">\n\t\t\t\t\t\t\t<div class=\"elementor-divider\">\n\t\t\t<span class=\"elementor-divider-separator\">\n\t\t\t\t\t\t<\/span>\n\t\t<\/div>\n\t\t\t\t\t\t<\/div>\n\t\t\t\t<\/div>\n\t\t\t\t<div class=\"elementor-element elementor-element-e63e6e3 elementor-widget elementor-widget-text-editor\" data-id=\"e63e6e3\" data-element_type=\"widget\" data-e-type=\"widget\" data-widget_type=\"text-editor.default\">\n\t\t\t\t<div class=\"elementor-widget-container\">\n\t\t\t\t\t\t\t\t\t<p><strong>Unsere Expertenberater unterst\u00fctzen Sie bei der Erstellung Ihrer Reise.<\/strong><\/p>\t\t\t\t\t\t\t\t<\/div>\n\t\t\t\t<\/div>\n\t\t\t\t<\/div>\n\t\t\t\t\t<\/div>\n\t\t\t\t<\/div>\n\t\t<div class=\"elementor-element elementor-element-cc9ce49 e-flex e-con-boxed e-con e-parent\" data-id=\"cc9ce49\" data-element_type=\"container\" data-e-type=\"container\">\n\t\t\t\t\t<div class=\"e-con-inner\">\n\t\t<div class=\"elementor-element elementor-element-7b7093b e-flex e-con-boxed e-con e-child\" data-id=\"7b7093b\" data-element_type=\"container\" data-e-type=\"container\">\n\t\t\t\t\t<div class=\"e-con-inner\">\n\t\t\t\t<div class=\"elementor-element elementor-element-89b2f53 elementor-widget elementor-widget-text-editor\" data-id=\"89b2f53\" data-element_type=\"widget\" data-e-type=\"widget\" data-widget_type=\"text-editor.default\">\n\t\t\t\t<div class=\"elementor-widget-container\">\n\t\t\t\t\t\t\t\t\t<h2 class=\"typo3-heading-2\">Den Geist des Reisens zum Leben erwecken, damit Sie Ihre Reise nach Ihren Vorstellungen antreten k\u00f6nnen.<\/h2><p>Cactus Tour kombiniert Ihre Tr\u00e4ume mit der Realit\u00e4t, indem es individuelle \u201eAuto-Touren\u201c und gef\u00fchrte Aufenthalte nach Ihren W\u00fcnschen gestaltet!<br \/>Die Philosophie des Reisens, die Unabh\u00e4ngigkeit, Freiheit, das Umherreisen, Wege abseits der ausgetretenen Pfade und das Verlangen nach eigenen Erfahrungen f\u00f6rdert, hat zu den FIT-Reisen (\u201eFree Independent Traveler\u201c) gef\u00fchrt.<br \/>Diese ma\u00dfgeschneiderte Leistung wird durch die volle Ber\u00fccksichtigung der Erwartungen des Kunden erstellt und erf\u00fcllt den Hauptwunsch, gelungene Ferien zu verbringen, sei es allein, zu zweit, mit der Familie oder in Begleitung einer kleinen Gruppe. Sie werden das ganze Jahr \u00fcber ohne Zeitbeschr\u00e4nkung organisiert und sind f\u00fcr alle Originalit\u00e4ten offen!<\/p><p>Um dies zu erm\u00f6glichen, bietet Cactus Tour verschiedene ma\u00dfgeschneiderte Aufenthalte an, deren gemeinsamer Nenner die Entdeckung ist. Unsere \u201eCharta des nachhaltigen Reisenden\u201c l\u00e4dt Sie auch dazu ein, w\u00e4hrend Ihrer Reise mitzuwirken, aber wissen Sie, dass jede Komponente Ihrer Reise zum lokalen Entwicklung beitr\u00e4gt, w\u00e4hrend sie die respektvolle Entdeckung der Natur, der Orte und Menschen bietet und eine Auswahl an Dienstleistern, die sich um die Umwelt und die lokale Bev\u00f6lkerung k\u00fcmmern.<\/p>\t\t\t\t\t\t\t\t<\/div>\n\t\t\t\t<\/div>\n\t\t\t\t\t<\/div>\n\t\t\t\t<\/div>\n\t\t\t\t\t<\/div>\n\t\t\t\t<\/div>\n\t\t<div class=\"elementor-element elementor-element-e87de85 e-flex e-con-boxed e-con e-parent\" data-id=\"e87de85\" data-element_type=\"container\" data-e-type=\"container\">\n\t\t\t\t\t<div class=\"e-con-inner\">\n\t\t<div class=\"elementor-element elementor-element-007b9b4 e-flex e-con-boxed e-con e-child\" data-id=\"007b9b4\" data-element_type=\"container\" data-e-type=\"container\">\n\t\t\t\t\t<div class=\"e-con-inner\">\n\t\t\t\t<div class=\"elementor-element elementor-element-9e34aee elementor-widget elementor-widget-text-editor\" data-id=\"9e34aee\" data-element_type=\"widget\" data-e-type=\"widget\" data-widget_type=\"text-editor.default\">\n\t\t\t\t<div class=\"elementor-widget-container\">\n\t\t\t\t\t\t\t\t\t<h2 class=\"typo3-heading-2\">Individuelle \u201eAuto-Touren\u201c<\/h2><p>Die Autotour ist die Formel \u201eAbenteuer und Freiheit\u201c. Sie umfasst: 1 Fahrzeug + 1 ma\u00dfgeschneiderte Reiseroute + \u00dcbernachtungen in Hotels; Empfang auf Franz\u00f6sisch, Reisedokumente und Beratung, direkte Reiseverfolgung durch unser Team. Es ist eine Formel, die Ihnen erm\u00f6glicht, das Land nach Ihren Vorstellungen zu erkunden! Als Herr Ihres eigenen Fahrzeugs reisen Sie in Ihrem eigenen Tempo, allein oder in einer kleinen Gruppe. Ihre Route wird von Ihren Interessen und angenehmen \u00dcbernachtungen an von Ihnen gew\u00e4hlten Orten bestimmt.<\/p><p>Ihr Berater steht st\u00e4ndig mit Ihnen in Kontakt, um Ihren Aufenthalt zu planen. Gemeinsam legen Sie Ihre Route fest, w\u00e4hlen das passende Transportmittel aus; wir bieten Ihnen Beratung bei der Auswahl Ihrer Aktivit\u00e4ten und Empfehlungen f\u00fcr Ihre Unterkunft.<br \/>Sobald Sie Ihren \u201eAuto-Tour\u201c-Aufenthalt best\u00e4tigen, \u00fcbernehmen wir alle Reservierungen und senden Ihnen die Best\u00e4tigung. Bei Ihrer Ankunft erhalten Sie ein Roadbook mit Ihrer Reiseroute, begleitet von detaillierten Karten, und Ihr Berater ist in st\u00e4ndigem und direktem Kontakt, um den reibungslosen Ablauf Ihres Aufenthalts zu gew\u00e4hrleisten. Wir k\u00f6nnen auch zus\u00e4tzliche Optionen (Fahrer, private Transfers) hinzuf\u00fcgen, um noch mehr Originalit\u00e4t und \u00dcberraschung zu schaffen\u2026 Konsultieren Sie uns!<\/p><p class=\"align-justify\">\u00a0<\/p>\t\t\t\t\t\t\t\t<\/div>\n\t\t\t\t<\/div>\n\t\t\t\t\t<\/div>\n\t\t\t\t<\/div>\n\t\t\t\t\t<\/div>\n\t\t\t\t<\/div>\n\t\t<div class=\"elementor-element elementor-element-e5e4a23 e-flex e-con-boxed e-con e-parent\" data-id=\"e5e4a23\" data-element_type=\"container\" data-e-type=\"container\">\n\t\t\t\t\t<div class=\"e-con-inner\">\n\t\t<div class=\"elementor-element elementor-element-e59118c e-flex e-con-boxed e-con e-child\" data-id=\"e59118c\" data-element_type=\"container\" data-e-type=\"container\">\n\t\t\t\t\t<div class=\"e-con-inner\">\n\t\t\t\t<div class=\"elementor-element elementor-element-98276f3 elementor-widget elementor-widget-text-editor\" data-id=\"98276f3\" data-element_type=\"widget\" data-e-type=\"widget\" data-widget_type=\"text-editor.default\">\n\t\t\t\t<div class=\"elementor-widget-container\">\n\t\t\t\t\t\t\t\t\t<h2 class=\"typo3-heading-2\">Die FIT-Leistung, die wir Ihnen anbieten, umfasst:<\/h2><ul><li>Das Zuh\u00f6ren Ihrer Bed\u00fcrfnisse und unsere Empfehlungen<\/li><li>Die Erstellung Ihrer individuellen und dokumentierten Reiseroute<\/li><li>Die Buchung von Unterk\u00fcnften nach Ihren Vorstellungen<\/li><li>Den Notfall-Support w\u00e4hrend Ihres gesamten Aufenthalts<\/li><li>Die M\u00f6glichkeit, Aktivit\u00e4ten, Mahlzeiten, Transfers und die Anmietung verschiedener Fahrzeuge (4&#215;4, Minibus, Motorrad usw.) \u00e0 la carte einzuschlie\u00dfen<\/li><li>Eine Auswahl an Anbietern mit nachhaltigen Ma\u00dfnahmen<\/li><\/ul><p>Indem Sie uns kontaktieren, sind Sie in den H\u00e4nden eines privilegierten Agenten. Das gesamte Team von Cactus Tour steht Ihnen zur Verf\u00fcgung, um Ihre Ideen zu verwirklichen.<\/p>\t\t\t\t\t\t\t\t<\/div>\n\t\t\t\t<\/div>\n\t\t\t\t\t<\/div>\n\t\t\t\t<\/div>\n\t\t\t\t\t<\/div>\n\t\t\t\t<\/div>\n\t\t<div class=\"elementor-element elementor-element-8d8d232 e-flex e-con-boxed e-con e-parent\" data-id=\"8d8d232\" data-element_type=\"container\" data-e-type=\"container\">\n\t\t\t\t\t<div class=\"e-con-inner\">\n\t\t<div class=\"elementor-element elementor-element-f9b134b e-flex e-con-boxed e-con e-child\" data-id=\"f9b134b\" data-element_type=\"container\" data-e-type=\"container\">\n\t\t\t\t\t<div class=\"e-con-inner\">\n\t\t\t\t<div class=\"elementor-element elementor-element-9c3ecbd elementor-widget elementor-widget-text-editor\" data-id=\"9c3ecbd\" data-element_type=\"widget\" data-e-type=\"widget\" data-widget_type=\"text-editor.default\">\n\t\t\t\t<div class=\"elementor-widget-container\">\n\t\t\t\t\t\t\t\t\t<h2 class=\"typo3-heading-2\">Gef\u00fchrte Aufenthalte<\/h2><p>Wir bieten zwei Arten von Aufenthalten, die von einem Guide begleitet werden:<\/p><p>Die Formel \u201eWissen und Freiheit\u201c bietet Ihnen die M\u00f6glichkeit, die Route Ihrer W\u00fcnsche zu folgen, ohne sich um die Logistik k\u00fcmmern zu m\u00fcssen, und Ihr Wissen zu erweitern. Gemeinsam legen wir Ihre Reiseroute (Route, Aktivit\u00e4ten, Unterk\u00fcnfte) fest und stellen Ihnen einen Fahrer und einen zweisprachigen Guide zur Verf\u00fcgung. Ihre ma\u00dfgeschneiderte Reise f\u00fchrt Sie zu den Entdeckungen, von denen Sie tr\u00e4umen: Beobachtung der scheuesten Tiere in den Dschungeln und W\u00e4ldern, Studium der Schmuckst\u00fccke der costaricanischen Flora, Eintauchen in die lokale Kultur, Begegnung mit kolonialer Architektur und pr\u00e4kolumbianischen \u00dcberresten\u2026 Die Erkl\u00e4rungen, Ratschl\u00e4ge und Tipps Ihres polyglotten Experten erm\u00f6glichen es Ihnen, ein einzigartiges, bereicherndes und entspannendes Erlebnis zu erleben, egal ob Sie alleine oder in einer kleinen Gruppe reisen&#8230; Kontaktieren Sie uns!<\/p><p>Die Formel \u201eEntdeckung und Geselligkeit\u201c wird gemeinhin als GIR bezeichnet. Es handelt sich um einen Aufenthalt, der 2 bis 18 Einzelpersonen zusammenbringt, die sich urspr\u00fcnglich nicht kennen. Das Konzept zielt darauf ab, auf eine sicherere Weise zu reisen (da begleitet), w\u00e4hrend gleichzeitig die Begegnungen und Entdeckungen vervielfacht werden. Die Route, die \u00dcbernachtungen und die Aktivit\u00e4ten werden im Voraus festgelegt. Sie durchqueren das Land mit einem Minibus, privaten Transfers und einem zweisprachigen Guide. Dieses Angebot wird j\u00e4hrlich zu festen Terminen und in Zusammenarbeit mit Ihrem Reiseb\u00fcro oder lokalen Reiseveranstalter organisiert. Diese gef\u00fchrten Aufenthalte, die eine Dauer von 8 Tagen haben, sind vielf\u00e4ltig und k\u00f6nnen am Ende der Reise mit einer individuellen \u201eAuto-Tour\u201c, einer \u201eWissen und Freiheit\u201c-Formel oder einer Badeverl\u00e4ngerung mit organisierten Transfers erg\u00e4nzt werden. Informieren Sie sich!<\/p>\t\t\t\t\t\t\t\t<\/div>\n\t\t\t\t<\/div>\n\t\t\t\t\t<\/div>\n\t\t\t\t<\/div>\n\t\t\t\t\t<\/div>\n\t\t\t\t<\/div>\n\t\t<div class=\"elementor-element elementor-element-a209e26 e-flex e-con-boxed e-con e-parent\" data-id=\"a209e26\" data-element_type=\"container\" data-e-type=\"container\">\n\t\t\t\t\t<div class=\"e-con-inner\">\n\t\t<div class=\"elementor-element elementor-element-a63db41 e-flex e-con-boxed e-con e-child\" data-id=\"a63db41\" data-element_type=\"container\" data-e-type=\"container\">\n\t\t\t\t\t<div class=\"e-con-inner\">\n\t\t\t\t<div class=\"elementor-element elementor-element-35c9466 elementor-widget elementor-widget-text-editor\" data-id=\"35c9466\" data-element_type=\"widget\" data-e-type=\"widget\" data-widget_type=\"text-editor.default\">\n\t\t\t\t<div class=\"elementor-widget-container\">\n\t\t\t\t\t\t\t\t\t<h2 class=\"typo3-heading-2\">Entdecken Sie Zentralamerika<\/h2><p class=\"align-justify\">Indem Sie uns kontaktieren, haben Sie Zugang zu einem speziellen Agenten. Das gesamte Team von Cactus Tour steht Ihnen zur Verf\u00fcgung, um Ihre Ideen umzusetzen.<\/p>\t\t\t\t\t\t\t\t<\/div>\n\t\t\t\t<\/div>\n\t\t\t\t\t<\/div>\n\t\t\t\t<\/div>\n\t\t\t\t\t<\/div>\n\t\t\t\t<\/div>\n\t\t<div class=\"elementor-element elementor-element-20849a9 e-flex e-con-boxed e-con e-parent\" data-id=\"20849a9\" data-element_type=\"container\" data-e-type=\"container\">\n\t\t\t\t\t<div class=\"e-con-inner\">\n\t\t\t\t<div class=\"elementor-element elementor-element-a15bd1b elementor-widget elementor-widget-gallery\" data-id=\"a15bd1b\" data-element_type=\"widget\" data-e-type=\"widget\" data-settings=\"{&quot;gallery_layout&quot;:&quot;masonry&quot;,&quot;columns&quot;:3,&quot;gap&quot;:{&quot;unit&quot;:&quot;px&quot;,&quot;size&quot;:3,&quot;sizes&quot;:[]},&quot;lazyload&quot;:&quot;yes&quot;,&quot;columns_tablet&quot;:2,&quot;columns_mobile&quot;:1,&quot;gap_tablet&quot;:{&quot;unit&quot;:&quot;px&quot;,&quot;size&quot;:10,&quot;sizes&quot;:[]},&quot;gap_mobile&quot;:{&quot;unit&quot;:&quot;px&quot;,&quot;size&quot;:10,&quot;sizes&quot;:[]},&quot;link_to&quot;:&quot;file&quot;,&quot;overlay_background&quot;:&quot;yes&quot;,&quot;content_hover_animation&quot;:&quot;fade-in&quot;}\" data-widget_type=\"gallery.default\">\n\t\t\t\t<div class=\"elementor-widget-container\">\n\t\t\t\t\t\t\t<div class=\"elementor-gallery__container\">\n\t\t\t\t\t\t\t<a class=\"e-gallery-item elementor-gallery-item elementor-animated-content\" href=\"https:\/\/cactustour.com\/cactustour\/wp-content\/uploads\/2024\/02\/fete-natioale-enfant-people-73.jpg\" data-elementor-open-lightbox=\"yes\" data-elementor-lightbox-slideshow=\"a15bd1b\" data-elementor-lightbox-title=\"KONICA MINOLTA DIGITAL CAMERA\" data-e-action-hash=\"#elementor-action%3Aaction%3Dlightbox%26settings%3DeyJpZCI6MTkzMiwidXJsIjoiaHR0cHM6XC9cL2NhY3R1c3RvdXIuY29tXC9jYWN0dXN0b3VyXC93cC1jb250ZW50XC91cGxvYWRzXC8yMDI0XC8wMlwvZmV0ZS1uYXRpb2FsZS1lbmZhbnQtcGVvcGxlLTczLmpwZyIsInNsaWRlc2hvdyI6ImExNWJkMWIifQ%3D%3D\">\n\t\t\t\t\t<div class=\"e-gallery-image elementor-gallery-item__image\" data-thumbnail=\"https:\/\/cactustour.com\/cactustour\/wp-content\/uploads\/2024\/02\/fete-natioale-enfant-people-73.jpg\" data-width=\"640\" data-height=\"480\" aria-label=\"\" role=\"img\" ><\/div>\n\t\t\t\t\t\t\t\t\t\t\t<div class=\"elementor-gallery-item__overlay\"><\/div>\n\t\t\t\t\t\t\t\t\t\t\t\t\t\t<\/a>\n\t\t\t\t\t\t\t<a class=\"e-gallery-item elementor-gallery-item elementor-animated-content\" href=\"https:\/\/cactustour.com\/cactustour\/wp-content\/uploads\/2024\/02\/Arbre-jaune-5.jpg\" data-elementor-open-lightbox=\"yes\" data-elementor-lightbox-slideshow=\"a15bd1b\" data-elementor-lightbox-title=\"Arbre jaune 5\" data-e-action-hash=\"#elementor-action%3Aaction%3Dlightbox%26settings%3DeyJpZCI6MTg5NywidXJsIjoiaHR0cHM6XC9cL2NhY3R1c3RvdXIuY29tXC9jYWN0dXN0b3VyXC93cC1jb250ZW50XC91cGxvYWRzXC8yMDI0XC8wMlwvQXJicmUtamF1bmUtNS5qcGciLCJzbGlkZXNob3ciOiJhMTViZDFiIn0%3D\">\n\t\t\t\t\t<div class=\"e-gallery-image elementor-gallery-item__image\" data-thumbnail=\"https:\/\/cactustour.com\/cactustour\/wp-content\/uploads\/2024\/02\/Arbre-jaune-5.jpg\" data-width=\"640\" data-height=\"480\" aria-label=\"\" role=\"img\" ><\/div>\n\t\t\t\t\t\t\t\t\t\t\t<div class=\"elementor-gallery-item__overlay\"><\/div>\n\t\t\t\t\t\t\t\t\t\t\t\t\t\t<\/a>\n\t\t\t\t\t\t\t<a class=\"e-gallery-item elementor-gallery-item elementor-animated-content\" href=\"https:\/\/cactustour.com\/cactustour\/wp-content\/uploads\/2024\/02\/volcan_arenal-4.jpg\" data-elementor-open-lightbox=\"yes\" data-elementor-lightbox-slideshow=\"a15bd1b\" data-elementor-lightbox-title=\"OLYMPUS DIGITAL CAMERA\" data-e-action-hash=\"#elementor-action%3Aaction%3Dlightbox%26settings%3DeyJpZCI6MTg4MiwidXJsIjoiaHR0cHM6XC9cL2NhY3R1c3RvdXIuY29tXC9jYWN0dXN0b3VyXC93cC1jb250ZW50XC91cGxvYWRzXC8yMDI0XC8wMlwvdm9sY2FuX2FyZW5hbC00LmpwZyIsInNsaWRlc2hvdyI6ImExNWJkMWIifQ%3D%3D\">\n\t\t\t\t\t<div class=\"e-gallery-image elementor-gallery-item__image\" data-thumbnail=\"https:\/\/cactustour.com\/cactustour\/wp-content\/uploads\/2024\/02\/volcan_arenal-4.jpg\" data-width=\"640\" data-height=\"480\" aria-label=\"\" role=\"img\" ><\/div>\n\t\t\t\t\t\t\t\t\t\t\t<div class=\"elementor-gallery-item__overlay\"><\/div>\n\t\t\t\t\t\t\t\t\t\t\t\t\t\t<\/a>\n\t\t\t\t\t\t\t<a class=\"e-gallery-item elementor-gallery-item elementor-animated-content\" href=\"https:\/\/cactustour.com\/cactustour\/wp-content\/uploads\/2024\/06\/1-Playa-San-Blas1-Grand.jpg\" data-elementor-open-lightbox=\"yes\" data-elementor-lightbox-slideshow=\"a15bd1b\" data-elementor-lightbox-title=\"1 Playa San Blas1 (Grand)\" data-e-action-hash=\"#elementor-action%3Aaction%3Dlightbox%26settings%3DeyJpZCI6MjU3OSwidXJsIjoiaHR0cHM6XC9cL2NhY3R1c3RvdXIuY29tXC9jYWN0dXN0b3VyXC93cC1jb250ZW50XC91cGxvYWRzXC8yMDI0XC8wNlwvMS1QbGF5YS1TYW4tQmxhczEtR3JhbmQuanBnIiwic2xpZGVzaG93IjoiYTE1YmQxYiJ9\">\n\t\t\t\t\t<div class=\"e-gallery-image elementor-gallery-item__image\" data-thumbnail=\"https:\/\/cactustour.com\/cactustour\/wp-content\/uploads\/2024\/06\/1-Playa-San-Blas1-Grand.jpg\" data-width=\"1626\" data-height=\"1080\" aria-label=\"\" role=\"img\" ><\/div>\n\t\t\t\t\t\t\t\t\t\t\t<div class=\"elementor-gallery-item__overlay\"><\/div>\n\t\t\t\t\t\t\t\t\t\t\t\t\t\t<\/a>\n\t\t\t\t\t\t\t<a class=\"e-gallery-item elementor-gallery-item elementor-animated-content\" href=\"https:\/\/cactustour.com\/cactustour\/wp-content\/uploads\/2024\/06\/paresseux-10-Large.jpg\" data-elementor-open-lightbox=\"yes\" data-elementor-lightbox-slideshow=\"a15bd1b\" data-elementor-lightbox-title=\"paresseux (10) (Large)\" data-e-action-hash=\"#elementor-action%3Aaction%3Dlightbox%26settings%3DeyJpZCI6MjU4MCwidXJsIjoiaHR0cHM6XC9cL2NhY3R1c3RvdXIuY29tXC9jYWN0dXN0b3VyXC93cC1jb250ZW50XC91cGxvYWRzXC8yMDI0XC8wNlwvcGFyZXNzZXV4LTEwLUxhcmdlLmpwZyIsInNsaWRlc2hvdyI6ImExNWJkMWIifQ%3D%3D\">\n\t\t\t\t\t<div class=\"e-gallery-image elementor-gallery-item__image\" data-thumbnail=\"https:\/\/cactustour.com\/cactustour\/wp-content\/uploads\/2024\/06\/paresseux-10-Large.jpg\" data-width=\"1440\" data-height=\"1080\" aria-label=\"\" role=\"img\" ><\/div>\n\t\t\t\t\t\t\t\t\t\t\t<div class=\"elementor-gallery-item__overlay\"><\/div>\n\t\t\t\t\t\t\t\t\t\t\t\t\t\t<\/a>\n\t\t\t\t\t\t\t<a class=\"e-gallery-item elementor-gallery-item elementor-animated-content\" href=\"https:\/\/cactustour.com\/cactustour\/wp-content\/uploads\/2024\/06\/La-Recoleccion-Leon-9-Grand.jpg\" data-elementor-open-lightbox=\"yes\" data-elementor-lightbox-slideshow=\"a15bd1b\" data-elementor-lightbox-title=\"La Recolecci\u00f3n Leon (9) (Grand)\" data-e-action-hash=\"#elementor-action%3Aaction%3Dlightbox%26settings%3DeyJpZCI6MjUwNCwidXJsIjoiaHR0cHM6XC9cL2NhY3R1c3RvdXIuY29tXC9jYWN0dXN0b3VyXC93cC1jb250ZW50XC91cGxvYWRzXC8yMDI0XC8wNlwvTGEtUmVjb2xlY2Npb24tTGVvbi05LUdyYW5kLmpwZyIsInNsaWRlc2hvdyI6ImExNWJkMWIifQ%3D%3D\">\n\t\t\t\t\t<div class=\"e-gallery-image elementor-gallery-item__image\" data-thumbnail=\"https:\/\/cactustour.com\/cactustour\/wp-content\/uploads\/2024\/06\/La-Recoleccion-Leon-9-Grand.jpg\" data-width=\"1440\" data-height=\"1080\" aria-label=\"\" role=\"img\" ><\/div>\n\t\t\t\t\t\t\t\t\t\t\t<div class=\"elementor-gallery-item__overlay\"><\/div>\n\t\t\t\t\t\t\t\t\t\t\t\t\t\t<\/a>\n\t\t\t\t\t<\/div>\n\t\t\t\t\t<\/div>\n\t\t\t\t<\/div>\n\t\t\t\t\t<\/div>\n\t\t\t\t<\/div>\n\t\t\t\t<\/div>\n\t\t","protected":false},"excerpt":{"rendered":"<p>VOYAGE INDIVIDUEL\u200b Unsere Expertenberater unterst\u00fctzen Sie bei der Erstellung Ihrer Reise. Den Geist des Reisens zum Leben erwecken, damit Sie Ihre Reise nach Ihren Vorstellungen antreten k\u00f6nnen. Cactus Tour kombiniert Ihre Tr\u00e4ume mit der Realit\u00e4t, indem es individuelle \u201eAuto-Touren\u201c und gef\u00fchrte Aufenthalte nach Ihren W\u00fcnschen gestaltet!Die Philosophie des Reisens, die Unabh\u00e4ngigkeit, Freiheit, das Umherreisen, Wege [&hellip;]<\/p>\n","protected":false},"author":1,"featured_media":0,"parent":0,"menu_order":0,"comment_status":"closed","ping_status":"closed","template":"","meta":{"site-sidebar-layout":"no-sidebar","site-content-layout":"page-builder","ast-site-content-layout":"full-width-container","site-content-style":"default","site-sidebar-style":"default","ast-global-header-display":"","ast-banner-title-visibility":"","ast-main-header-display":"","ast-hfb-above-header-display":"","ast-hfb-below-header-display":"","ast-hfb-mobile-header-display":"","site-post-title":"disabled","ast-breadcrumbs-content":"","ast-featured-img":"disabled","footer-sml-layout":"","ast-disable-related-posts":"","theme-transparent-header-meta":"","adv-header-id-meta":"","stick-header-meta":"","header-above-stick-meta":"","header-main-stick-meta":"","header-below-stick-meta":"","astra-migrate-meta-layouts":"set","ast-page-background-enabled":"default","ast-page-background-meta":{"desktop":{"background-color":"","background-image":"","background-repeat":"repeat","background-position":"center center","background-size":"auto","background-attachment":"scroll","background-type":"","background-media":"","overlay-type":"","overlay-color":"","overlay-opacity":"","overlay-gradient":""},"tablet":{"background-color":"","background-image":"","background-repeat":"repeat","background-position":"center center","background-size":"auto","background-attachment":"scroll","background-type":"","background-media":"","overlay-type":"","overlay-color":"","overlay-opacity":"","overlay-gradient":""},"mobile":{"background-color":"","background-image":"","background-repeat":"repeat","background-position":"center center","background-size":"auto","background-attachment":"scroll","background-type":"","background-media":"","overlay-type":"","overlay-color":"","overlay-opacity":"","overlay-gradient":""}},"ast-content-background-meta":{"desktop":{"background-color":"var(--ast-global-color-5)","background-image":"","background-repeat":"repeat","background-position":"center center","background-size":"auto","background-attachment":"scroll","background-type":"","background-media":"","overlay-type":"","overlay-color":"","overlay-opacity":"","overlay-gradient":""},"tablet":{"background-color":"var(--ast-global-color-5)","background-image":"","background-repeat":"repeat","background-position":"center center","background-size":"auto","background-attachment":"scroll","background-type":"","background-media":"","overlay-type":"","overlay-color":"","overlay-opacity":"","overlay-gradient":""},"mobile":{"background-color":"var(--ast-global-color-5)","background-image":"","background-repeat":"repeat","background-position":"center center","background-size":"auto","background-attachment":"scroll","background-type":"","background-media":"","overlay-type":"","overlay-color":"","overlay-opacity":"","overlay-gradient":""}},"footnotes":""},"folder":[68],"class_list":["post-3180","page","type-page","status-publish","hentry"],"_links":{"self":[{"href":"https:\/\/cactustour.com\/cactustour\/wp-json\/wp\/v2\/pages\/3180","targetHints":{"allow":["GET"]}}],"collection":[{"href":"https:\/\/cactustour.com\/cactustour\/wp-json\/wp\/v2\/pages"}],"about":[{"href":"https:\/\/cactustour.com\/cactustour\/wp-json\/wp\/v2\/types\/page"}],"author":[{"embeddable":true,"href":"https:\/\/cactustour.com\/cactustour\/wp-json\/wp\/v2\/users\/1"}],"replies":[{"embeddable":true,"href":"https:\/\/cactustour.com\/cactustour\/wp-json\/wp\/v2\/comments?post=3180"}],"version-history":[{"count":13,"href":"https:\/\/cactustour.com\/cactustour\/wp-json\/wp\/v2\/pages\/3180\/revisions"}],"predecessor-version":[{"id":3268,"href":"https:\/\/cactustour.com\/cactustour\/wp-json\/wp\/v2\/pages\/3180\/revisions\/3268"}],"wp:attachment":[{"href":"https:\/\/cactustour.com\/cactustour\/wp-json\/wp\/v2\/media?parent=3180"}],"wp:term":[{"taxonomy":"folder","embeddable":true,"href":"https:\/\/cactustour.com\/cactustour\/wp-json\/wp\/v2\/folder?post=3180"}],"curies":[{"name":"wp","href":"https:\/\/api.w.org\/{rel}","templated":true}]}}