{"id":3193,"date":"2024-07-16T05:44:23","date_gmt":"2024-07-16T05:44:23","guid":{"rendered":"https:\/\/cactustour.com\/cactustour\/?page_id=3193"},"modified":"2024-07-17T15:51:44","modified_gmt":"2024-07-17T15:51:44","slug":"voyage-groupe-de","status":"publish","type":"page","link":"https:\/\/cactustour.com\/cactustour\/de\/voyage-groupe-de\/","title":{"rendered":"Voyage Groupe &#8211; DE"},"content":{"rendered":"\t\t<div data-elementor-type=\"wp-page\" data-elementor-id=\"3193\" class=\"elementor elementor-3193\" data-elementor-post-type=\"page\">\n\t\t\t\t<div data-dce-background-image-url=\"https:\/\/cactustour.com\/cactustour\/wp-content\/uploads\/2023\/12\/shutterstock_735719860-scaled.jpg\" class=\"elementor-element elementor-element-a748c6d e-flex e-con-boxed e-con e-parent\" data-id=\"a748c6d\" data-element_type=\"container\" data-e-type=\"container\" data-settings=\"{&quot;background_background&quot;:&quot;classic&quot;}\">\n\t\t\t\t\t<div class=\"e-con-inner\">\n\t\t<div class=\"elementor-element elementor-element-74c1555 e-con-full e-flex e-con e-child\" data-id=\"74c1555\" data-element_type=\"container\" data-e-type=\"container\">\n\t\t\t\t<div class=\"elementor-element elementor-element-efcb207 elementor-widget elementor-widget-heading\" data-id=\"efcb207\" data-element_type=\"widget\" data-e-type=\"widget\" data-widget_type=\"heading.default\">\n\t\t\t\t<div class=\"elementor-widget-container\">\n\t\t\t\t\t<h2 class=\"elementor-heading-title elementor-size-default\">GRUPPENREISE<\/h2>\t\t\t\t<\/div>\n\t\t\t\t<\/div>\n\t\t\t\t<div class=\"elementor-element elementor-element-4040e1b elementor-widget-divider--view-line elementor-widget elementor-widget-divider\" data-id=\"4040e1b\" data-element_type=\"widget\" data-e-type=\"widget\" data-widget_type=\"divider.default\">\n\t\t\t\t<div class=\"elementor-widget-container\">\n\t\t\t\t\t\t\t<div class=\"elementor-divider\">\n\t\t\t<span class=\"elementor-divider-separator\">\n\t\t\t\t\t\t<\/span>\n\t\t<\/div>\n\t\t\t\t\t\t<\/div>\n\t\t\t\t<\/div>\n\t\t\t\t<div class=\"elementor-element elementor-element-40de8fd elementor-widget elementor-widget-text-editor\" data-id=\"40de8fd\" data-element_type=\"widget\" data-e-type=\"widget\" data-widget_type=\"text-editor.default\">\n\t\t\t\t<div class=\"elementor-widget-container\">\n\t\t\t\t\t\t\t\t\t<h3 class=\"typo3-heading-2\"><span style=\"color: #ffffff;\">Reisen in der Gruppe ist mehr als nur nett!<\/span><\/h3>\t\t\t\t\t\t\t\t<\/div>\n\t\t\t\t<\/div>\n\t\t\t\t<\/div>\n\t\t\t\t\t<\/div>\n\t\t\t\t<\/div>\n\t\t<div class=\"elementor-element elementor-element-2ddb1a3 e-flex e-con-boxed e-con e-parent\" data-id=\"2ddb1a3\" data-element_type=\"container\" data-e-type=\"container\">\n\t\t\t\t\t<div class=\"e-con-inner\">\n\t\t<div class=\"elementor-element elementor-element-24927ef e-flex e-con-boxed e-con e-child\" data-id=\"24927ef\" data-element_type=\"container\" data-e-type=\"container\">\n\t\t\t\t\t<div class=\"e-con-inner\">\n\t\t\t\t<div class=\"elementor-element elementor-element-ac37b14 elementor-widget elementor-widget-text-editor\" data-id=\"ac37b14\" data-element_type=\"widget\" data-e-type=\"widget\" data-widget_type=\"text-editor.default\">\n\t\t\t\t<div class=\"elementor-widget-container\">\n\t\t\t\t\t\t\t\t\t<h2 class=\"typo3-heading-2\">In einer Gruppe reisen, um den Planeten zu sch\u00fctzen und die lokale Bev\u00f6lkerung zu unterst\u00fctzen!<\/h2><p>Wussten Sie schon?<\/p><p>In einer Gruppe zu reisen ist umweltfreundlicher als allein zu reisen! Ja, die Nutzung eines gemeinsamen Verkehrsmittels erm\u00f6glicht es, die Kohlenstoffemissionen pro Person zu reduzieren! Au\u00dferdem ist unsere Busflotte umweltgerecht: Um starten zu d\u00fcrfen, m\u00fcssen die Busse die von der Gesetzgebung festgelegten Grenzwerte f\u00fcr Schadstoffe einhalten. Dar\u00fcber hinaus haben Sie w\u00e4hrend Ihrer Fahrt in unseren modernen Bussen aller Gr\u00f6\u00dfen die M\u00f6glichkeit, an unserem Spiel \u201eWissen \u00fcber Costa Rica\u201c teilzunehmen. Die Gewinner werden von Cactus Tour f\u00fcr eine Spende an lokale Institutionen subventioniert.<\/p>\t\t\t\t\t\t\t\t<\/div>\n\t\t\t\t<\/div>\n\t\t\t\t\t<\/div>\n\t\t\t\t<\/div>\n\t\t\t\t\t<\/div>\n\t\t\t\t<\/div>\n\t\t<div class=\"elementor-element elementor-element-3e26598 e-flex e-con-boxed e-con e-parent\" data-id=\"3e26598\" data-element_type=\"container\" data-e-type=\"container\">\n\t\t\t\t\t<div class=\"e-con-inner\">\n\t\t<div class=\"elementor-element elementor-element-f48ec89 e-flex e-con-boxed e-con e-child\" data-id=\"f48ec89\" data-element_type=\"container\" data-e-type=\"container\">\n\t\t\t\t\t<div class=\"e-con-inner\">\n\t\t\t\t<div class=\"elementor-element elementor-element-ccf1240 elementor-widget elementor-widget-text-editor\" data-id=\"ccf1240\" data-element_type=\"widget\" data-e-type=\"widget\" data-widget_type=\"text-editor.default\">\n\t\t\t\t<div class=\"elementor-widget-container\">\n\t\t\t\t\t\t\t\t\t<h2 class=\"typo3-heading-2\">Reisen Sie in der Gruppe, um zu entdecken.<\/h2><p class=\"align-justify\">Von der Zentralmeseta in San Jos\u00e9 aus bieten wir Ihnen einen Einblick in die lateinamerikanische Welt, eine lehrreiche Ann\u00e4herung an aktive Krater und Entspannung an idyllischen Str\u00e4nden. Die Wahl einer Entdeckungsreise bedeutet, sich f\u00fcr Vielfalt zu entscheiden. Diese Routen f\u00fchren Sie durch Ebenen und Berge bis zur S\u00fcdk\u00fcste der Karibik, vorbei an den explosiven Lavastr\u00f6men des Vulkans Arenal; und von den unber\u00fchrten W\u00e4ldern der Osa-Halbinsel (Corcovado-Nationalpark) zur K\u00fcste des Nordpazifiks (Tamarindo, Conchal, Papagayo\u2026) \u00fcber die l\u00e4ndlichen Regionen Sarapiqui, Turrialba oder Guanacaste. Kontaktieren Sie uns.<\/p>\t\t\t\t\t\t\t\t<\/div>\n\t\t\t\t<\/div>\n\t\t\t\t\t<\/div>\n\t\t\t\t<\/div>\n\t\t\t\t\t<\/div>\n\t\t\t\t<\/div>\n\t\t<div class=\"elementor-element elementor-element-615c7ef e-flex e-con-boxed e-con e-parent\" data-id=\"615c7ef\" data-element_type=\"container\" data-e-type=\"container\">\n\t\t\t\t\t<div class=\"e-con-inner\">\n\t\t<div class=\"elementor-element elementor-element-9af03c9 e-flex e-con-boxed e-con e-child\" data-id=\"9af03c9\" data-element_type=\"container\" data-e-type=\"container\">\n\t\t\t\t\t<div class=\"e-con-inner\">\n\t\t\t\t<div class=\"elementor-element elementor-element-930d72d elementor-widget elementor-widget-text-editor\" data-id=\"930d72d\" data-element_type=\"widget\" data-e-type=\"widget\" data-widget_type=\"text-editor.default\">\n\t\t\t\t<div class=\"elementor-widget-container\">\n\t\t\t\t\t\t\t\t\t<h2 class=\"typo3-heading-2\">Reisen Sie in der Gruppe rund um ein Thema.<\/h2><p>Der Reichtum Costa Ricas erm\u00f6glicht eine gro\u00dfe Auswahl an thematischen Reisen. Ob Trekking-Fanatiker, Taucher, Anh\u00e4nger des l\u00e4ndlichen und gemeinschaftlichen Tourismus, Ornithologen, Abenteurer extremer Aktivit\u00e4ten oder Orchideenliebhaber \u2013 wir stellen Ihnen ein professionelles und begeistertes Team zur Verf\u00fcgung, das bereit ist, Ihre Reise nach Ihren Bed\u00fcrfnissen, W\u00fcnschen und Vorlieben zu gestalten und zu organisieren. Kontaktieren Sie uns.<\/p>\t\t\t\t\t\t\t\t<\/div>\n\t\t\t\t<\/div>\n\t\t\t\t\t<\/div>\n\t\t\t\t<\/div>\n\t\t\t\t\t<\/div>\n\t\t\t\t<\/div>\n\t\t<div class=\"elementor-element elementor-element-6233308 e-flex e-con-boxed e-con e-parent\" data-id=\"6233308\" data-element_type=\"container\" data-e-type=\"container\">\n\t\t\t\t\t<div class=\"e-con-inner\">\n\t\t<div class=\"elementor-element elementor-element-0bc6e90 e-flex e-con-boxed e-con e-child\" data-id=\"0bc6e90\" data-element_type=\"container\" data-e-type=\"container\">\n\t\t\t\t\t<div class=\"e-con-inner\">\n\t\t\t\t<div class=\"elementor-element elementor-element-a8c0b78 elementor-widget elementor-widget-text-editor\" data-id=\"a8c0b78\" data-element_type=\"widget\" data-e-type=\"widget\" data-widget_type=\"text-editor.default\">\n\t\t\t\t<div class=\"elementor-widget-container\">\n\t\t\t\t\t\t\t\t\t<h2 class=\"typo3-heading-2\">Reisen Sie in der Gruppe mit Begleitung.<\/h2><p>Bei ihrer Ankunft im Land werden unsere Gruppen von einem zweisprachigen Reisef\u00fchrer begleitet, der Ihnen vertiefte Kenntnisse \u00fcber die Natur, die Kultur und die Bedeutung des Umweltschutzes vermittelt. Er wird auch dabei sein, um eine enge Beziehung zur lokalen Bev\u00f6lkerung und zum Alltagsleben der Costa-Ricaner herzustellen und die Logistik f\u00fcr einen gelungenen Urlaub zu \u00fcbernehmen. Kontaktieren Sie uns.<\/p>\t\t\t\t\t\t\t\t<\/div>\n\t\t\t\t<\/div>\n\t\t\t\t\t<\/div>\n\t\t\t\t<\/div>\n\t\t\t\t\t<\/div>\n\t\t\t\t<\/div>\n\t\t<div class=\"elementor-element elementor-element-9185c40 e-flex e-con-boxed e-con e-parent\" data-id=\"9185c40\" data-element_type=\"container\" data-e-type=\"container\">\n\t\t\t\t\t<div class=\"e-con-inner\">\n\t\t<div class=\"elementor-element elementor-element-48e0dfe e-flex e-con-boxed e-con e-child\" data-id=\"48e0dfe\" data-element_type=\"container\" data-e-type=\"container\">\n\t\t\t\t\t<div class=\"e-con-inner\">\n\t\t\t\t<div class=\"elementor-element elementor-element-409bdb3 elementor-widget elementor-widget-text-editor\" data-id=\"409bdb3\" data-element_type=\"widget\" data-e-type=\"widget\" data-widget_type=\"text-editor.default\">\n\t\t\t\t<div class=\"elementor-widget-container\">\n\t\t\t\t\t\t\t\t\t<h2 class=\"typo3-heading-2\">Reisen Sie in der Gruppe im Komfort.<\/h2><p>Die Vielfalt und Qualit\u00e4t der Unterk\u00fcnfte werden Sie begeistern: Hotels, Resorts, charmante Unterk\u00fcnfte, \u00dcbernachtungen bei Einheimischen und ungew\u00f6hnliche Optionen erwarten Sie!<\/p><p>Zus\u00e4tzlich erm\u00f6glicht Ihnen das gute nationale Stra\u00dfennetz, Costa Rica ohne Unannehmlichkeiten zu erkunden! Unsere Busse sind ebenfalls gut ausgestattet mit individuell einstellbarer Klimaanlage, verstellbaren Sitzen, einem Audiosystem mit Mikrofon. Die gr\u00f6\u00dferen Busse sind zudem mit einem Fernseher mit VHS- und DVD-Player ausgestattet.<\/p><p>Wir legen besonderen Wert auf die Auswahl der Restaurants und Men\u00fcs, damit Sie die lokale Gastronomie unter besten Bedingungen entdecken k\u00f6nnen.<\/p><p>Der Inhalt der Tour und ihre Themen werden immer im Geiste der Gruppe gestaltet. F\u00fcr Gruppen, die aus Personen bestehen, die sich nicht kennen, suchen wir gemeinsam die besten Optionen aus!<\/p>\t\t\t\t\t\t\t\t<\/div>\n\t\t\t\t<\/div>\n\t\t\t\t\t<\/div>\n\t\t\t\t<\/div>\n\t\t\t\t\t<\/div>\n\t\t\t\t<\/div>\n\t\t<div class=\"elementor-element elementor-element-2cc58f0 e-flex e-con-boxed e-con e-parent\" data-id=\"2cc58f0\" data-element_type=\"container\" data-e-type=\"container\">\n\t\t\t\t\t<div class=\"e-con-inner\">\n\t\t<div class=\"elementor-element elementor-element-fd497bd e-flex e-con-boxed e-con e-child\" data-id=\"fd497bd\" data-element_type=\"container\" data-e-type=\"container\">\n\t\t\t\t\t<div class=\"e-con-inner\">\n\t\t\t\t<div class=\"elementor-element elementor-element-b8e26cd elementor-widget elementor-widget-text-editor\" data-id=\"b8e26cd\" data-element_type=\"widget\" data-e-type=\"widget\" data-widget_type=\"text-editor.default\">\n\t\t\t\t<div class=\"elementor-widget-container\">\n\t\t\t\t\t\t\t\t\t<h2 class=\"typo3-heading-2\">Die Gruppenleistung, die wir Ihnen anbieten, umfasst:<\/h2><ul><li>Definition einer originellen Reiseroute<\/li><li>Ein Team, das aufmerksam Ihre Reise gestaltet<\/li><li>Empfang der Teilnehmer<\/li><li>Transfers vom Flughafen zu den Hotels und Sehensw\u00fcrdigkeiten<\/li><li>St\u00e4ndige Begleitung durch einen zweisprachigen Reisef\u00fchrer<\/li><li>Umwelt- und sozialvertr\u00e4gliche Dienstleister<\/li><\/ul>\t\t\t\t\t\t\t\t<\/div>\n\t\t\t\t<\/div>\n\t\t\t\t\t<\/div>\n\t\t\t\t<\/div>\n\t\t\t\t\t<\/div>\n\t\t\t\t<\/div>\n\t\t\t\t<\/div>\n\t\t","protected":false},"excerpt":{"rendered":"<p>GRUPPENREISE Reisen in der Gruppe ist mehr als nur nett! In einer Gruppe reisen, um den Planeten zu sch\u00fctzen und die lokale Bev\u00f6lkerung zu unterst\u00fctzen! Wussten Sie schon? In einer Gruppe zu reisen ist umweltfreundlicher als allein zu reisen! Ja, die Nutzung eines gemeinsamen Verkehrsmittels erm\u00f6glicht es, die Kohlenstoffemissionen pro Person zu reduzieren! Au\u00dferdem ist [&hellip;]<\/p>\n","protected":false},"author":1,"featured_media":0,"parent":0,"menu_order":0,"comment_status":"closed","ping_status":"closed","template":"","meta":{"site-sidebar-layout":"no-sidebar","site-content-layout":"page-builder","ast-site-content-layout":"full-width-container","site-content-style":"default","site-sidebar-style":"default","ast-global-header-display":"","ast-banner-title-visibility":"","ast-main-header-display":"","ast-hfb-above-header-display":"","ast-hfb-below-header-display":"","ast-hfb-mobile-header-display":"","site-post-title":"disabled","ast-breadcrumbs-content":"","ast-featured-img":"disabled","footer-sml-layout":"","ast-disable-related-posts":"","theme-transparent-header-meta":"","adv-header-id-meta":"","stick-header-meta":"","header-above-stick-meta":"","header-main-stick-meta":"","header-below-stick-meta":"","astra-migrate-meta-layouts":"set","ast-page-background-enabled":"default","ast-page-background-meta":{"desktop":{"background-color":"","background-image":"","background-repeat":"repeat","background-position":"center center","background-size":"auto","background-attachment":"scroll","background-type":"","background-media":"","overlay-type":"","overlay-color":"","overlay-opacity":"","overlay-gradient":""},"tablet":{"background-color":"","background-image":"","background-repeat":"repeat","background-position":"center center","background-size":"auto","background-attachment":"scroll","background-type":"","background-media":"","overlay-type":"","overlay-color":"","overlay-opacity":"","overlay-gradient":""},"mobile":{"background-color":"","background-image":"","background-repeat":"repeat","background-position":"center center","background-size":"auto","background-attachment":"scroll","background-type":"","background-media":"","overlay-type":"","overlay-color":"","overlay-opacity":"","overlay-gradient":""}},"ast-content-background-meta":{"desktop":{"background-color":"var(--ast-global-color-5)","background-image":"","background-repeat":"repeat","background-position":"center center","background-size":"auto","background-attachment":"scroll","background-type":"","background-media":"","overlay-type":"","overlay-color":"","overlay-opacity":"","overlay-gradient":""},"tablet":{"background-color":"var(--ast-global-color-5)","background-image":"","background-repeat":"repeat","background-position":"center center","background-size":"auto","background-attachment":"scroll","background-type":"","background-media":"","overlay-type":"","overlay-color":"","overlay-opacity":"","overlay-gradient":""},"mobile":{"background-color":"var(--ast-global-color-5)","background-image":"","background-repeat":"repeat","background-position":"center center","background-size":"auto","background-attachment":"scroll","background-type":"","background-media":"","overlay-type":"","overlay-color":"","overlay-opacity":"","overlay-gradient":""}},"footnotes":""},"folder":[68],"class_list":["post-3193","page","type-page","status-publish","hentry"],"_links":{"self":[{"href":"https:\/\/cactustour.com\/cactustour\/wp-json\/wp\/v2\/pages\/3193","targetHints":{"allow":["GET"]}}],"collection":[{"href":"https:\/\/cactustour.com\/cactustour\/wp-json\/wp\/v2\/pages"}],"about":[{"href":"https:\/\/cactustour.com\/cactustour\/wp-json\/wp\/v2\/types\/page"}],"author":[{"embeddable":true,"href":"https:\/\/cactustour.com\/cactustour\/wp-json\/wp\/v2\/users\/1"}],"replies":[{"embeddable":true,"href":"https:\/\/cactustour.com\/cactustour\/wp-json\/wp\/v2\/comments?post=3193"}],"version-history":[{"count":10,"href":"https:\/\/cactustour.com\/cactustour\/wp-json\/wp\/v2\/pages\/3193\/revisions"}],"predecessor-version":[{"id":3277,"href":"https:\/\/cactustour.com\/cactustour\/wp-json\/wp\/v2\/pages\/3193\/revisions\/3277"}],"wp:attachment":[{"href":"https:\/\/cactustour.com\/cactustour\/wp-json\/wp\/v2\/media?parent=3193"}],"wp:term":[{"taxonomy":"folder","embeddable":true,"href":"https:\/\/cactustour.com\/cactustour\/wp-json\/wp\/v2\/folder?post=3193"}],"curies":[{"name":"wp","href":"https:\/\/api.w.org\/{rel}","templated":true}]}}