{"id":3642,"date":"2024-09-13T16:11:40","date_gmt":"2024-09-13T16:11:40","guid":{"rendered":"https:\/\/cactustour.com\/cactustour\/?page_id=3642"},"modified":"2024-10-04T16:07:24","modified_gmt":"2024-10-04T16:07:24","slug":"certificacion-turismo-durable","status":"publish","type":"page","link":"https:\/\/cactustour.com\/cactustour\/es\/certificacion-turismo-durable\/","title":{"rendered":"Certificaci\u00f3n Turismo Sostenible"},"content":{"rendered":"\t\t<div data-elementor-type=\"wp-page\" data-elementor-id=\"3642\" class=\"elementor elementor-3642\" data-elementor-post-type=\"page\">\n\t\t\t\t<div data-dce-background-image-url=\"https:\/\/cactustour.com\/cactustour\/wp-content\/uploads\/2024\/09\/P_Masacaradas-web-1536x957.jpg\" class=\"elementor-element elementor-element-a55df7a e-flex e-con-boxed e-con e-parent\" data-id=\"a55df7a\" data-element_type=\"container\" data-e-type=\"container\" data-settings=\"{&quot;background_background&quot;:&quot;classic&quot;}\">\n\t\t\t\t\t<div class=\"e-con-inner\">\n\t\t\t\t<div class=\"elementor-element elementor-element-bfb9637 elementor-widget elementor-widget-heading\" data-id=\"bfb9637\" data-element_type=\"widget\" data-e-type=\"widget\" data-widget_type=\"heading.default\">\n\t\t\t\t<div class=\"elementor-widget-container\">\n\t\t\t\t\t<h2 class=\"elementor-heading-title elementor-size-default\">CERTIFICACI\u00d3N TURISMO SOSTENIBLE\n\n\n\n\n\n\n<\/h2>\t\t\t\t<\/div>\n\t\t\t\t<\/div>\n\t\t\t\t<div class=\"elementor-element elementor-element-e4b4325 elementor-widget-divider--separator-type-pattern elementor-widget-divider--no-spacing elementor-widget-divider--view-line elementor-widget elementor-widget-divider\" data-id=\"e4b4325\" data-element_type=\"widget\" data-e-type=\"widget\" data-widget_type=\"divider.default\">\n\t\t\t\t<div class=\"elementor-widget-container\">\n\t\t\t\t\t\t\t<div class=\"elementor-divider\" style=\"--divider-pattern-url: url(&quot;data:image\/svg+xml,%3Csvg xmlns=&#039;http:\/\/www.w3.org\/2000\/svg&#039; preserveAspectRatio=&#039;xMidYMid meet&#039; overflow=&#039;visible&#039; height=&#039;100%&#039; viewBox=&#039;0 0 117 26&#039; fill=&#039;black&#039; stroke=&#039;none&#039;%3E%3Cpath d=&#039;M3,1.5C5,4.9,6,8.8,6,13s-1.7,8.1-5,11.5C0.3,21.1,0,17.2,0,13S1,4.9,3,1.5z M16,1.5c2,3.4,3,7.3,3,11.5s-1,8.1-3,11.5c-2-4.1-3-8.3-3-12.5S14,4.3,16,1.5z M29,1.5c2,4.8,3,9.3,3,13.5s-1,7.4-3,9.5c-2-3.4-3-7.3-3-11.5S27,4.9,29,1.5z M41.1,1.5C43.7,4.9,45,8.8,45,13s-1,8.1-3,11.5c-2-3.4-3-7.3-3-11.5S39.7,4.9,41.1,1.5zM55,1.5c2,2.8,3,6.3,3,10.5s-1.3,8.4-4,12.5c-1.3-3.4-2-7.3-2-11.5S53,4.9,55,1.5z M68,1.5c2,3.4,3,7.3,3,11.5s-0.7,8.1-2,11.5c-2.7-4.8-4-9.3-4-13.5S66,3.6,68,1.5z M82,1.5c1.3,4.8,2,9.3,2,13.5s-1,7.4-3,9.5c-2-3.4-3-7.3-3-11.5S79.3,4.9,82,1.5z M94,1.5c2,3.4,3,7.3,3,11.5s-1.3,8.1-4,11.5c-1.3-1.4-2-4.3-2-8.5S92,6.9,94,1.5z M107,1.5c2,2.1,3,5.3,3,9.5s-0.7,8.7-2,13.5c-2.7-3.4-4-7.3-4-11.5S105,4.9,107,1.5z&#039;\/%3E%3C\/svg%3E&quot;);\">\n\t\t\t<span class=\"elementor-divider-separator\">\n\t\t\t\t\t\t<\/span>\n\t\t<\/div>\n\t\t\t\t\t\t<\/div>\n\t\t\t\t<\/div>\n\t\t\t\t<div class=\"elementor-element elementor-element-5ee4b12 elementor-widget elementor-widget-text-editor\" data-id=\"5ee4b12\" data-element_type=\"widget\" data-e-type=\"widget\" data-widget_type=\"text-editor.default\">\n\t\t\t\t<div class=\"elementor-widget-container\">\n\t\t\t\t\t\t\t\t\t<div class=\"flex max-w-full flex-col flex-grow\"><div class=\"min-h-[20px] text-message flex w-full flex-col items-end gap-2 whitespace-normal break-words [.text-message+&amp;]:mt-5\" dir=\"auto\" data-message-author-role=\"assistant\" data-message-id=\"93060db4-ead3-4482-8d10-fb4ba0714133\"><div class=\"flex w-full flex-col gap-1 empty:hidden first:pt-[3px]\"><div class=\"markdown prose w-full break-words dark:prose-invert dark\"><p><strong>Para avanzar con un turismo responsable<\/strong><\/p><\/div><\/div><\/div><\/div>\t\t\t\t\t\t\t\t<\/div>\n\t\t\t\t<\/div>\n\t\t\t\t\t<\/div>\n\t\t\t\t<\/div>\n\t\t<div class=\"elementor-element elementor-element-733596d e-con-full e-flex e-con e-parent\" data-id=\"733596d\" data-element_type=\"container\" data-e-type=\"container\">\n\t\t\t\t<div class=\"elementor-element elementor-element-08e33cf elementor-widget elementor-widget-text-editor\" data-id=\"08e33cf\" data-element_type=\"widget\" data-e-type=\"widget\" data-widget_type=\"text-editor.default\">\n\t\t\t\t<div class=\"elementor-widget-container\">\n\t\t\t\t\t\t\t\t\t<p class=\"x_MsoNormal\"><span lang=\"FR\"><big><span style=\"text-decoration: underline;\"><span style=\"color: darkgreen; text-decoration: underline;\"><strong>Cactus<\/strong><\/span><span style=\"color: darkgrey; text-decoration: underline;\"><strong>Tour<\/strong><\/span><\/span> est\u00e1 certificada en turismo sostenible desde 2009. <a href=\"https:\/\/www.turismo-sostenible.co.cr\/es\/directorio\/tour-operadoras\">El CST (Certificaci\u00f3n de Sostenibilidad Tur\u00edstica)<\/a> es la certificaci\u00f3n implementada por el <a href=\"https:\/\/www.ict.go.cr\/en\/sustainability\/cst\">ICT (Instituto Costarricense de Turismo)<\/a>.<\/big><\/span><\/p><p class=\"x_MsoNormal\">La certificaci\u00f3n se renueva cada 2 a\u00f1os y nos permite medir y evaluar nuestras pol\u00edticas y acciones en t\u00e9rminos de gesti\u00f3n de los recursos naturales y culturales, mejora de la calidad de vida de las comunidades y de Costa Rica en general.<\/p><p class=\"x_MsoNormal\"><span lang=\"FR\"> <img fetchpriority=\"high\" decoding=\"async\" class=\"size-full wp-image-3508 aligncenter\" src=\"https:\/\/cactustour.com\/cactustour\/wp-content\/uploads\/2024\/09\/CSTofficiel-small.jpg\" alt=\"\" width=\"236\" height=\"227\" \/><\/span><\/p><p><strong>Para nosotros es una excelente herramienta que permite tanto la reflexi\u00f3n como la mejora de nuestras pr\u00e1cticas:<\/strong><\/p><ul><li>El conocimiento y el respeto de la legislaci\u00f3n son los requisitos previos a cualquier acci\u00f3n.<\/li><li>La formaci\u00f3n, la sensibilizaci\u00f3n y la colaboraci\u00f3n son esenciales.<\/li><li>Conocer, medir y limitar nuestros impactos, comprometernos y poner en marcha acciones positivas es el camino que elegimos para alcanzar nuestros objetivos.<\/li><\/ul><p class=\"x_MsoNormal\"><span lang=\"FR\">\u00a0<\/span><\/p><p><strong>Concretamente, trabajamos al m\u00e1ximo con socios y proveedores que tambi\u00e9n est\u00e9n comprometidos o certificados; capacitamos a los equipos e intercambiamos con los gu\u00edas y transportistas sobre las buenas pr\u00e1cticas; sensibilizamos a los viajeros sobre la carta del turismo responsable; les invitamos a limitar el uso de botellas de pl\u00e1stico; priorizamos los men\u00fas que utilizan productos y recetas locales; tratamos de mostrar a los viajeros regiones menos tur\u00edsticas y fomentamos encuentros; apuntamos al cero papel, etc.<\/strong><\/p><p><strong>Tambi\u00e9n apoyamos proyectos y asociaciones.<\/strong><\/p><p class=\"x_MsoNormal\"><span lang=\"FR\">\u00a0<\/span><\/p><p><strong>Nuestros Compromisos con la Conservaci\u00f3n<\/strong><\/p><p>En Cactus Tour, estamos profundamente comprometidos con la protecci\u00f3n de la fauna. Colaboramos estrechamente con organizaciones locales para apoyar iniciativas de conservaci\u00f3n y concienciar a nuestros visitantes sobre la importancia de preservar estos tesoros naturales.<\/p><p><strong>Programas de Conservaci\u00f3n<\/strong>: Una parte de nuestros ingresos se destina a proyectos de protecci\u00f3n de la fauna y restauraci\u00f3n de h\u00e1bitats.<br \/><strong>Turismo Responsable<\/strong>: Priorizamos pr\u00e1cticas tur\u00edsticas sostenibles para minimizar nuestro impacto en el medio ambiente y la fauna local.<\/p><p class=\"x_MsoNormal\">DESCUBRE nuestras <a href=\"https:\/\/cactust.sharepoint.com\/:w:\/s\/CactusTour\/EeBYnGj0wr5OnENJu8OeoyoB3UM6-zKMCxt9SRAFxaqkwg?e=rbZR5W\">Pol\u00edticas de Turismo Sostenible<\/a>, as\u00ed como nuestros <a href=\"https:\/\/cactustour.com\/cactustour\/la-charte-du-voyageur-responsable\/\">consejos para un turismo responsable<\/a>.<\/p>\t\t\t\t\t\t\t\t<\/div>\n\t\t\t\t<\/div>\n\t\t\t\t<\/div>\n\t\t<div class=\"elementor-element elementor-element-18fbe2c e-flex e-con-boxed e-con e-parent\" data-id=\"18fbe2c\" data-element_type=\"container\" data-e-type=\"container\">\n\t\t\t\t\t<div class=\"e-con-inner\">\n\t\t\t\t<div class=\"elementor-element elementor-element-d1417cb elementor-widget elementor-widget-gallery\" data-id=\"d1417cb\" data-element_type=\"widget\" data-e-type=\"widget\" data-settings=\"{&quot;gallery_layout&quot;:&quot;masonry&quot;,&quot;columns&quot;:3,&quot;gap&quot;:{&quot;unit&quot;:&quot;px&quot;,&quot;size&quot;:2,&quot;sizes&quot;:[]},&quot;lazyload&quot;:&quot;yes&quot;,&quot;columns_tablet&quot;:2,&quot;columns_mobile&quot;:1,&quot;gap_tablet&quot;:{&quot;unit&quot;:&quot;px&quot;,&quot;size&quot;:10,&quot;sizes&quot;:[]},&quot;gap_mobile&quot;:{&quot;unit&quot;:&quot;px&quot;,&quot;size&quot;:10,&quot;sizes&quot;:[]},&quot;link_to&quot;:&quot;file&quot;,&quot;overlay_background&quot;:&quot;yes&quot;,&quot;content_hover_animation&quot;:&quot;fade-in&quot;}\" data-widget_type=\"gallery.default\">\n\t\t\t\t<div class=\"elementor-widget-container\">\n\t\t\t\t\t\t\t<div class=\"elementor-gallery__container\">\n\t\t\t\t\t\t\t<a class=\"e-gallery-item elementor-gallery-item elementor-animated-content\" href=\"https:\/\/cactustour.com\/cactustour\/wp-content\/uploads\/2024\/06\/PanaMagik-43.jpg\" data-elementor-open-lightbox=\"yes\" data-elementor-lightbox-slideshow=\"d1417cb\" data-elementor-lightbox-title=\"PanaMagik (43)\" data-e-action-hash=\"#elementor-action%3Aaction%3Dlightbox%26settings%3DeyJpZCI6MjYxMSwidXJsIjoiaHR0cHM6XC9cL2NhY3R1c3RvdXIuY29tXC9jYWN0dXN0b3VyXC93cC1jb250ZW50XC91cGxvYWRzXC8yMDI0XC8wNlwvUGFuYU1hZ2lrLTQzLmpwZyIsInNsaWRlc2hvdyI6ImQxNDE3Y2IifQ%3D%3D\">\n\t\t\t\t\t<div class=\"e-gallery-image elementor-gallery-item__image\" data-thumbnail=\"https:\/\/cactustour.com\/cactustour\/wp-content\/uploads\/2024\/06\/PanaMagik-43-300x200.jpg\" data-width=\"300\" data-height=\"200\" aria-label=\"\" role=\"img\" ><\/div>\n\t\t\t\t\t\t\t\t\t\t\t<div class=\"elementor-gallery-item__overlay\"><\/div>\n\t\t\t\t\t\t\t\t\t\t\t\t\t\t<\/a>\n\t\t\t\t\t\t\t<a class=\"e-gallery-item elementor-gallery-item elementor-animated-content\" href=\"https:\/\/cactustour.com\/cactustour\/wp-content\/uploads\/2024\/02\/famille-people-trapiche.jpg\" data-elementor-open-lightbox=\"yes\" data-elementor-lightbox-slideshow=\"d1417cb\" data-elementor-lightbox-title=\"famille people trapiche\" data-e-action-hash=\"#elementor-action%3Aaction%3Dlightbox%26settings%3DeyJpZCI6MTkyOSwidXJsIjoiaHR0cHM6XC9cL2NhY3R1c3RvdXIuY29tXC9jYWN0dXN0b3VyXC93cC1jb250ZW50XC91cGxvYWRzXC8yMDI0XC8wMlwvZmFtaWxsZS1wZW9wbGUtdHJhcGljaGUuanBnIiwic2xpZGVzaG93IjoiZDE0MTdjYiJ9\">\n\t\t\t\t\t<div class=\"e-gallery-image elementor-gallery-item__image\" data-thumbnail=\"https:\/\/cactustour.com\/cactustour\/wp-content\/uploads\/2024\/02\/famille-people-trapiche-300x225.jpg\" data-width=\"300\" data-height=\"225\" aria-label=\"\" role=\"img\" ><\/div>\n\t\t\t\t\t\t\t\t\t\t\t<div class=\"elementor-gallery-item__overlay\"><\/div>\n\t\t\t\t\t\t\t\t\t\t\t\t\t\t<\/a>\n\t\t\t\t\t\t\t<a class=\"e-gallery-item elementor-gallery-item elementor-animated-content\" href=\"https:\/\/cactustour.com\/cactustour\/wp-content\/uploads\/2024\/02\/famille-borucas-repas-people.jpg\" data-elementor-open-lightbox=\"yes\" data-elementor-lightbox-slideshow=\"d1417cb\" data-elementor-lightbox-title=\"famille borucas repas people\" data-e-action-hash=\"#elementor-action%3Aaction%3Dlightbox%26settings%3DeyJpZCI6MTkyMSwidXJsIjoiaHR0cHM6XC9cL2NhY3R1c3RvdXIuY29tXC9jYWN0dXN0b3VyXC93cC1jb250ZW50XC91cGxvYWRzXC8yMDI0XC8wMlwvZmFtaWxsZS1ib3J1Y2FzLXJlcGFzLXBlb3BsZS5qcGciLCJzbGlkZXNob3ciOiJkMTQxN2NiIn0%3D\">\n\t\t\t\t\t<div class=\"e-gallery-image elementor-gallery-item__image\" data-thumbnail=\"https:\/\/cactustour.com\/cactustour\/wp-content\/uploads\/2024\/02\/famille-borucas-repas-people-300x225.jpg\" data-width=\"300\" data-height=\"225\" aria-label=\"\" role=\"img\" ><\/div>\n\t\t\t\t\t\t\t\t\t\t\t<div class=\"elementor-gallery-item__overlay\"><\/div>\n\t\t\t\t\t\t\t\t\t\t\t\t\t\t<\/a>\n\t\t\t\t\t\t\t<a class=\"e-gallery-item elementor-gallery-item elementor-animated-content\" href=\"https:\/\/cactustour.com\/cactustour\/wp-content\/uploads\/2024\/02\/Curu-Famille-Chien_Singe.jpg\" data-elementor-open-lightbox=\"yes\" data-elementor-lightbox-slideshow=\"d1417cb\" data-elementor-lightbox-title=\"Cur\u00fa Famille Chien_Singe\" data-e-action-hash=\"#elementor-action%3Aaction%3Dlightbox%26settings%3DeyJpZCI6MTkxNCwidXJsIjoiaHR0cHM6XC9cL2NhY3R1c3RvdXIuY29tXC9jYWN0dXN0b3VyXC93cC1jb250ZW50XC91cGxvYWRzXC8yMDI0XC8wMlwvQ3VydS1GYW1pbGxlLUNoaWVuX1NpbmdlLmpwZyIsInNsaWRlc2hvdyI6ImQxNDE3Y2IifQ%3D%3D\">\n\t\t\t\t\t<div class=\"e-gallery-image elementor-gallery-item__image\" data-thumbnail=\"https:\/\/cactustour.com\/cactustour\/wp-content\/uploads\/2024\/02\/Curu-Famille-Chien_Singe-300x201.jpg\" data-width=\"300\" data-height=\"201\" aria-label=\"\" role=\"img\" ><\/div>\n\t\t\t\t\t\t\t\t\t\t\t<div class=\"elementor-gallery-item__overlay\"><\/div>\n\t\t\t\t\t\t\t\t\t\t\t\t\t\t<\/a>\n\t\t\t\t\t\t\t<a class=\"e-gallery-item elementor-gallery-item elementor-animated-content\" href=\"https:\/\/cactustour.com\/cactustour\/wp-content\/uploads\/2024\/09\/2015-Carara-Osa-inc-cactus-4-Small.jpg\" data-elementor-open-lightbox=\"yes\" data-elementor-lightbox-slideshow=\"d1417cb\" data-elementor-lightbox-title=\"2015 Carara Osa inc cactus (4) (Small)\" data-e-action-hash=\"#elementor-action%3Aaction%3Dlightbox%26settings%3DeyJpZCI6MzUyNCwidXJsIjoiaHR0cHM6XC9cL2NhY3R1c3RvdXIuY29tXC9jYWN0dXN0b3VyXC93cC1jb250ZW50XC91cGxvYWRzXC8yMDI0XC8wOVwvMjAxNS1DYXJhcmEtT3NhLWluYy1jYWN0dXMtNC1TbWFsbC5qcGciLCJzbGlkZXNob3ciOiJkMTQxN2NiIn0%3D\">\n\t\t\t\t\t<div class=\"e-gallery-image elementor-gallery-item__image\" data-thumbnail=\"https:\/\/cactustour.com\/cactustour\/wp-content\/uploads\/2024\/09\/2015-Carara-Osa-inc-cactus-4-Small-300x225.jpg\" data-width=\"300\" data-height=\"225\" aria-label=\"\" role=\"img\" ><\/div>\n\t\t\t\t\t\t\t\t\t\t\t<div class=\"elementor-gallery-item__overlay\"><\/div>\n\t\t\t\t\t\t\t\t\t\t\t\t\t\t<\/a>\n\t\t\t\t\t\t\t<a class=\"e-gallery-item elementor-gallery-item elementor-animated-content\" href=\"https:\/\/cactustour.com\/cactustour\/wp-content\/uploads\/2024\/09\/2016-Guanacaste-inc-cactus-23.jpg\" data-elementor-open-lightbox=\"yes\" data-elementor-lightbox-slideshow=\"d1417cb\" data-elementor-lightbox-title=\"2016 Guanacaste inc cactus (23)\" data-e-action-hash=\"#elementor-action%3Aaction%3Dlightbox%26settings%3DeyJpZCI6MzUyNSwidXJsIjoiaHR0cHM6XC9cL2NhY3R1c3RvdXIuY29tXC9jYWN0dXN0b3VyXC93cC1jb250ZW50XC91cGxvYWRzXC8yMDI0XC8wOVwvMjAxNi1HdWFuYWNhc3RlLWluYy1jYWN0dXMtMjMuanBnIiwic2xpZGVzaG93IjoiZDE0MTdjYiJ9\">\n\t\t\t\t\t<div class=\"e-gallery-image elementor-gallery-item__image\" data-thumbnail=\"https:\/\/cactustour.com\/cactustour\/wp-content\/uploads\/2024\/09\/2016-Guanacaste-inc-cactus-23-300x225.jpg\" data-width=\"300\" data-height=\"225\" aria-label=\"\" role=\"img\" ><\/div>\n\t\t\t\t\t\t\t\t\t\t\t<div class=\"elementor-gallery-item__overlay\"><\/div>\n\t\t\t\t\t\t\t\t\t\t\t\t\t\t<\/a>\n\t\t\t\t\t\t\t<a class=\"e-gallery-item elementor-gallery-item elementor-animated-content\" href=\"https:\/\/cactustour.com\/cactustour\/wp-content\/uploads\/2024\/09\/2017-Incentivo-Cactus-2-Medium.jpg\" data-elementor-open-lightbox=\"yes\" data-elementor-lightbox-slideshow=\"d1417cb\" data-elementor-lightbox-title=\"2017 Incentivo Cactus (2) (Medium)\" data-e-action-hash=\"#elementor-action%3Aaction%3Dlightbox%26settings%3DeyJpZCI6MzUyNiwidXJsIjoiaHR0cHM6XC9cL2NhY3R1c3RvdXIuY29tXC9jYWN0dXN0b3VyXC93cC1jb250ZW50XC91cGxvYWRzXC8yMDI0XC8wOVwvMjAxNy1JbmNlbnRpdm8tQ2FjdHVzLTItTWVkaXVtLmpwZyIsInNsaWRlc2hvdyI6ImQxNDE3Y2IifQ%3D%3D\">\n\t\t\t\t\t<div class=\"e-gallery-image elementor-gallery-item__image\" data-thumbnail=\"https:\/\/cactustour.com\/cactustour\/wp-content\/uploads\/2024\/09\/2017-Incentivo-Cactus-2-Medium-300x225.jpg\" data-width=\"300\" data-height=\"225\" aria-label=\"\" role=\"img\" ><\/div>\n\t\t\t\t\t\t\t\t\t\t\t<div class=\"elementor-gallery-item__overlay\"><\/div>\n\t\t\t\t\t\t\t\t\t\t\t\t\t\t<\/a>\n\t\t\t\t\t\t\t<a class=\"e-gallery-item elementor-gallery-item elementor-animated-content\" href=\"https:\/\/cactustour.com\/cactustour\/wp-content\/uploads\/2024\/09\/2017-Incentivo-Cactus-131.jpg\" data-elementor-open-lightbox=\"yes\" data-elementor-lightbox-slideshow=\"d1417cb\" data-elementor-lightbox-title=\"2017 Incentivo Cactus (131)\" data-e-action-hash=\"#elementor-action%3Aaction%3Dlightbox%26settings%3DeyJpZCI6MzUyOCwidXJsIjoiaHR0cHM6XC9cL2NhY3R1c3RvdXIuY29tXC9jYWN0dXN0b3VyXC93cC1jb250ZW50XC91cGxvYWRzXC8yMDI0XC8wOVwvMjAxNy1JbmNlbnRpdm8tQ2FjdHVzLTEzMS5qcGciLCJzbGlkZXNob3ciOiJkMTQxN2NiIn0%3D\">\n\t\t\t\t\t<div class=\"e-gallery-image elementor-gallery-item__image\" data-thumbnail=\"https:\/\/cactustour.com\/cactustour\/wp-content\/uploads\/2024\/09\/2017-Incentivo-Cactus-131-300x225.jpg\" data-width=\"300\" data-height=\"225\" aria-label=\"\" role=\"img\" ><\/div>\n\t\t\t\t\t\t\t\t\t\t\t<div class=\"elementor-gallery-item__overlay\"><\/div>\n\t\t\t\t\t\t\t\t\t\t\t\t\t\t<\/a>\n\t\t\t\t\t\t\t<a class=\"e-gallery-item elementor-gallery-item elementor-animated-content\" href=\"https:\/\/cactustour.com\/cactustour\/wp-content\/uploads\/2024\/06\/P1200894.jpg\" data-elementor-open-lightbox=\"yes\" data-elementor-lightbox-slideshow=\"d1417cb\" data-elementor-lightbox-title=\"P1200894\" data-e-action-hash=\"#elementor-action%3Aaction%3Dlightbox%26settings%3DeyJpZCI6MjYyMCwidXJsIjoiaHR0cHM6XC9cL2NhY3R1c3RvdXIuY29tXC9jYWN0dXN0b3VyXC93cC1jb250ZW50XC91cGxvYWRzXC8yMDI0XC8wNlwvUDEyMDA4OTQuanBnIiwic2xpZGVzaG93IjoiZDE0MTdjYiJ9\">\n\t\t\t\t\t<div class=\"e-gallery-image elementor-gallery-item__image\" data-thumbnail=\"https:\/\/cactustour.com\/cactustour\/wp-content\/uploads\/2024\/06\/P1200894-300x225.jpg\" data-width=\"300\" data-height=\"225\" aria-label=\"\" role=\"img\" ><\/div>\n\t\t\t\t\t\t\t\t\t\t\t<div class=\"elementor-gallery-item__overlay\"><\/div>\n\t\t\t\t\t\t\t\t\t\t\t\t\t\t<\/a>\n\t\t\t\t\t\t\t<a class=\"e-gallery-item elementor-gallery-item elementor-animated-content\" href=\"https:\/\/cactustour.com\/cactustour\/wp-content\/uploads\/2024\/06\/enfants-nica-Grand.jpg\" data-elementor-open-lightbox=\"yes\" data-elementor-lightbox-slideshow=\"d1417cb\" data-elementor-lightbox-title=\"enfants nica (Grand)\" data-e-action-hash=\"#elementor-action%3Aaction%3Dlightbox%26settings%3DeyJpZCI6MjUwMSwidXJsIjoiaHR0cHM6XC9cL2NhY3R1c3RvdXIuY29tXC9jYWN0dXN0b3VyXC93cC1jb250ZW50XC91cGxvYWRzXC8yMDI0XC8wNlwvZW5mYW50cy1uaWNhLUdyYW5kLmpwZyIsInNsaWRlc2hvdyI6ImQxNDE3Y2IifQ%3D%3D\">\n\t\t\t\t\t<div class=\"e-gallery-image elementor-gallery-item__image\" data-thumbnail=\"https:\/\/cactustour.com\/cactustour\/wp-content\/uploads\/2024\/06\/enfants-nica-Grand-225x300.jpg\" data-width=\"225\" data-height=\"300\" aria-label=\"\" role=\"img\" ><\/div>\n\t\t\t\t\t\t\t\t\t\t\t<div class=\"elementor-gallery-item__overlay\"><\/div>\n\t\t\t\t\t\t\t\t\t\t\t\t\t\t<\/a>\n\t\t\t\t\t\t\t<a class=\"e-gallery-item elementor-gallery-item elementor-animated-content\" href=\"https:\/\/cactustour.com\/cactustour\/wp-content\/uploads\/2024\/02\/people-leo-mangrove.jpg\" data-elementor-open-lightbox=\"yes\" data-elementor-lightbox-slideshow=\"d1417cb\" data-elementor-lightbox-title=\"people leo mangrove\" data-e-action-hash=\"#elementor-action%3Aaction%3Dlightbox%26settings%3DeyJpZCI6MTk4MSwidXJsIjoiaHR0cHM6XC9cL2NhY3R1c3RvdXIuY29tXC9jYWN0dXN0b3VyXC93cC1jb250ZW50XC91cGxvYWRzXC8yMDI0XC8wMlwvcGVvcGxlLWxlby1tYW5ncm92ZS5qcGciLCJzbGlkZXNob3ciOiJkMTQxN2NiIn0%3D\">\n\t\t\t\t\t<div class=\"e-gallery-image elementor-gallery-item__image\" data-thumbnail=\"https:\/\/cactustour.com\/cactustour\/wp-content\/uploads\/2024\/02\/people-leo-mangrove-225x300.jpg\" data-width=\"225\" data-height=\"300\" aria-label=\"\" role=\"img\" ><\/div>\n\t\t\t\t\t\t\t\t\t\t\t<div class=\"elementor-gallery-item__overlay\"><\/div>\n\t\t\t\t\t\t\t\t\t\t\t\t\t\t<\/a>\n\t\t\t\t\t\t\t<a class=\"e-gallery-item elementor-gallery-item elementor-animated-content\" href=\"https:\/\/cactustour.com\/cactustour\/wp-content\/uploads\/2024\/02\/Nathan-GrenouilleJaguarrescue.jpg\" data-elementor-open-lightbox=\"yes\" data-elementor-lightbox-slideshow=\"d1417cb\" data-elementor-lightbox-title=\"Nathan GrenouilleJaguarrescue\" data-e-action-hash=\"#elementor-action%3Aaction%3Dlightbox%26settings%3DeyJpZCI6MTk1NiwidXJsIjoiaHR0cHM6XC9cL2NhY3R1c3RvdXIuY29tXC9jYWN0dXN0b3VyXC93cC1jb250ZW50XC91cGxvYWRzXC8yMDI0XC8wMlwvTmF0aGFuLUdyZW5vdWlsbGVKYWd1YXJyZXNjdWUuanBnIiwic2xpZGVzaG93IjoiZDE0MTdjYiJ9\">\n\t\t\t\t\t<div class=\"e-gallery-image elementor-gallery-item__image\" data-thumbnail=\"https:\/\/cactustour.com\/cactustour\/wp-content\/uploads\/2024\/02\/Nathan-GrenouilleJaguarrescue-225x300.jpg\" data-width=\"225\" data-height=\"300\" aria-label=\"\" role=\"img\" ><\/div>\n\t\t\t\t\t\t\t\t\t\t\t<div class=\"elementor-gallery-item__overlay\"><\/div>\n\t\t\t\t\t\t\t\t\t\t\t\t\t\t<\/a>\n\t\t\t\t\t\t\t<a class=\"e-gallery-item elementor-gallery-item elementor-animated-content\" href=\"https:\/\/cactustour.com\/cactustour\/wp-content\/uploads\/2024\/02\/Curu-Famille-singe2.jpg\" data-elementor-open-lightbox=\"yes\" data-elementor-lightbox-slideshow=\"d1417cb\" data-elementor-lightbox-title=\"Cur\u00fa Famille singe2\" data-e-action-hash=\"#elementor-action%3Aaction%3Dlightbox%26settings%3DeyJpZCI6MTkxNywidXJsIjoiaHR0cHM6XC9cL2NhY3R1c3RvdXIuY29tXC9jYWN0dXN0b3VyXC93cC1jb250ZW50XC91cGxvYWRzXC8yMDI0XC8wMlwvQ3VydS1GYW1pbGxlLXNpbmdlMi5qcGciLCJzbGlkZXNob3ciOiJkMTQxN2NiIn0%3D\">\n\t\t\t\t\t<div class=\"e-gallery-image elementor-gallery-item__image\" data-thumbnail=\"https:\/\/cactustour.com\/cactustour\/wp-content\/uploads\/2024\/02\/Curu-Famille-singe2-300x225.jpg\" data-width=\"300\" data-height=\"225\" aria-label=\"\" role=\"img\" ><\/div>\n\t\t\t\t\t\t\t\t\t\t\t<div class=\"elementor-gallery-item__overlay\"><\/div>\n\t\t\t\t\t\t\t\t\t\t\t\t\t\t<\/a>\n\t\t\t\t\t<\/div>\n\t\t\t\t\t<\/div>\n\t\t\t\t<\/div>\n\t\t\t\t\t<\/div>\n\t\t\t\t<\/div>\n\t\t\t\t<\/div>\n\t\t","protected":false},"excerpt":{"rendered":"<p>CERTIFICACI\u00d3N TURISMO SOSTENIBLE Para avanzar con un turismo responsable CactusTour est\u00e1 certificada en turismo sostenible desde 2009. El CST (Certificaci\u00f3n de Sostenibilidad Tur\u00edstica) es la certificaci\u00f3n implementada por el ICT (Instituto Costarricense de Turismo). La certificaci\u00f3n se renueva cada 2 a\u00f1os y nos permite medir y evaluar nuestras pol\u00edticas y acciones en t\u00e9rminos de gesti\u00f3n [&hellip;]<\/p>\n","protected":false},"author":1,"featured_media":0,"parent":0,"menu_order":0,"comment_status":"closed","ping_status":"closed","template":"","meta":{"site-sidebar-layout":"no-sidebar","site-content-layout":"page-builder","ast-site-content-layout":"full-width-container","site-content-style":"default","site-sidebar-style":"default","ast-global-header-display":"","ast-banner-title-visibility":"","ast-main-header-display":"","ast-hfb-above-header-display":"","ast-hfb-below-header-display":"","ast-hfb-mobile-header-display":"","site-post-title":"disabled","ast-breadcrumbs-content":"","ast-featured-img":"disabled","footer-sml-layout":"","ast-disable-related-posts":"","theme-transparent-header-meta":"","adv-header-id-meta":"","stick-header-meta":"","header-above-stick-meta":"","header-main-stick-meta":"","header-below-stick-meta":"","astra-migrate-meta-layouts":"set","ast-page-background-enabled":"default","ast-page-background-meta":{"desktop":{"background-color":"","background-image":"","background-repeat":"repeat","background-position":"center center","background-size":"auto","background-attachment":"scroll","background-type":"","background-media":"","overlay-type":"","overlay-color":"","overlay-opacity":"","overlay-gradient":""},"tablet":{"background-color":"","background-image":"","background-repeat":"repeat","background-position":"center center","background-size":"auto","background-attachment":"scroll","background-type":"","background-media":"","overlay-type":"","overlay-color":"","overlay-opacity":"","overlay-gradient":""},"mobile":{"background-color":"","background-image":"","background-repeat":"repeat","background-position":"center center","background-size":"auto","background-attachment":"scroll","background-type":"","background-media":"","overlay-type":"","overlay-color":"","overlay-opacity":"","overlay-gradient":""}},"ast-content-background-meta":{"desktop":{"background-color":"var(--ast-global-color-5)","background-image":"","background-repeat":"repeat","background-position":"center center","background-size":"auto","background-attachment":"scroll","background-type":"","background-media":"","overlay-type":"","overlay-color":"","overlay-opacity":"","overlay-gradient":""},"tablet":{"background-color":"var(--ast-global-color-5)","background-image":"","background-repeat":"repeat","background-position":"center center","background-size":"auto","background-attachment":"scroll","background-type":"","background-media":"","overlay-type":"","overlay-color":"","overlay-opacity":"","overlay-gradient":""},"mobile":{"background-color":"var(--ast-global-color-5)","background-image":"","background-repeat":"repeat","background-position":"center center","background-size":"auto","background-attachment":"scroll","background-type":"","background-media":"","overlay-type":"","overlay-color":"","overlay-opacity":"","overlay-gradient":""}},"footnotes":""},"folder":[65],"class_list":["post-3642","page","type-page","status-publish","hentry"],"_links":{"self":[{"href":"https:\/\/cactustour.com\/cactustour\/wp-json\/wp\/v2\/pages\/3642","targetHints":{"allow":["GET"]}}],"collection":[{"href":"https:\/\/cactustour.com\/cactustour\/wp-json\/wp\/v2\/pages"}],"about":[{"href":"https:\/\/cactustour.com\/cactustour\/wp-json\/wp\/v2\/types\/page"}],"author":[{"embeddable":true,"href":"https:\/\/cactustour.com\/cactustour\/wp-json\/wp\/v2\/users\/1"}],"replies":[{"embeddable":true,"href":"https:\/\/cactustour.com\/cactustour\/wp-json\/wp\/v2\/comments?post=3642"}],"version-history":[{"count":5,"href":"https:\/\/cactustour.com\/cactustour\/wp-json\/wp\/v2\/pages\/3642\/revisions"}],"predecessor-version":[{"id":3806,"href":"https:\/\/cactustour.com\/cactustour\/wp-json\/wp\/v2\/pages\/3642\/revisions\/3806"}],"wp:attachment":[{"href":"https:\/\/cactustour.com\/cactustour\/wp-json\/wp\/v2\/media?parent=3642"}],"wp:term":[{"taxonomy":"folder","embeddable":true,"href":"https:\/\/cactustour.com\/cactustour\/wp-json\/wp\/v2\/folder?post=3642"}],"curies":[{"name":"wp","href":"https:\/\/api.w.org\/{rel}","templated":true}]}}